{"id":601,"date":"2022-08-31T20:49:15","date_gmt":"2022-08-31T23:49:15","guid":{"rendered":"https:\/\/sociedadesdigitales.org\/web\/?page_id=601"},"modified":"2024-04-15T23:36:55","modified_gmt":"2024-04-16T02:36:55","slug":"foro-22","status":"publish","type":"page","link":"https:\/\/sociedadesdigitales.org\/web\/foro-22\/","title":{"rendered":"SD22 | \u00bfQu\u00e9 mundo digital necesita la humanidad?"},"content":{"rendered":"<div class=\"wpb-content-wrapper\"><p>[vc_row text_color=\u00bb#ffffff\u00bb type=\u00bbimage\u00bb bg_color=\u00bb#000000&#8243; bg_attachment=\u00bbtrue\u00bb padding_top=\u00bb\u00bb padding_bottom=\u00bb\u00bb visibility=\u00bbvisible-xs,visible-sm,visible-md,visible-lg,visible-xlg\u00bb][vc_column][vc_video link=\u00bbhttps:\/\/youtu.be\/JzOMP4PWNpI\u00bb align=\u00bbcenter\u00bb][\/vc_column][\/vc_row][vc_row text_color=\u00bb#ffffff\u00bb type=\u00bbimage\u00bb bg_color=\u00bb#000000&#8243; bg_attachment=\u00bbtrue\u00bb column_gap=\u00bbno\u00bb padding_top=\u00bb10&#8243; padding_bottom=\u00bb0&#8243; visibility=\u00bbvisible-xs,visible-sm,visible-md,visible-lg,visible-xlg\u00bb][vc_column][vc_column_text css=\u00bb.vc_custom_1713234340693{padding-top: 10px !important;padding-right: 10px !important;padding-bottom: 2px !important;padding-left: 10px !important;}\u00bb]El Foro de Sociedades Digitales se realiz\u00f3 por primera vez en un metaverso el s\u00e1bado 5 de noviembre de 2022. El evento convoc\u00f3 a diferentes especialistas, acad\u00e9micos y funcionarios para reflexionar sobre qu\u00e9 futuro digital necesita la humanidad. Adem\u00e1s, uno de los objetivos principales fue traspasar las barreras territoriales y garantizar el acceso a la mayor cantidad de personas sin barreras tecnol\u00f3gicas. Por ese motivo se desarroll\u00f3 en una plataforma accesible desde distintos tipos de dispositivos, ya sean m\u00f3viles o de escritorio, corriendo en sistemas operativos como Windows, Android e iOS, con una conexi\u00f3n a internet standard y sin la necesidad de gadgets costosos. De esa manera se privilegi\u00f3 la democratizaci\u00f3n al acceso de tecnolog\u00edas que reci\u00e9n est\u00e1n viendo la luz a nivel mundial.<\/p>\n<p>El evento dur\u00f3 m\u00e1s de ocho horas y participaron 876 personas a lo largo de la jornada. Las palabras de bienvenida estuvieron a cargo del presidente de la fundaci\u00f3n, Sebasti\u00e1n Lorenzo; su directora ejecutiva, Camila Chirino; la diputada nacional Carolina Moises, y Javier \u00abel profe\u00bb Romero.<\/p>\n<p>Luego, el SD22 se dividi\u00f3 en tres grandes ejes a lo largo del d\u00eda. En el primero se presentaron las distintas herramientas tecnol\u00f3gicas; en el segundo, el impacto esas distintas tecnolog\u00edas en nuestras sociedades, y en el cierre contamos con las reflexiones de funcionarios y analistas que brindaron la mirada pol\u00edtica.[\/vc_column_text][\/vc_column][\/vc_row][vc_row text_color=\u00bb#ffffff\u00bb type=\u00bbimage\u00bb bg_color=\u00bb#000000&#8243; bg_attachment=\u00bbtrue\u00bb padding_top=\u00bb\u00bb padding_bottom=\u00bb\u00bb visibility=\u00bbvisible-xs,visible-sm,visible-md,visible-lg,visible-xlg\u00bb][vc_column][vc_single_image image=\u00bb1320&#8243; img_size=\u00bblarge\u00bb alignment=\u00bbcenter\u00bb onclick=\u00bblink_image\u00bb][vc_column_text]<\/p>\n<h1 id=\"Apertura\" style=\"text-align: left;\">Conociendo las herramientas<\/h1>\n<p style=\"text-align: left;\">Durante la ma\u00f1ana, las charlas se enfocaron en las herramientas tecnol\u00f3gicas. Osvaldo Nemirovsci abord\u00f3 la conectividad 5G; Cecilia Danesi, inteligencia artificial; Pablo D\u00edaz, rob\u00f3tica; Luis Papagni, blockchain; Grace Moises, Realidad aumentada; Daniel Bordon y Mart\u00edn Goro, metaversos.<\/p>\n<p>[\/vc_column_text][\/vc_column][\/vc_row][vc_row text_color=\u00bb#ffffff\u00bb type=\u00bbimage\u00bb bg_color=\u00bb#000000&#8243; bg_attachment=\u00bbtrue\u00bb padding_top=\u00bb\u00bb padding_bottom=\u00bb\u00bb visibility=\u00bbvisible-xs,visible-sm,visible-md,visible-lg,visible-xlg\u00bb][vc_column][vc_single_image image=\u00bb1322&#8243; img_size=\u00bblarge\u00bb alignment=\u00bbcenter\u00bb onclick=\u00bblink_image\u00bb][vc_column_text]<\/p>\n<h1 id=\"Apertura\" style=\"text-align: left;\">El impacto social<\/h1>\n<p style=\"text-align: left;\">En la segunda parte, el an\u00e1lisis abord\u00f3 los impactos que tendr\u00e1n esas tecnolog\u00edas en el desarrollo habitual de las sociedades. Sebasti\u00e1n Lorenzo anticip\u00f3 el futuro de nuestros hogares; Rosa Jim\u00e9nez Cano, el de los medios de comunicaci\u00f3n; Alejandro Iparraguirre, el de videojuegos; Iv\u00e1n Tello, dinero digital; Fernando Peirano, PyMEs; Alejandro Prince, deliveries; Pablo Aristizabal, educaci\u00f3n; Ariel Vercelli, regulaciones; C\u00e9sar Ramos, legislaci\u00f3n; Luc\u00eda Velasco, algoritmos; Olga Cavalli, ciberseguridad, y Osvaldo Pitrau, sobre el problema de la energ\u00eda.<\/p>\n<p>[\/vc_column_text][\/vc_column][\/vc_row][vc_row text_color=\u00bb#ffffff\u00bb type=\u00bbimage\u00bb bg_color=\u00bb#000000&#8243; bg_attachment=\u00bbtrue\u00bb padding_top=\u00bb\u00bb padding_bottom=\u00bb\u00bb visibility=\u00bbvisible-xs,visible-sm,visible-md,visible-lg,visible-xlg\u00bb][vc_column][vc_column_text css=\u00bb.vc_custom_1713234482788{background-color: #000000 !important;}\u00bb]<\/p>\n<h1 id=\"Apertura\" style=\"text-align: center;\"><a href=\"https:\/\/sociedadesdigitales.org\/web\/expositores-sd22\/\">Conoc\u00e9 a los expositores del SD22<\/a><\/h1>\n<h3 style=\"text-align: center;\"><\/h3>\n<p>[\/vc_column_text][\/vc_column][\/vc_row][vc_row text_color=\u00bb#ffffff\u00bb type=\u00bbimage\u00bb bg_color=\u00bb#000000&#8243; bg_attachment=\u00bbtrue\u00bb padding_top=\u00bb\u00bb padding_bottom=\u00bb\u00bb visibility=\u00bbvisible-xs,visible-sm,visible-md,visible-lg,visible-xlg\u00bb][vc_column][vc_single_image image=\u00bb1311&#8243; img_size=\u00bbfull\u00bb alignment=\u00bbcenter\u00bb onclick=\u00bblink_image\u00bb][vc_column_text]<\/p>\n<h1 id=\"Apertura\" style=\"text-align: left;\">El futuro digital tambi\u00e9n es pol\u00edtico<\/h1>\n<p style=\"text-align: left;\">La parte final del evento cont\u00f3 con las reflexiones de Max Delupi, Lucrecia Cardoso, Rosaura Audi, Javier Noguera, Cecilia Danesi, y la participaci\u00f3n especial de Teresa Parodi, quien se convirti\u00f3 en la primera artista en cantar en un metaverso.<\/p>\n<p>[\/vc_column_text][\/vc_column][\/vc_row][vc_row text_color=\u00bb#ffffff\u00bb type=\u00bbimage\u00bb bg_color=\u00bb#000000&#8243; bg_attachment=\u00bbtrue\u00bb padding_top=\u00bb\u00bb padding_bottom=\u00bb\u00bb visibility=\u00bbvisible-xs,visible-sm,visible-md,visible-lg,visible-xlg\u00bb][vc_column][vc_single_image image=\u00bb1299&#8243; img_size=\u00bblarge\u00bb alignment=\u00bbcenter\u00bb onclick=\u00bblink_image\u00bb][vc_column_text]<\/p>\n<h1 id=\"Sponsors\" style=\"text-align: center;\"><a href=\"#Sponsors\"><strong>Nos acompa\u00f1aron<\/strong><\/a><\/h1>\n<p>[\/vc_column_text][\/vc_column][\/vc_row][vc_row text_color=\u00bb#ffffff\u00bb type=\u00bbimage\u00bb bg_color=\u00bb#000000&#8243; bg_attachment=\u00bbtrue\u00bb visibility=\u00bbvisible-xs,visible-sm,visible-md,visible-lg,visible-xlg\u00bb][vc_column width=\u00bb1\/3&#8243;][vc_single_image image=\u00bb1149&#8243; img_size=\u00bbmedium\u00bb alignment=\u00bbcenter\u00bb onclick=\u00bbcustom_link\u00bb link=\u00bbhttps:\/\/evm.net\/\u00bb][\/vc_column][vc_column width=\u00bb1\/3&#8243;][vc_single_image image=\u00bb821&#8243; img_size=\u00bbmedium\u00bb alignment=\u00bbcenter\u00bb][\/vc_column][vc_column width=\u00bb1\/3&#8243;][vc_single_image image=\u00bb1150&#8243; img_size=\u00bbmedium\u00bb alignment=\u00bbcenter\u00bb onclick=\u00bbcustom_link\u00bb link=\u00bbhttps:\/\/fundacionfindel.org\/\u00bb][\/vc_column][\/vc_row][vc_row text_color=\u00bb#ffffff\u00bb type=\u00bbimage\u00bb bg_color=\u00bb#000000&#8243; bg_attachment=\u00bbtrue\u00bb visibility=\u00bbvisible-xs,visible-sm,visible-md,visible-lg,visible-xlg\u00bb][vc_column width=\u00bb1\/3&#8243;][vc_single_image image=\u00bb1151&#8243; img_size=\u00bbmedium\u00bb alignment=\u00bbcenter\u00bb onclick=\u00bbcustom_link\u00bb link=\u00bbhttps:\/\/www.gylgroup.com\/\u00bb][\/vc_column][vc_column width=\u00bb1\/3&#8243;][vc_single_image image=\u00bb1205&#8243; img_size=\u00bbmedium\u00bb alignment=\u00bbcenter\u00bb onclick=\u00bbcustom_link\u00bb link=\u00bbhttps:\/\/www.datastar.com.ar\/\u00bb][\/vc_column][vc_column width=\u00bb1\/3&#8243;][vc_single_image image=\u00bb1153&#8243; img_size=\u00bbmedium\u00bb alignment=\u00bbcenter\u00bb onclick=\u00bbcustom_link\u00bb link=\u00bbhttps:\/\/epidata.net\/\u00bb][\/vc_column][\/vc_row][vc_row text_color=\u00bb#ffffff\u00bb type=\u00bbimage\u00bb bg_color=\u00bb#000000&#8243; bg_attachment=\u00bbtrue\u00bb visibility=\u00bbvisible-xs,visible-sm,visible-md,visible-lg,visible-xlg\u00bb][vc_column width=\u00bb1\/3&#8243;][vc_single_image image=\u00bb1156&#8243; img_size=\u00bbmedium\u00bb alignment=\u00bbcenter\u00bb onclick=\u00bbcustom_link\u00bb link=\u00bbhttps:\/\/www.argentina.gob.ar\/ciencia\u00bb][\/vc_column][vc_column width=\u00bb1\/3&#8243;][vc_single_image image=\u00bb1157&#8243; img_size=\u00bbmedium\u00bb alignment=\u00bbcenter\u00bb onclick=\u00bbcustom_link\u00bb link=\u00bbhttps:\/\/www.argentina.gob.ar\/cultura\u00bb][\/vc_column][vc_column width=\u00bb1\/3&#8243;][vc_single_image image=\u00bb1267&#8243; img_size=\u00bbmedium\u00bb alignment=\u00bbcenter\u00bb onclick=\u00bbcustom_link\u00bb link=\u00bbhttps:\/\/www.argentina.gob.ar\/jefatura\/mediosycomunicacion\u00bb][\/vc_column][\/vc_row][vc_row text_color=\u00bb#ffffff\u00bb type=\u00bbimage\u00bb bg_color=\u00bb#000000&#8243; bg_attachment=\u00bbtrue\u00bb visibility=\u00bbvisible-xs,visible-sm,visible-md,visible-lg,visible-xlg\u00bb][vc_column width=\u00bb1\/3&#8243;][vc_single_image image=\u00bb1214&#8243; img_size=\u00bblarge\u00bb alignment=\u00bbcenter\u00bb onclick=\u00bbcustom_link\u00bb link=\u00bbhttps:\/\/www.psoe.es\/congreso\/nuestra-actividad\/\u00bb][\/vc_column][vc_column width=\u00bb1\/3&#8243;][vc_single_image image=\u00bb1192&#8243; img_size=\u00bbmedium\u00bb alignment=\u00bbcenter\u00bb onclick=\u00bbcustom_link\u00bb link=\u00bbhttps:\/\/www.tadevel.com\/\u00bb][\/vc_column][vc_column width=\u00bb1\/3&#8243;][vc_single_image image=\u00bb1224&#8243; img_size=\u00bbmedium\u00bb onclick=\u00bbcustom_link\u00bb link=\u00bbhttps:\/\/www.infosis.com.ar\/\u00bb][\/vc_column][\/vc_row][vc_row text_color=\u00bb#ffffff\u00bb type=\u00bbimage\u00bb bg_color=\u00bb#000000&#8243; bg_attachment=\u00bbtrue\u00bb visibility=\u00bbvisible-xs,visible-sm,visible-md,visible-lg,visible-xlg\u00bb][vc_column width=\u00bb1\/3&#8243;][vc_single_image image=\u00bb1259&#8243; img_size=\u00bblarge\u00bb alignment=\u00bbcenter\u00bb onclick=\u00bbcustom_link\u00bb link=\u00bbhttps:\/\/bgh.com.ar\/\u00bb][\/vc_column][vc_column width=\u00bb1\/3&#8243;][vc_single_image image=\u00bb1241&#8243; img_size=\u00bblarge\u00bb onclick=\u00bbcustom_link\u00bb link=\u00bbhttps:\/\/www.smartcity.com.ar\/home.htm\u00bb][\/vc_column][vc_column width=\u00bb1\/3&#8243;][vc_single_image image=\u00bb1260&#8243; img_size=\u00bblarge\u00bb onclick=\u00bbcustom_link\u00bb link=\u00bbhttps:\/\/www.grupodatco.com\/productos-servicios\/\u00bb][\/vc_column][\/vc_row][vc_row text_color=\u00bb#ffffff\u00bb type=\u00bbimage\u00bb bg_color=\u00bb#000000&#8243; bg_attachment=\u00bbtrue\u00bb visibility=\u00bbvisible-xs,visible-sm,visible-md,visible-lg,visible-xlg\u00bb][vc_column width=\u00bb1\/3&#8243;][vc_single_image image=\u00bb1158&#8243; img_size=\u00bbmedium\u00bb alignment=\u00bbcenter\u00bb onclick=\u00bbcustom_link\u00bb link=\u00bbhttps:\/\/mica.gob.ar\/inicio\u00bb][\/vc_column][vc_column width=\u00bb1\/3&#8243;][\/vc_column][vc_column width=\u00bb1\/3&#8243;][\/vc_column][\/vc_row]<\/p>\n<\/div>","protected":false},"excerpt":{"rendered":"<p>[vc_row text_color=\u00bb#ffffff\u00bb type=\u00bbimage\u00bb bg_color=\u00bb#000000&#8243; bg_attachment=\u00bbtrue\u00bb padding_top=\u00bb\u00bb padding_bottom=\u00bb\u00bb visibility=\u00bbvisible-xs,visible-sm,visible-md,visible-lg,visible-xlg\u00bb][vc_column][vc_video link=\u00bbhttps:\/\/youtu.be\/JzOMP4PWNpI\u00bb align=\u00bbcenter\u00bb][\/vc_column][\/vc_row][vc_row text_color=\u00bb#ffffff\u00bb type=\u00bbimage\u00bb bg_color=\u00bb#000000&#8243; bg_attachment=\u00bbtrue\u00bb column_gap=\u00bbno\u00bb padding_top=\u00bb10&#8243; padding_bottom=\u00bb0&#8243; visibility=\u00bbvisible-xs,visible-sm,visible-md,visible-lg,visible-xlg\u00bb][vc_column][vc_column_text css=\u00bb.vc_custom_1713234340693{padding-top: 10px !important;padding-right: 10px !important;padding-bottom: 2px !important;padding-left: 10px !important;}\u00bb]El Foro de Sociedades Digitales se realiz\u00f3 por primera vez en un metaverso el s\u00e1bado 5 de noviembre de 2022. El evento convoc\u00f3 a diferentes especialistas, acad\u00e9micos y funcionarios para reflexionar sobre qu\u00e9 futuro [&hellip;]<\/p>\n","protected":false},"author":1,"featured_media":0,"parent":0,"menu_order":0,"comment_status":"closed","ping_status":"closed","template":"","meta":{"_uag_custom_page_level_css":"","_monsterinsights_skip_tracking":false,"_monsterinsights_sitenote_active":false,"_monsterinsights_sitenote_note":"","_monsterinsights_sitenote_category":0,"footnotes":""},"class_list":["post-601","page","type-page","status-publish","hentry"],"aioseo_notices":[],"uagb_featured_image_src":{"full":false,"thumbnail":false,"medium":false,"medium_large":false,"large":false,"1536x1536":false,"2048x2048":false,"post-thumbnail":false,"kleo-full-width":false,"kleo-post-gallery":false,"kleo-post-grid":false,"kleo-post-small-thumb":false},"uagb_author_info":{"display_name":"Sociedades Digitales","author_link":"https:\/\/sociedadesdigitales.org\/web\/author\/sociedades-digitales\/"},"uagb_comment_info":0,"uagb_excerpt":"[vc_row text_color=\u00bb#ffffff\u00bb type=\u00bbimage\u00bb bg_color=\u00bb#000000&#8243; bg_attachment=\u00bbtrue\u00bb padding_top=\u00bb\u00bb padding_bottom=\u00bb\u00bb visibility=\u00bbvisible-xs,visible-sm,visible-md,visible-lg,visible-xlg\u00bb][vc_column][vc_video link=\u00bbhttps:\/\/youtu.be\/JzOMP4PWNpI\u00bb align=\u00bbcenter\u00bb][\/vc_column][\/vc_row][vc_row text_color=\u00bb#ffffff\u00bb type=\u00bbimage\u00bb bg_color=\u00bb#000000&#8243; bg_attachment=\u00bbtrue\u00bb column_gap=\u00bbno\u00bb padding_top=\u00bb10&#8243; padding_bottom=\u00bb0&#8243; visibility=\u00bbvisible-xs,visible-sm,visible-md,visible-lg,visible-xlg\u00bb][vc_column][vc_column_text css=\u00bb.vc_custom_1713234340693{padding-top: 10px !important;padding-right: 10px !important;padding-bottom: 2px !important;padding-left: 10px !important;}\u00bb]El Foro de Sociedades Digitales se realiz\u00f3 por primera vez en un metaverso el s\u00e1bado 5 de noviembre de 2022. El evento convoc\u00f3 a diferentes especialistas, acad\u00e9micos y funcionarios&hellip;","_links":{"self":[{"href":"https:\/\/sociedadesdigitales.org\/web\/wp-json\/wp\/v2\/pages\/601","targetHints":{"allow":["GET"]}}],"collection":[{"href":"https:\/\/sociedadesdigitales.org\/web\/wp-json\/wp\/v2\/pages"}],"about":[{"href":"https:\/\/sociedadesdigitales.org\/web\/wp-json\/wp\/v2\/types\/page"}],"author":[{"embeddable":true,"href":"https:\/\/sociedadesdigitales.org\/web\/wp-json\/wp\/v2\/users\/1"}],"replies":[{"embeddable":true,"href":"https:\/\/sociedadesdigitales.org\/web\/wp-json\/wp\/v2\/comments?post=601"}],"version-history":[{"count":2,"href":"https:\/\/sociedadesdigitales.org\/web\/wp-json\/wp\/v2\/pages\/601\/revisions"}],"predecessor-version":[{"id":2069,"href":"https:\/\/sociedadesdigitales.org\/web\/wp-json\/wp\/v2\/pages\/601\/revisions\/2069"}],"wp:attachment":[{"href":"https:\/\/sociedadesdigitales.org\/web\/wp-json\/wp\/v2\/media?parent=601"}],"curies":[{"name":"wp","href":"https:\/\/api.w.org\/{rel}","templated":true}]}}