{"id":30,"date":"2022-02-23T11:29:33","date_gmt":"2022-02-23T11:29:33","guid":{"rendered":"https:\/\/sociedadesdigitales.org\/web\/?page_id=30"},"modified":"2025-05-13T16:19:33","modified_gmt":"2025-05-13T19:19:33","slug":"eventos","status":"publish","type":"page","link":"https:\/\/sociedadesdigitales.org\/web\/eventos\/","title":{"rendered":"Nuestros eventos principales"},"content":{"rendered":"<div class=\"wpb-content-wrapper\"><p>[vc_row content_placement=\u00bbmiddle\u00bb text_color=\u00bb#ffffff\u00bb type=\u00bbcolor\u00bb bg_color=\u00bb#000000&#8243; padding_top=\u00bb\u00bb padding_bottom=\u00bb\u00bb][vc_column width=\u00bb1\/2&#8243;][vc_column_text css=\u00bb.vc_custom_1747163721072{padding-top: 40px !important;padding-right: 40px !important;padding-bottom: 40px !important;padding-left: 40px !important;background-color: rgba(0,0,0,0.2) !important;*background-color: rgb(0,0,0) !important;}\u00bb]<\/p>\r\n<h1>\u00bfCu\u00e1ndo nos gobernar\u00e1n los algoritmos?<\/h1>\r\n<p>En 2022, junto al Grupo Parlamentario Socialista, organizamos una jornada para pensar lo digital en clave pol\u00edtica en el Congreso de los Diputados de Madrid.<\/p>\r\n<!-- \/wp:post-content --><hr \/>\r\n<p style=\"text-align: center;\"><strong>CONOC\u00c9 M\u00c1S<\/strong><\/p>\r\n<hr \/>\r\n<p>&nbsp;<\/p>\r\n<p>[\/vc_column_text][\/vc_column][vc_column width=\u00bb1\/2&#8243;][vc_single_image image=\u00bb514&#8243; img_size=\u00bbfull\u00bb onclick=\u00bbcustom_link\u00bb link=\u00bbhttps:\/\/sociedadesdigitales.org\/web\/2022\/06\/22\/cuando-nos-gobernaran-los-algortirmos\/\u00bb][\/vc_column][\/vc_row][vc_row content_placement=\u00bbmiddle\u00bb text_color=\u00bb#ffffff\u00bb type=\u00bbcolor\u00bb bg_color=\u00bb#000000&#8243; padding_top=\u00bb\u00bb padding_bottom=\u00bb\u00bb][vc_column width=\u00bb1\/2&#8243;][vc_column_text css=\u00bb.vc_custom_1747163863799{padding-top: 40px !important;padding-right: 40px !important;padding-bottom: 40px !important;padding-left: 40px !important;background-color: rgba(0,0,0,0.2) !important;*background-color: rgb(0,0,0) !important;}\u00bb]<\/p>\r\n<h1 id=\"foros-anteriores\" style=\"text-align: left;\">El Foro de Sociedades Digitales<\/h1>\r\n<p style=\"text-align: left;\">Desde su creaci\u00f3n en 2007, se ha ido consolidando como un espacio de encuentro de muchas de las mentes m\u00e1s brillantes y visionarias del mundo hispanohablante, cada una contribuyendo a la conversaci\u00f3n global sobre el avance tecnol\u00f3gico y su intersecci\u00f3n con la sociedad.<\/p>\r\n<p style=\"text-align: left;\">A lo largo de los a\u00f1os, participaron m\u00e1s de 40.000 personas, con asistentes de todos los pa\u00edses de Iberoam\u00e9rica. Ellas y ellos son el testimonio de la relevancia y el impacto de nuestra misi\u00f3n: conectar, difundir y abrir estos debates en lenguaje simple y coloquial.<\/p>\r\n<!-- \/wp:paragraph -->\r\n<p>[\/vc_column_text][\/vc_column][vc_column width=\u00bb1\/2&#8243;][vc_single_image image=\u00bb69&#8243; img_size=\u00bbfull\u00bb][\/vc_column][\/vc_row][vc_row content_placement=\u00bbmiddle\u00bb text_color=\u00bb#ffffff\u00bb type=\u00bbcolor\u00bb bg_color=\u00bb#000000&#8243; padding_top=\u00bb\u00bb padding_bottom=\u00bb\u00bb][vc_column][vc_column_text css=\u00bb.vc_custom_1713233057847{padding-top: 40px !important;padding-right: 40px !important;padding-bottom: 40px !important;padding-left: 40px !important;background-color: rgba(0,0,0,0.2) !important;*background-color: rgb(0,0,0) !important;}\u00bb]<\/p>\r\n<h1 style=\"text-align: center;\">FOROS DESTACADOS<\/h1>\r\n<p>[\/vc_column_text][\/vc_column][\/vc_row][vc_row content_placement=\u00bbmiddle\u00bb text_color=\u00bb#ffffff\u00bb type=\u00bbimage\u00bb bg_color=\u00bb#000000&#8243; bg_position=\u00bbcenter\u00bb bg_position_horizontal=\u00bbcenter\u00bb bg_attachment=\u00bbtrue\u00bb vertical_align=\u00bbyes\u00bb padding_top=\u00bb0&#8243; padding_bottom=\u00bb0&#8243; visibility=\u00bbvisible-xs,visible-sm,visible-md,visible-lg,visible-xlg\u00bb][vc_column][\/vc_column][\/vc_row][vc_row text_color=\u00bb#ffffff\u00bb type=\u00bbcolor\u00bb bg_color=\u00bb#000000&#8243; visibility=\u00bbvisible-xs,visible-sm,visible-md,visible-lg,visible-xlg\u00bb][vc_column width=\u00bb1\/4&#8243;][vc_single_image image=\u00bb1322&#8243; img_size=\u00bbfull\u00bb alignment=\u00bbcenter\u00bb onclick=\u00bbcustom_link\u00bb animation=\u00bbanimate-when-almost-visible\u00bb css_animation=\u00bbel-appear\u00bb link=\u00bbhttps:\/\/sociedadesdigitales.org\/web\/foro-22\/\u00bb][\/vc_column][vc_column width=\u00bb3\/4&#8243;][vc_column_text animation=\u00bbanimate-when-almost-visible\u00bb css=\u00bb.vc_custom_1747163970835{padding-top: 20px !important;padding-right: 40px !important;padding-left: 40px !important;background-color: rgba(0,0,0,0.2) !important;*background-color: rgb(0,0,0) !important;}\u00bb]<\/p>\r\n<p>SD22<\/p>\r\n<p>El Foro de Sociedades Digitales se realiz\u00f3 por primera vez en un metaverso el s\u00e1bado 5 de noviembre de 2022. El evento convoc\u00f3 a diferentes especialistas, acad\u00e9micos y funcionarios para reflexionar sobre qu\u00e9 futuro digital necesita la humanidad. Adem\u00e1s, uno de los objetivos principales fue traspasar las barreras territoriales y garantizar el acceso a la mayor cantidad de personas sin barreras tecnol\u00f3gicas. Por ese motivo se desarroll\u00f3 en una plataforma accesible desde distintos tipos de dispositivos, para democratizar al acceso de tecnolog\u00edas que reci\u00e9n est\u00e1n viendo la luz a nivel mundial.<\/p>\r\n<hr \/>\r\n<p style=\"text-align: center;\"><span style=\"color: #298fc2;\"><a style=\"color: #298fc2;\" href=\"https:\/\/sociedadesdigitales.org\/web\/foro-22\/\">CONOC\u00c9 M\u00c1S<\/a><\/span><\/p>\r\n<hr \/>\r\n<p>&nbsp;<\/p>\r\n<p>[\/vc_column_text][\/vc_column][\/vc_row][vc_row text_color=\u00bb#ffffff\u00bb type=\u00bbcolor\u00bb bg_color=\u00bb#000000&#8243; visibility=\u00bbvisible-xs,visible-sm,visible-md,visible-lg,visible-xlg\u00bb][vc_column width=\u00bb1\/4&#8243;][vc_single_image image=\u00bb134&#8243; img_size=\u00bbfull\u00bb alignment=\u00bbcenter\u00bb onclick=\u00bblink_image\u00bb animation=\u00bbanimate-when-almost-visible\u00bb css_animation=\u00bbel-appear\u00bb][\/vc_column][vc_column width=\u00bb3\/4&#8243;][vc_column_text animation=\u00bbanimate-when-almost-visible\u00bb css=\u00bb.vc_custom_1713233312098{padding-top: 40px !important;padding-right: 40px !important;padding-bottom: 40px !important;padding-left: 40px !important;background-color: rgba(0,0,0,0.2) !important;*background-color: rgb(0,0,0) !important;}\u00bb]SD17<\/p>\r\n<p>En 2017 realizamos el foro junto a la Fundaci\u00f3n Internacional para el Desarrollo Local (FINDEL). Abordamos los Escenarios de Futuro en los Gobiernos Locales. A lo largo de los encuentros pudieron analizamos el funcionamiento y las formas de implementaci\u00f3n de gesti\u00f3n documental electr\u00f3nica, usos del Big Data, desarrollo de sistemas de gesti\u00f3n local, entre otros. El cierre estuvo a cargo de Julio Pereyra, Mart\u00edn Insaurralde, Daniel Cravacuore, Javier Noguera y Mario Talamonti.[\/vc_column_text][\/vc_column][\/vc_row][vc_row text_color=\u00bb#ffffff\u00bb type=\u00bbcolor\u00bb bg_color=\u00bb#000000&#8243; visibility=\u00bbvisible-xs,visible-sm,visible-md,visible-lg,visible-xlg\u00bb][vc_column width=\u00bb1\/4&#8243;][vc_single_image image=\u00bb43&#8243; img_size=\u00bbfull\u00bb alignment=\u00bbcenter\u00bb onclick=\u00bblink_image\u00bb animation=\u00bbanimate-when-almost-visible\u00bb css_animation=\u00bbel-appear\u00bb][\/vc_column][vc_column width=\u00bb3\/4&#8243;][vc_column_text animation=\u00bbanimate-when-almost-visible\u00bb css=\u00bb.vc_custom_1713233379038{padding-top: 40px !important;padding-right: 40px !important;padding-bottom: 40px !important;padding-left: 40px !important;background-color: rgba(0,0,0,0.2) !important;*background-color: rgb(0,0,0) !important;}\u00bb]SD13<\/p>\r\n<p>Realizamos la edici\u00f3n 2013 en conjunto con OKKU Tecnolog\u00eda e Innovaci\u00f3n (Colombia) porque lo hicimos fuera de Argentina por primera vez. Bogot\u00e1 se constituy\u00f3 como sede atento al perfil efervescente y motivador que presenta hoy el escenario de la Cultura y las Nuevas Tecnolog\u00edas de la Informaci\u00f3n y la Comunicaci\u00f3n en esa ciudad.[\/vc_column_text][\/vc_column][\/vc_row][vc_row text_color=\u00bb#ffffff\u00bb type=\u00bbcolor\u00bb bg_color=\u00bb#000000&#8243; visibility=\u00bbvisible-xs,visible-sm,visible-md,visible-lg,visible-xlg\u00bb][vc_column width=\u00bb1\/4&#8243;][vc_single_image image=\u00bb45&#8243; img_size=\u00bbfull\u00bb alignment=\u00bbcenter\u00bb onclick=\u00bblink_image\u00bb animation=\u00bbanimate-when-almost-visible\u00bb css_animation=\u00bbel-appear\u00bb][\/vc_column][vc_column width=\u00bb3\/4&#8243;][vc_column_text animation=\u00bbanimate-when-almost-visible\u00bb css=\u00bb.vc_custom_1713233495631{padding-top: 40px !important;padding-right: 40px !important;padding-bottom: 40px !important;padding-left: 40px !important;background-color: rgba(0,0,0,0.2) !important;*background-color: rgb(0,0,0) !important;}\u00bb]SD12<\/p>\r\n<p>Lo realizamos en la provincia de Entre R\u00edos en noviembre de 2012. El evento cont\u00f3 con la presencia del artista Neil Harbisson, el primer cyborg reconocido como tal por un gobierno en el mundo. Como parte de la agenda del Foro se consideraron las presentaciones art\u00edsticas del programa ArteRockER (Entre R\u00edos) y del Plan Nacional de Igualdad Cultural.[\/vc_column_text][\/vc_column][\/vc_row][vc_row text_color=\u00bb#ffffff\u00bb type=\u00bbcolor\u00bb bg_color=\u00bb#000000&#8243; visibility=\u00bbvisible-xs,visible-sm,visible-md,visible-lg,visible-xlg\u00bb][vc_column width=\u00bb1\/4&#8243;][vc_single_image image=\u00bb60&#8243; img_size=\u00bbfull\u00bb alignment=\u00bbcenter\u00bb onclick=\u00bblink_image\u00bb animation=\u00bbanimate-when-almost-visible\u00bb css_animation=\u00bbel-appear\u00bb][\/vc_column][vc_column width=\u00bb3\/4&#8243;][vc_column_text animation=\u00bbanimate-when-almost-visible\u00bb css=\u00bb.vc_custom_1649995686408{padding-top: 40px !important;padding-right: 40px !important;padding-bottom: 40px !important;padding-left: 40px !important;background-color: rgba(0,0,0,0.2) !important;*background-color: rgb(0,0,0) !important;}\u00bb]SD11<\/p>\r\n<p>El 24 de noviembre de 2011 realizamos el IV Foro Internacional de Sociedades Digitales en la Canciller\u00eda Argentina. La apertura estuvo a cargo de Osvaldo Nemirovsci, coordinador general de la TV Digital, y el embajador de Espa\u00f1a en Argentina, Rafael Estrella. Convocamos a 40 panelistas que conformaron dos eventos en simult\u00e1neo. El primero trat\u00f3 la tem\u00e1tica del \u201cModelo Social de la Agenda Digital Argentina\u201d. En el segundo se llev\u00f3 a cabo un \u201cTaller de Gobierno Abierto\u201d dictado por especialistas en la materia.[\/vc_column_text][\/vc_column][\/vc_row][vc_row text_color=\u00bb#ffffff\u00bb type=\u00bbcolor\u00bb bg_color=\u00bb#000000&#8243; visibility=\u00bbvisible-xs,visible-sm,visible-md,visible-lg,visible-xlg\u00bb][vc_column width=\u00bb1\/4&#8243;][vc_single_image image=\u00bb59&#8243; img_size=\u00bbfull\u00bb alignment=\u00bbcenter\u00bb onclick=\u00bblink_image\u00bb animation=\u00bbanimate-when-almost-visible\u00bb css_animation=\u00bbel-appear\u00bb][\/vc_column][vc_column width=\u00bb3\/4&#8243;][vc_column_text animation=\u00bbanimate-when-almost-visible\u00bb css=\u00bb.vc_custom_1649995708260{padding-top: 40px !important;padding-right: 40px !important;padding-bottom: 40px !important;padding-left: 40px !important;background-color: rgba(0,0,0,0.2) !important;*background-color: rgb(0,0,0) !important;}\u00bb]SD10<\/p>\r\n<p>El 17, 18 y 19 de noviembre de 2010 realizamos en Buenos Aires la tercera edici\u00f3n del Foro de Sociedades Digitales, el evento convoc\u00f3 a referentes del sector acad\u00e9mico, pol\u00edtico y empresarial para el debate de los temas de agenda digital m\u00e1s importante de la regi\u00f3n. Como en las ediciones anteriores, tambi\u00e9n se realiz\u00f3 en el Ministerio de Relaciones Exteriores, Comercio Internacional y Culto de la Naci\u00f3n Argentina.[\/vc_column_text][\/vc_column][\/vc_row][vc_row text_color=\u00bb#ffffff\u00bb type=\u00bbcolor\u00bb bg_color=\u00bb#000000&#8243; visibility=\u00bbvisible-xs,visible-sm,visible-md,visible-lg,visible-xlg\u00bb][vc_column width=\u00bb1\/4&#8243;][vc_single_image image=\u00bb53&#8243; img_size=\u00bbfull\u00bb alignment=\u00bbcenter\u00bb onclick=\u00bblink_image\u00bb animation=\u00bbanimate-when-almost-visible\u00bb css_animation=\u00bbel-appear\u00bb][\/vc_column][vc_column width=\u00bb3\/4&#8243;][vc_column_text animation=\u00bbanimate-when-almost-visible\u00bb css=\u00bb.vc_custom_1649995720877{padding-top: 40px !important;padding-right: 40px !important;padding-bottom: 40px !important;padding-left: 40px !important;background-color: rgba(0,0,0,0.2) !important;*background-color: rgb(0,0,0) !important;}\u00bb]SD09<\/p>\r\n<p>En la segunda edici\u00f3n del Foro de Sociedades Digitales se llev\u00f3 acabo el 14 de diciembre de 2009. Las exposiciones y debates tuvieron como eje a los \u201cGobiernos de Iberoam\u00e9rica y nuevas tecnolog\u00edas digitales\u201d. La apertura estuvo a cargo de Juan Manuel Abal Medina, Secretario de Gesti\u00f3n P\u00fablica de la Jefatura de Gabinete de Ministros de la Rep\u00fablica Argentina; Rafael Estrella Pedrola, embajador de Espa\u00f1a en Argentina, y Osvaldo Nemirovsci, Coordinador Nacional del Consejo Asesor del Sistema Argentino de Televisi\u00f3n Digital Terrestre (SATVD-T). Tambi\u00e9n participaron: Mar\u00eda Gonz\u00e1lez Veracruz, diputada regional PSRM-PSOE y Secretaria de Innovaci\u00f3n y Nuevas Tecnolog\u00edas de la Comisi\u00f3n Ejecutiva Federal del PSOE, y C\u00e9sar Calder\u00f3n, Socio Director de Autoritas y coordinador LasIdeas.es.[\/vc_column_text][\/vc_column][\/vc_row][vc_row text_color=\u00bb#ffffff\u00bb type=\u00bbcolor\u00bb bg_color=\u00bb#000000&#8243; visibility=\u00bbvisible-xs,visible-sm,visible-md,visible-lg,visible-xlg\u00bb][vc_column width=\u00bb1\/4&#8243;][vc_single_image image=\u00bb55&#8243; img_size=\u00bbfull\u00bb alignment=\u00bbcenter\u00bb onclick=\u00bblink_image\u00bb animation=\u00bbanimate-when-almost-visible\u00bb css_animation=\u00bbel-appear\u00bb][\/vc_column][vc_column width=\u00bb3\/4&#8243;][vc_column_text animation=\u00bbanimate-when-almost-visible\u00bb css=\u00bb.vc_custom_1649995736651{padding-top: 40px !important;padding-right: 40px !important;padding-bottom: 40px !important;padding-left: 40px !important;background-color: rgba(0,0,0,0.2) !important;*background-color: rgb(0,0,0) !important;}\u00bb]SD08<\/p>\r\n<p>La primera edici\u00f3n del Foro de Sociedades Digitales se realiz\u00f3 en 2008 y gir\u00f3 en torno a la consigna \u201cExperiencias de \u00e9xito de la web 2.0\u201d. El evento fue realizado en el sal\u00f3n auditorio del Ministerio de Relaciones Exteriores, Comercio Internacional y Culto de la Naci\u00f3n Argentina, con el auspicio de la Secretar\u00eda de Turismo y la Secretar\u00eda de Industria de la Naci\u00f3n. El foro cont\u00f3 con la presencia de especialistas en NTIC provenientes de diversos pa\u00edses de Iberoam\u00e9rica.[\/vc_column_text][\/vc_column][\/vc_row][vc_row text_color=\u00bb#ffffff\u00bb type=\u00bbcolor\u00bb bg_color=\u00bb#000000&#8243; visibility=\u00bbvisible-xs,visible-sm,visible-md,visible-lg,visible-xlg\u00bb][vc_column width=\u00bb1\/4&#8243;][vc_single_image image=\u00bb64&#8243; img_size=\u00bbfull\u00bb alignment=\u00bbcenter\u00bb onclick=\u00bblink_image\u00bb full_width=\u00bbyes\u00bb animation=\u00bbanimate-when-almost-visible\u00bb css_animation=\u00bbel-appear\u00bb][\/vc_column][vc_column width=\u00bb3\/4&#8243;][vc_column_text animation=\u00bbanimate-when-almost-visible\u00bb css=\u00bb.vc_custom_1713325224862{padding-top: 40px !important;padding-right: 40px !important;padding-bottom: 40px !important;padding-left: 40px !important;background-color: rgba(0,0,0,0.2) !important;*background-color: rgb(0,0,0) !important;}\u00bb]<strong><em>Semana Internacional de Gobierno Abierto (SIGA)<\/em><\/strong><\/p>\r\n<p id=\"foros-anteriores\" style=\"text-align: left;\">Evento que re\u00fane a los principales funcionarios, empresarios, acad\u00e9micos y especialistas de trayectoria internacional para discutir las diferentes posibilidades de implementar estrategias efectivas de Gobierno Abierto. SIGA es un evento que cuenta con la colaboraci\u00f3n de diferentes organizaciones no gubernamentales y de la sociedad civil, as\u00ed como tambi\u00e9n de la Jefatura de Gabinete de Ministros de la Naci\u00f3n y otros organismos estatales sub-nacionales. SIGA cuenta ya con dos ediciones en su haber (2011 y 2013), las mismas tienen la particularidad de extenderse por el lapso de cinco d\u00edas en donde se dan las condiciones para llevar a cabo un abordaje te\u00f3rico y pr\u00e1ctico que ayude a comprender el concepto de Gobierno Abierto (Open Government), tomando como referencia a las principales experiencias mundiales para pensar el impacto que puede tener un fen\u00f3meno global de este tipo en los pa\u00edses de Iberoam\u00e9rica. Durante las dos ediciones que se llevaron a cabo hasta la fecha participaron personalidades tales como An\u00edbal Fern\u00e1ndez, Herv\u00e9 Fischer (Canad\u00e1), C\u00e9sar Calder\u00f3n (Espa\u00f1a), Alberto Ortiz de Z\u00e1rate Tercero (Espa\u00f1a), Corinto Meffe (Brasil), entre otros.<\/p>\r\n<p><!-- \/wp:paragraph -->\u00a0[\/vc_column_text][\/vc_column][\/vc_row][vc_row text_color=\u00bb#ffffff\u00bb type=\u00bbcolor\u00bb bg_color=\u00bb#000000&#8243; visibility=\u00bbvisible-xs,visible-sm,visible-md,visible-lg,visible-xlg\u00bb][vc_column width=\u00bb1\/4&#8243;][vc_single_image image=\u00bb65&#8243; img_size=\u00bbfull\u00bb alignment=\u00bbcenter\u00bb onclick=\u00bblink_image\u00bb full_width=\u00bbyes\u00bb animation=\u00bbanimate-when-almost-visible\u00bb css_animation=\u00bbel-appear\u00bb][\/vc_column][vc_column width=\u00bb3\/4&#8243;][vc_column_text animation=\u00bbanimate-when-almost-visible\u00bb css=\u00bb.vc_custom_1713323368125{padding-top: 40px !important;padding-right: 40px !important;padding-bottom: 40px !important;padding-left: 40px !important;background-color: rgba(0,0,0,0.2) !important;*background-color: rgb(0,0,0) !important;}\u00bb]<!-- wp:paragraph --><strong><em>Congreso de pol\u00edticas p\u00fablicas de tecnolog\u00edas educativas (CEDUTEC)<\/em><\/strong><\/p>\r\n<!-- id=\"cetudec\" \/wp:paragraph -->\r\n<p><!-- wp:paragraph -->Espacio en donde colaboramos con otras organizaciones para estimular el debate entre los actores pol\u00edticos y sociales del campo de las pol\u00edticas p\u00fablicas de TIC (Tecnolog\u00edas de la Informaci\u00f3n y la Comunicaci\u00f3n) en la educaci\u00f3n. El objetivo de CEDUTEC es reunir en un mismo espacio a todos los actores que intervienen en el campo de las pol\u00edticas p\u00fablicas de integraci\u00f3n de tecnolog\u00edas en el sistema educativo. Estimular el debate en torno a la implementaci\u00f3n de pol\u00edticas p\u00fablicas orientadas a la adopci\u00f3n y la integraci\u00f3n de las TIC en los sistemas educativos. Ofrecer un marco institucional y pol\u00edtico para la reflexi\u00f3n y consenso de los modelos de gesti\u00f3n para el \u00e9xito de los programas de inclusi\u00f3n digital educativa. Contribuir con la construcci\u00f3n de redes de actores involucrados con la Inclusi\u00f3n Digital Educativa. Propiciar una plataforma de intercambio de experiencias y socializaci\u00f3n de recursos pedag\u00f3gicos, tecnol\u00f3gicos y educativos\u201d.<\/p>\r\n<p><!-- \/wp:paragraph -->\u00a0[\/vc_column_text][\/vc_column][\/vc_row]<\/p><\/div>","protected":false},"excerpt":{"rendered":"<p>[vc_row content_placement=\u00bbmiddle\u00bb text_color=\u00bb#ffffff\u00bb type=\u00bbcolor\u00bb bg_color=\u00bb#000000&#8243; padding_top=\u00bb\u00bb padding_bottom=\u00bb\u00bb][vc_column width=\u00bb1\/2&#8243;][vc_column_text css=\u00bb.vc_custom_1747163721072{padding-top: 40px !important;padding-right: 40px !important;padding-bottom: 40px !important;padding-left: 40px !important;background-color: rgba(0,0,0,0.2) !important;*background-color: rgb(0,0,0) !important;}\u00bb] \u00bfCu\u00e1ndo nos gobernar\u00e1n los algoritmos? En 2022, junto al Grupo Parlamentario Socialista, organizamos una jornada para pensar lo digital en clave pol\u00edtica en el Congreso de los Diputados de Madrid. CONOC\u00c9 M\u00c1S &nbsp; [\/vc_column_text][\/vc_column][vc_column width=\u00bb1\/2&#8243;][vc_single_image image=\u00bb514&#8243; img_size=\u00bbfull\u00bb onclick=\u00bbcustom_link\u00bb link=\u00bbhttps:\/\/sociedadesdigitales.org\/web\/2022\/06\/22\/cuando-nos-gobernaran-los-algortirmos\/\u00bb][\/vc_column][\/vc_row][vc_row [&hellip;]<\/p>\n","protected":false},"author":1,"featured_media":0,"parent":0,"menu_order":0,"comment_status":"closed","ping_status":"closed","template":"","meta":{"_uag_custom_page_level_css":"","_monsterinsights_skip_tracking":false,"_monsterinsights_sitenote_active":false,"_monsterinsights_sitenote_note":"","_monsterinsights_sitenote_category":0,"footnotes":""},"class_list":["post-30","page","type-page","status-publish","hentry"],"aioseo_notices":[],"uagb_featured_image_src":{"full":false,"thumbnail":false,"medium":false,"medium_large":false,"large":false,"1536x1536":false,"2048x2048":false,"post-thumbnail":false,"kleo-full-width":false,"kleo-post-gallery":false,"kleo-post-grid":false,"kleo-post-small-thumb":false},"uagb_author_info":{"display_name":"Sociedades Digitales","author_link":"https:\/\/sociedadesdigitales.org\/web\/author\/sociedades-digitales\/"},"uagb_comment_info":0,"uagb_excerpt":"[vc_row content_placement=\u00bbmiddle\u00bb text_color=\u00bb#ffffff\u00bb type=\u00bbcolor\u00bb bg_color=\u00bb#000000&#8243; padding_top=\u00bb\u00bb padding_bottom=\u00bb\u00bb][vc_column width=\u00bb1\/2&#8243;][vc_column_text css=\u00bb.vc_custom_1747163721072{padding-top: 40px !important;padding-right: 40px !important;padding-bottom: 40px !important;padding-left: 40px !important;background-color: rgba(0,0,0,0.2) !important;*background-color: rgb(0,0,0) !important;}\u00bb] \u00bfCu\u00e1ndo nos gobernar\u00e1n los algoritmos? En 2022, junto al Grupo Parlamentario Socialista, organizamos una jornada para pensar lo digital en clave pol\u00edtica en el Congreso de los Diputados de Madrid. CONOC\u00c9 M\u00c1S &nbsp; [\/vc_column_text][\/vc_column][vc_column&hellip;","_links":{"self":[{"href":"https:\/\/sociedadesdigitales.org\/web\/wp-json\/wp\/v2\/pages\/30","targetHints":{"allow":["GET"]}}],"collection":[{"href":"https:\/\/sociedadesdigitales.org\/web\/wp-json\/wp\/v2\/pages"}],"about":[{"href":"https:\/\/sociedadesdigitales.org\/web\/wp-json\/wp\/v2\/types\/page"}],"author":[{"embeddable":true,"href":"https:\/\/sociedadesdigitales.org\/web\/wp-json\/wp\/v2\/users\/1"}],"replies":[{"embeddable":true,"href":"https:\/\/sociedadesdigitales.org\/web\/wp-json\/wp\/v2\/comments?post=30"}],"version-history":[{"count":19,"href":"https:\/\/sociedadesdigitales.org\/web\/wp-json\/wp\/v2\/pages\/30\/revisions"}],"predecessor-version":[{"id":2819,"href":"https:\/\/sociedadesdigitales.org\/web\/wp-json\/wp\/v2\/pages\/30\/revisions\/2819"}],"wp:attachment":[{"href":"https:\/\/sociedadesdigitales.org\/web\/wp-json\/wp\/v2\/media?parent=30"}],"curies":[{"name":"wp","href":"https:\/\/api.w.org\/{rel}","templated":true}]}}