{"id":2950,"date":"2025-06-26T13:37:02","date_gmt":"2025-06-26T16:37:02","guid":{"rendered":"https:\/\/sociedadesdigitales.org\/web\/?page_id=2950"},"modified":"2025-10-29T11:16:31","modified_gmt":"2025-10-29T14:16:31","slug":"curso-politica-y-cuantica","status":"publish","type":"page","link":"https:\/\/sociedadesdigitales.org\/web\/curso-politica-y-cuantica\/","title":{"rendered":"Nuevo curso: Computaci\u00f3n Cu\u00e1ntica y pol\u00edtica"},"content":{"rendered":"<div class=\"wpb-content-wrapper\"><p>[vc_row full_height=\u00bbyes\u00bb equal_height=\u00bbyes\u00bb content_placement=\u00bbmiddle\u00bb text_color=\u00bb#ffffff\u00bb type=\u00bbcolor\u00bb bg_color=\u00bb#000000&#8243; padding_top=\u00bb10&#8243; padding_bottom=\u00bb10&#8243; padding_left=\u00bb10&#8243; padding_right=\u00bb10&#8243; visibility=\u00bbvisible-xs,visible-sm,visible-md,visible-lg,visible-xlg\u00bb][vc_column width=\u00bb1\/2&#8243;][vc_column_text]<\/p>\n<h2 class=\"ds-markdown-paragraph\"><strong>2025: A\u00f1o Internacional de las Ciencias y Tecnolog\u00edas Cu\u00e1nticas<\/strong><\/h2>\n<p>Un siglo despu\u00e9s del surgimiento de la mec\u00e1nica cu\u00e1ntica, nos encontramos ante una revoluci\u00f3n tecnol\u00f3gica con un potencial transformador sin precedentes. En este contexto, la Fundaci\u00f3n Sociedades Digitales se suma a la <a href=\"https:\/\/quantum2025.org\/es\/\" target=\"_blank\" rel=\"noopener\">iniciativa global de la UNESCO<\/a> para promover el conocimiento y la adopci\u00f3n de las tecnolog\u00edas cu\u00e1nticas en todo el mundo.<\/p>\n<p>Esta propuesta busca acercar los fundamentos, avances y aplicaciones de la cu\u00e1ntica a un p\u00fablico diverso, impulsando la innovaci\u00f3n y preparando a la sociedad para los desaf\u00edos del futuro.[\/vc_column_text][\/vc_column][vc_column width=\u00bb1\/2&#8243;][vc_single_image image=\u00bb2947&#8243; img_size=\u00bblarge\u00bb alignment=\u00bbcenter\u00bb onclick=\u00bbcustom_link\u00bb img_link_target=\u00bb_blank\u00bb full_width=\u00bbyes\u00bb link=\u00bbhttps:\/\/quantum2025.org\/es\/\u00bb][\/vc_column][\/vc_row][vc_row text_color=\u00bb#000000&#8243; type=\u00bbcolor\u00bb bg_color=\u00bb#ffffff\u00bb padding_top=\u00bb10&#8243; padding_bottom=\u00bb5&#8243; visibility=\u00bbvisible-xs,visible-sm,visible-md,visible-lg,visible-xlg\u00bb][vc_column][vc_column_text]<\/p>\n<h2 style=\"text-align: left;\">Nuestra propuesta formativa<\/h2>\n<p>[\/vc_column_text][\/vc_column][\/vc_row][vc_row padding_top=\u00bb0&#8243; padding_bottom=\u00bb0&#8243; visibility=\u00bbvisible-xs,visible-sm,visible-md,visible-lg,visible-xlg\u00bb][vc_column][vc_column_text]<\/p>\n<p class=\"ds-markdown-paragraph\">\ud83d\udccd <strong>Inicio:<\/strong> Octubre 2025<br \/>\n\ud83c\udf93\u00a0<strong>Modalidad:<\/strong> Virtual (5 microcontenidos + 1 encuentro sincr\u00f3nico)<br \/>\n\ud83d\uddd3\u00a0<strong>Jornada de debate:<\/strong> 11 de noviembre | 11:00 a 13:00 h (ARG)<\/p>\n<p class=\"ds-markdown-paragraph\">\ud83d\udd39\u00a0<strong>Cupos limitados:<\/strong> 300 vacantes<br \/>\n\ud83d\udd38 <strong>Cierre de inscripci\u00f3n:<\/strong> 27 de octubre<br \/>\n\ud83d\udd38\u00a0<strong>Confirmaci\u00f3n de vacante:<\/strong> 28 de octubre[\/vc_column_text][\/vc_column][\/vc_row][vc_row text_color=\u00bb#000000&#8243; type=\u00bbcolor\u00bb bg_color=\u00bb#ffffff\u00bb padding_top=\u00bb10&#8243; padding_bottom=\u00bb5&#8243; visibility=\u00bbvisible-xs,visible-sm,visible-md,visible-lg,visible-xlg\u00bb][vc_column][vc_column_text]<\/p>\n<h2 style=\"text-align: left;\">Contenidos<\/h2>\n<p>[\/vc_column_text][\/vc_column][\/vc_row][vc_row][vc_column]\n\t<div class=\"kleo-tabs tabbable\" data-interval=\"0\">\n\t\t\t<ul class=\"nav nav-tabs responsive-tabs tabs-style-text\"><li class=\"active\"><a href=\"#tab-1750959477186-3\" data-toggle=\"tab\" onclick=\"return false;\">Fase 1<\/a><\/li><li><a href=\"#tab-1750959477203-3\" data-toggle=\"tab\" onclick=\"return false;\">Fase 2<\/a><\/li><\/ul>\n<div class=\"tab-content\">\n\t\t\t\n\t\t\t<div id=\"tab-1750959477186-3\" class=\"tab-pane active\">\n\t\t\t\t[vc_column_text]Durante esta etapa acceder\u00e1s a cinco c\u00e1psulas con microcontenidos sobre los principales conceptos de las tecnolog\u00edas cu\u00e1nticas en general y de la computaci\u00f3n cu\u00e1ntica en particular.<\/p>\n<p><strong>Contenidos a explorar:<\/strong><\/p>\n<ul>\n<li>\u00abComputadoras actuales vs computadoras cu\u00e1nticas: la historia\u00bb. A cargo de <strong>Sebasti\u00e1n Lorenzo<\/strong>, presidente de la Fundaci\u00f3n Sociedades Digitales.<\/li>\n<li>\u00abHardware actual vs cu\u00e1nticos\u00bb, a cargo de <strong>Omar Osenda<\/strong>, doctor en F\u00edsica, presidente de la Asociaci\u00f3n F\u00edsica Argentina.<\/li>\n<li>\u00abRepresentaci\u00f3n de la informaci\u00f3n y algoritmos cu\u00e1nticos\u00bb <strong>Alejandro Diaz-Caro<\/strong>, doctor en Ciencias de la Computaci\u00f3n, especialista en computaci\u00f3n cu\u00e1ntica.<\/li>\n<li>\u00abAplicaciones de la computaci\u00f3n cu\u00e1ntica actual y futura\u00bb <strong>Marta Pascual Estarellas,<\/strong> doctora en f\u00edsica, CEO de Qilimanjaro Quantum Tech, S.L.<\/li>\n<li>\u00abEcosistema de actores de la computaci\u00f3n cu\u00e1ntica\u00bb, a cargo de <strong>Camila Chirino<\/strong>, doctora en Ciencia Pol\u00edtica, directora de capacitaci\u00f3n de la Fundaci\u00f3n Sociedades Digitales.<\/li>\n<\/ul>\n<p>[\/vc_column_text]\n\t\t\t<\/div> \n\t\t\t<div id=\"tab-1750959477203-3\" class=\"tab-pane\">\n\t\t\t\t[vc_column_text]<span style=\"font-weight: 400;\">Durante una jornada virtual sincr\u00f3nica reflexionaremos y profundizaremos sobre los desaf\u00edos que llegan de la mano de las tecnolog\u00edas cu\u00e1nticas a nivel pol\u00edtico, econ\u00f3mico y social.\u00a0<\/span><\/p>\n<p style=\"padding-left: 40px;\"><span style=\"font-weight: 400;\">\ud83d\uddd3\ufe0f Martes 11 de noviembre\u00a0<\/span><\/p>\n<p style=\"padding-left: 40px;\"><span style=\"font-weight: 400;\">\ud83d\udd5a 11 a 13h Argentina \/ 15 a 17h Espa\u00f1a \/ 9 a 11h Colombia<\/span><\/p>\n<p><strong>Temas de debate:<\/strong><\/p>\n<ul>\n<li><em><strong>\u00bfL<\/strong><\/em><span style=\"font-weight: 400;\"><em><strong>os pa\u00edses necesitan una pol\u00edtica cu\u00e1ntica antes de quedarse atr\u00e1s?<\/strong><\/em> Expositores: <strong>Pablo \u00c1lvarez<\/strong> &#8211; visepresidente de ANTEL (Uruguay), <strong>Jes\u00fas Herrero Poza<\/strong> &#8211; director general de Red.es (Espa\u00f1a),<strong> Sebasti\u00e1n Lorenzo<\/strong> &#8211; presidente de la Fundaci\u00f3n Sociedades Digitales. Modera: <strong>Agostina Hern\u00e1ndez Bologna<\/strong>.<\/span><\/li>\n<li><span style=\"font-weight: 400;\"><em><strong>Contexto iberoamericano de la tecnolog\u00eda cu\u00e1ntica.<\/strong><\/em> <strong>Alberto Gago<\/strong> director y miembro del gabinete de la Secretar\u00eda de Estado de Digitalizaci\u00f3n e Inteligencia Artificial (SEDIA) y <strong>Camila Chirino<\/strong>, directora de capacitaci\u00f3n Fundaci\u00f3n Sociedades Digitales.\u00a0<\/span><\/li>\n<li style=\"font-weight: 400;\" aria-level=\"1\"><span style=\"font-weight: 400;\"><em><strong>\u00bfC\u00f3mo las tecnolog\u00edas cu\u00e1nticas pueden transformar las industrias?<\/strong><\/em> <strong>Omar Osenda<\/strong>,<\/span> presidente de la Asociaci\u00f3n F\u00edsica Argentina,\u00a0<strong>Alejandro Diaz-Caro<\/strong>, especialista en computaci\u00f3n cu\u00e1ntica y\u00a0<strong>Marta Pascual Estarellas,<\/strong> doctora en f\u00edsica, CEO de Qilimanjaro Quantum Tech, S.L.<\/li>\n<\/ul>\n<p>[\/vc_column_text]\n\t\t\t<\/div> <\/div>\n\t<\/div> [\/vc_column][\/vc_row][vc_row text_color=\u00bb#000000&#8243; type=\u00bbcolor\u00bb bg_color=\u00bb#ffffff\u00bb padding_top=\u00bb10&#8243; padding_bottom=\u00bb5&#8243; visibility=\u00bbvisible-xs,visible-sm,visible-md,visible-lg,visible-xlg\u00bb][vc_column][vc_column_text]<\/p>\n<h2 style=\"text-align: left;\">C\u00f3mo participar<\/h2>\n<p>[\/vc_column_text][\/vc_column][\/vc_row][vc_row text_color=\u00bb#000000&#8243; type=\u00bbcolor\u00bb bg_color=\u00bb#ffffff\u00bb padding_top=\u00bb10&#8243; padding_bottom=\u00bb5&#8243; visibility=\u00bbvisible-xs,visible-sm,visible-md,visible-lg,visible-xlg\u00bb][vc_column][vc_accordion active_tab=\u00bb\u00bfQu\u00e9 temas se abordar\u00e1n?\u00bb collapsible=\u00bbyes\u00bb][vc_accordion_tab title=\u00bb\u00bfQu\u00e9 temas se van a tratar?\u00bb icon=\u00bb0&#8243; icon_closed=\u00bb0&#8243;][vc_column_text]Los contenidos abordan la evoluci\u00f3n hist\u00f3rica de la computaci\u00f3n cu\u00e1ntica y qu\u00e9 actores participan. Compararemos como es el hardware, software y el almacenamiento de datos actual con la din\u00e1mica de la computaci\u00f3n cu\u00e1ntica. Y en el encuentro virtual se trabajar\u00e1n dos grandes ejes: la tecnolog\u00eda y la computaci\u00f3n cu\u00e1ntica en la agenda pol\u00edtica y como est\u00e1 tecnolog\u00eda impactar\u00e1 en la industria.[\/vc_column_text][\/vc_accordion_tab][vc_accordion_tab title=\u00bb\u00bfCu\u00e1nto tiempo tengo que dedicar a la capacitaci\u00f3n?\u00bb icon=\u00bb0&#8243; icon_closed=\u00bb0&#8243;][vc_column_text]En total 3 horas.\u00a0 1 hora con materiales audiovisuales:\u00a0 5 videos de 10 minutos aproximadamente, y 1 encuentro virtual en l\u00ednea de 2 horas para debatir con expertos.[\/vc_column_text][\/vc_accordion_tab][vc_accordion_tab title=\u00bb\u00bfSe entrega certificado de participaci\u00f3n?\u00bb icon=\u00bb0&#8243; icon_closed=\u00bb0&#8243;][vc_column_text]S\u00ed, luego de participar en ambas instancias se enviar\u00e1 un certificado de aprobaci\u00f3n del curso emitido por la Fundaci\u00f3n Sociedades Digitales.[\/vc_column_text][\/vc_accordion_tab][vc_accordion_tab title=\u00bb\u00bfC\u00f3mo apruebo el curso?\u00bb icon=\u00bb0&#8243; icon_closed=\u00bb0&#8243;][vc_column_text]Lo videos con los contenidos estar\u00e1n publicados en el Instagram de la Fundaci\u00f3n y tendr\u00e1s que participar\u00a0 dejando un comentario y\/o pregunta en alguno de los 5 videos que son parte del curso. El d\u00eda del encuentro virtual se tomar\u00e1 asistencia par confirmar tu participaci\u00f3n. Al cumplir con estas dos instancias el curso est\u00e1 aprobado.[\/vc_column_text][\/vc_accordion_tab][\/vc_accordion][\/vc_column][\/vc_row][vc_row content_placement=\u00bbmiddle\u00bb text_align=\u00bbcenter\u00bb vertical_align=\u00bbyes\u00bb visibility=\u00bbvisible-xs,visible-sm,visible-md,visible-lg,visible-xlg\u00bb][vc_column][vc_column_text]<\/p>\n<h1>La incripci\u00f3n se encuentra cerrada<\/h1>\n<p>[\/vc_column_text][\/vc_column][\/vc_row]<\/p>\n<\/div>","protected":false},"excerpt":{"rendered":"<p>[vc_row full_height=\u00bbyes\u00bb equal_height=\u00bbyes\u00bb content_placement=\u00bbmiddle\u00bb text_color=\u00bb#ffffff\u00bb type=\u00bbcolor\u00bb bg_color=\u00bb#000000&#8243; padding_top=\u00bb10&#8243; padding_bottom=\u00bb10&#8243; padding_left=\u00bb10&#8243; padding_right=\u00bb10&#8243; visibility=\u00bbvisible-xs,visible-sm,visible-md,visible-lg,visible-xlg\u00bb][vc_column width=\u00bb1\/2&#8243;][vc_column_text] 2025: A\u00f1o Internacional de las Ciencias y Tecnolog\u00edas Cu\u00e1nticas Un siglo despu\u00e9s del surgimiento de la mec\u00e1nica cu\u00e1ntica, nos encontramos ante una revoluci\u00f3n tecnol\u00f3gica con un potencial transformador sin precedentes. En este contexto, la Fundaci\u00f3n Sociedades Digitales se suma a la iniciativa global de la UNESCO para [&hellip;]<\/p>\n","protected":false},"author":2,"featured_media":2947,"parent":0,"menu_order":0,"comment_status":"closed","ping_status":"closed","template":"","meta":{"_uag_custom_page_level_css":"","_monsterinsights_skip_tracking":false,"_monsterinsights_sitenote_active":false,"_monsterinsights_sitenote_note":"","_monsterinsights_sitenote_category":0,"footnotes":""},"class_list":["post-2950","page","type-page","status-publish","has-post-thumbnail","hentry"],"aioseo_notices":[],"uagb_featured_image_src":{"full":["https:\/\/sociedadesdigitales.org\/web\/wp-content\/uploads\/2025\/06\/pexels-pachon-in-motion-426015731-30547566.jpg",1280,675,false],"thumbnail":["https:\/\/sociedadesdigitales.org\/web\/wp-content\/uploads\/2025\/06\/pexels-pachon-in-motion-426015731-30547566-150x150.jpg",150,150,true],"medium":["https:\/\/sociedadesdigitales.org\/web\/wp-content\/uploads\/2025\/06\/pexels-pachon-in-motion-426015731-30547566-300x158.jpg",300,158,true],"medium_large":["https:\/\/sociedadesdigitales.org\/web\/wp-content\/uploads\/2025\/06\/pexels-pachon-in-motion-426015731-30547566-768x405.jpg",768,405,true],"large":["https:\/\/sociedadesdigitales.org\/web\/wp-content\/uploads\/2025\/06\/pexels-pachon-in-motion-426015731-30547566-1024x540.jpg",1024,540,true],"1536x1536":["https:\/\/sociedadesdigitales.org\/web\/wp-content\/uploads\/2025\/06\/pexels-pachon-in-motion-426015731-30547566.jpg",1280,675,false],"2048x2048":["https:\/\/sociedadesdigitales.org\/web\/wp-content\/uploads\/2025\/06\/pexels-pachon-in-motion-426015731-30547566.jpg",1280,675,false],"post-thumbnail":["https:\/\/sociedadesdigitales.org\/web\/wp-content\/uploads\/2025\/06\/pexels-pachon-in-motion-426015731-30547566-672x354.jpg",672,354,true],"kleo-full-width":["https:\/\/sociedadesdigitales.org\/web\/wp-content\/uploads\/2025\/06\/pexels-pachon-in-motion-426015731-30547566-1038x547.jpg",1038,547,true],"kleo-post-gallery":["https:\/\/sociedadesdigitales.org\/web\/wp-content\/uploads\/2025\/06\/pexels-pachon-in-motion-426015731-30547566-480x270.jpg",480,270,true],"kleo-post-grid":["https:\/\/sociedadesdigitales.org\/web\/wp-content\/uploads\/2025\/06\/pexels-pachon-in-motion-426015731-30547566-480x253.jpg",480,253,true],"kleo-post-small-thumb":["https:\/\/sociedadesdigitales.org\/web\/wp-content\/uploads\/2025\/06\/pexels-pachon-in-motion-426015731-30547566-480x270.jpg",480,270,true]},"uagb_author_info":{"display_name":"Fundaci\u00f3n Sociedades Digitales","author_link":"https:\/\/sociedadesdigitales.org\/web\/author\/admin\/"},"uagb_comment_info":0,"uagb_excerpt":"[vc_row full_height=\u00bbyes\u00bb equal_height=\u00bbyes\u00bb content_placement=\u00bbmiddle\u00bb text_color=\u00bb#ffffff\u00bb type=\u00bbcolor\u00bb bg_color=\u00bb#000000&#8243; padding_top=\u00bb10&#8243; padding_bottom=\u00bb10&#8243; padding_left=\u00bb10&#8243; padding_right=\u00bb10&#8243; visibility=\u00bbvisible-xs,visible-sm,visible-md,visible-lg,visible-xlg\u00bb][vc_column width=\u00bb1\/2&#8243;][vc_column_text] 2025: A\u00f1o Internacional de las Ciencias y Tecnolog\u00edas Cu\u00e1nticas Un siglo despu\u00e9s del surgimiento de la mec\u00e1nica cu\u00e1ntica, nos encontramos ante una revoluci\u00f3n tecnol\u00f3gica con un potencial transformador sin precedentes. En este contexto, la Fundaci\u00f3n Sociedades Digitales se suma a la iniciativa&hellip;","_links":{"self":[{"href":"https:\/\/sociedadesdigitales.org\/web\/wp-json\/wp\/v2\/pages\/2950","targetHints":{"allow":["GET"]}}],"collection":[{"href":"https:\/\/sociedadesdigitales.org\/web\/wp-json\/wp\/v2\/pages"}],"about":[{"href":"https:\/\/sociedadesdigitales.org\/web\/wp-json\/wp\/v2\/types\/page"}],"author":[{"embeddable":true,"href":"https:\/\/sociedadesdigitales.org\/web\/wp-json\/wp\/v2\/users\/2"}],"replies":[{"embeddable":true,"href":"https:\/\/sociedadesdigitales.org\/web\/wp-json\/wp\/v2\/comments?post=2950"}],"version-history":[{"count":51,"href":"https:\/\/sociedadesdigitales.org\/web\/wp-json\/wp\/v2\/pages\/2950\/revisions"}],"predecessor-version":[{"id":3150,"href":"https:\/\/sociedadesdigitales.org\/web\/wp-json\/wp\/v2\/pages\/2950\/revisions\/3150"}],"wp:featuredmedia":[{"embeddable":true,"href":"https:\/\/sociedadesdigitales.org\/web\/wp-json\/wp\/v2\/media\/2947"}],"wp:attachment":[{"href":"https:\/\/sociedadesdigitales.org\/web\/wp-json\/wp\/v2\/media?parent=2950"}],"curies":[{"name":"wp","href":"https:\/\/api.w.org\/{rel}","templated":true}]}}