{"id":2876,"date":"2025-06-19T00:23:25","date_gmt":"2025-06-19T03:23:25","guid":{"rendered":"https:\/\/sociedadesdigitales.org\/web\/?page_id=2876"},"modified":"2025-06-23T13:24:09","modified_gmt":"2025-06-23T16:24:09","slug":"inteligencia-artificial-y-politica","status":"publish","type":"page","link":"https:\/\/sociedadesdigitales.org\/web\/inteligencia-artificial-y-politica\/","title":{"rendered":"Inteligencia Artificial y pol\u00edtica"},"content":{"rendered":"<div class=\"wpb-content-wrapper\"><p>[vc_row padding_top=\u00bb0&#8243; padding_bottom=\u00bb0&#8243;][vc_column][vc_column_text]Durante 2024, el equipo de CampusIA cre\u00f3 microcontenidos sobre los principales temas que atraviesan las inteligencias artificiales. Con la participaci\u00f3n de especialistas miembros de la Fundaci\u00f3n y expertos invitados en la tem\u00e1tica de Argentina, Espa\u00f1a y M\u00e9xico se brind\u00f3 una capacitaci\u00f3n para 2500 personas de la regi\u00f3n iberoamericana. La din\u00e1mica de interacci\u00f3n con los participantes fue a trav\u00e9s de WhatsApp, por lo que llevamos nuestra propuesta formativa al bolsillo de todas y todos los que se sumaron a esta iniciativa.[\/vc_column_text][\/vc_column][\/vc_row][vc_row padding_top=\u00bb0&#8243; padding_bottom=\u00bb0&#8243;][vc_column width=\u00bb3\/4&#8243;][vc_column_text]<strong>Principales conceptos de la IA<\/strong><\/p>\n<ul>\n<li style=\"font-weight: 400;\" aria-level=\"1\"><span style=\"font-weight: 400;\">Historia tecnopol\u00edtica &#8211; <a href=\"https:\/\/sociedadesdigitales.org\/web\/javier-noguera\/\">Javier Noguera<\/a><\/span><\/li>\n<li style=\"font-weight: 400;\" aria-level=\"1\"><span style=\"font-weight: 400;\">\u00bfQu\u00e9 es la inteligencia artificial? &#8211; <a href=\"https:\/\/sociedadesdigitales.org\/web\/Sebastian-Lorenzo\/\">Sebasti\u00e1n Lorenzo<\/a><\/span><\/li>\n<li style=\"font-weight: 400;\" aria-level=\"1\"><span style=\"font-weight: 400;\">Tipos de IA seg\u00fan su entrenamiento, t\u00e9cnicas y aplicaciones &#8211;\u00a0 <a href=\"https:\/\/sociedadesdigitales.org\/web\/alberto-martinez\/\">Alberto Martinez del Pezzo<\/a><\/span><\/li>\n<li style=\"font-weight: 400;\" aria-level=\"1\"><span style=\"font-weight: 400;\">\u00bfEs el chatgpt una IA? &#8211; <a href=\"https:\/\/sociedadesdigitales.org\/web\/Sebastian-Lorenzo\/\">Sebasti\u00e1n Lorenzo<\/a><\/span><\/li>\n<li style=\"font-weight: 400;\" aria-level=\"1\"><span style=\"font-weight: 400;\">Algoritmos y prompts certezas y alucinaciones &#8211; Lucia Tenaglia<\/span><\/li>\n<li style=\"font-weight: 400;\" aria-level=\"1\"><span style=\"font-weight: 400;\">Aprendizaje supervisado im\u00e1genes y videovigilancia &#8211; <a href=\"https:\/\/sociedadesdigitales.org\/web\/luis-papagni\/\">Luis Papagni<\/a><\/span><\/li>\n<li style=\"font-weight: 400;\" aria-level=\"1\"><span style=\"font-weight: 400;\">Aprendizaje no supervisado- listas de Spotify &#8211; <a href=\"https:\/\/sociedadesdigitales.org\/web\/felicitas-lorenzo\/\">Felicitas Lorenzo<\/a><\/span><\/li>\n<li style=\"font-weight: 400;\" aria-level=\"1\"><span style=\"font-weight: 400;\">Aprendizaje por refuerzo Chess Machine &#8211; Graciela Mois\u00e9s<\/span><\/li>\n<li style=\"font-weight: 400;\" aria-level=\"1\"><span style=\"font-weight: 400;\">La reina del momento IA generativa &#8211; Avatar Florencia<\/span><\/li>\n<\/ul>\n<p>[\/vc_column_text][\/vc_column][vc_column width=\u00bb1\/4&#8243;][vc_images_carousel images=\u00bb2916,2915,2914,2832,2836,2837,2892,2893&#8243; img_size=\u00bbfull\u00bb onclick=\u00bbcustom_link\u00bb custom_links_target=\u00bb_blank\u00bb autoplay=\u00bbyes\u00bb custom_links=\u00bb#E-8_aHR0cHMlM0ElMkYlMkZ3d3cuaW5zdGFncmFtLmNvbSUyRnJlZWwlMkZEQk1va2FGdkJvZCUyRiUyQ2h0dHBzJTNBJTJGJTJGd3d3Lmluc3RhZ3JhbS5jb20lMkZyZWVsJTJGREJSQnpEVVJQQkMlMkYlMkNodHRwcyUzQSUyRiUyRnd3dy5pbnN0YWdyYW0uY29tJTJGcmVlbCUyRkRCUlNEbUN4bmZxJTJGJTJDaHR0cHMlM0ElMkYlMkZ3d3cuaW5zdGFncmFtLmNvbSUyRnJlZWwlMkZEQlVjc3I5UjlCaCUyRiUyQ2h0dHBzJTNBJTJGJTJGd3d3Lmluc3RhZ3JhbS5jb20lMkZyZWVsJTJGREJYMHdCNHhNWk8lMkYlMkNodHRwcyUzQSUyRiUyRnd3dy5pbnN0YWdyYW0uY29tJTJGcmVlbCUyRkRCZXp3WXBSdEpaJTJGJTJDaHR0cHMlM0ElMkYlMkZ3d3cuaW5zdGFncmFtLmNvbSUyRnJlZWwlMkZEQmU0b2VuUmZXViUyRiUyQ2h0dHBzJTNBJTJGJTJGd3d3Lmluc3RhZ3JhbS5jb20lMkZyZWVsJTJGREJmR0pHSXhTZHQlMkY=\u00bb][\/vc_column][\/vc_row][vc_row padding_top=\u00bb0&#8243; padding_bottom=\u00bb0&#8243;][vc_column width=\u00bb3\/4&#8243;][vc_column_text]<strong>El impacto de la IA en diferentes \u00e1mbitos<\/strong><\/p>\n<ul>\n<li>Administraci\u00f3n p\u00fablica, gobierno e IA &#8211; Jes\u00fas Herrero Poza<\/li>\n<li>Legaltech, IA en el \u00e1mbito de la Justicia &#8211;\u00a0 <a href=\"https:\/\/sociedadesdigitales.org\/web\/mario-adaro\/\">Mario Adaro<\/a><\/li>\n<li>La IA en los parlamentos &#8211; C\u00e9sar Ramos<\/li>\n<li aria-level=\"1\">IA y \u00e9tica, consideraciones y dilemas generales &#8211; Alessandra Esther Castagnedi Ramiez + Gabriel Savino<\/li>\n<li aria-level=\"1\">Neurotecnolog\u00edas y Neuroderechos &#8211; Francisco Bariffi<\/li>\n<li aria-level=\"1\">IA y salud mental &#8211; <a href=\"https:\/\/sociedadesdigitales.org\/web\/matias-dalla-fontana\/\">Matias Dalla Fontana<\/a><\/li>\n<li aria-level=\"1\">Impacto de la IA en la Creaci\u00f3n y Difusi\u00f3n de Noticias &#8211;\u00a0 <a href=\"https:\/\/sociedadesdigitales.org\/web\/javier-romero\/\">Javier Romero<\/a><\/li>\n<li aria-level=\"1\">Los grandes empresarios de la IA &#8211; <a href=\"https:\/\/sociedadesdigitales.org\/web\/rosa-jimenez-cano\/\">Rosa Jim\u00e9nez Cano<\/a><\/li>\n<li aria-level=\"1\">Renta B\u00e1sica Universal y su relaci\u00f3n con la IA &#8211;\u00a0 Fernando Gril<\/li>\n<li aria-level=\"1\">Impacto de la IA en el ambiente &#8211; C\u00e9sar Ramos<\/li>\n<li aria-level=\"1\">Impacto de la IA en el mundo del Trabajo &#8211; <a href=\"https:\/\/sociedadesdigitales.org\/web\/camila-chirino\/\">Camila Chirino<\/a><\/li>\n<li aria-level=\"1\">IA general y transhumanismo: \u00bfciencia ficci\u00f3n? &#8211; Alessandra Esther Castagnedi Ramirez<\/li>\n<\/ul>\n<p>[\/vc_column_text][\/vc_column][vc_column width=\u00bb1\/4&#8243;][vc_images_carousel images=\u00bb2897,2896,2895,2930,2929,2898,2927,2926,2925,2924,2923&#8243; img_size=\u00bbmedium\u00bb onclick=\u00bbcustom_link\u00bb autoplay=\u00bbyes\u00bb custom_links=\u00bb#E-8_aHR0cHMlM0ElMkYlMkZ3d3cuaW5zdGFncmFtLmNvbSUyRnJlZWwlMkZEQjR6N3llSXc1YiUyRiUyQ2h0dHBzJTNBJTJGJTJGd3d3Lmluc3RhZ3JhbS5jb20lMkZyZWVsJTJGREI5MzRpTW90WnolMkYlMkNodHRwcyUzQSUyRiUyRnd3dy5pbnN0YWdyYW0uY29tJTJGcmVlbCUyRkRCMk1oUWFvREROJTJGJTJDaHR0cHMlM0ElMkYlMkZ3d3cuaW5zdGFncmFtLmNvbSUyRnJlZWwlMkZEQ2tmVTdMSVBLeCUyRiUyQ2h0dHBzJTNBJTJGJTJGd3d3Lmluc3RhZ3JhbS5jb20lMkZyZWVsJTJGRENuWTc2YW9aVjElMkYlMkNodHRwcyUzQSUyRiUyRnd3dy5pbnN0YWdyYW0uY29tJTJGcmVlbCUyRkRCN3pEaWxvckg3JTJGJTJDaHR0cHMlM0ElMkYlMkZ3d3cuaW5zdGFncmFtLmNvbSUyRnJlZWwlMkZEQ0UtbVgwSXdSNyUyRiUyQ2h0dHBzJTNBJTJGJTJGd3d3Lmluc3RhZ3JhbS5jb20lMkZyZWVsJTJGRENQaHhiQ29MeE8lMkYlMkNodHRwcyUzQSUyRiUyRnd3dy5pbnN0YWdyYW0uY29tJTJGcmVlbCUyRkRCcXM2ZWxSeFVBJTJGJTJDaHR0cHMlM0ElMkYlMkZ3d3cuaW5zdGFncmFtLmNvbSUyRnJlZWwlMkZEQy1qdF9Bb0RMUiUyRiUyQ2h0dHBzJTNBJTJGJTJGd3d3Lmluc3RhZ3JhbS5jb20lMkZyZWVsJTJGRENwYXhvbm9CX0slMkY=\u00bb][\/vc_column][\/vc_row][vc_row padding_top=\u00bb0&#8243; padding_bottom=\u00bb0&#8243;][vc_column width=\u00bb3\/4&#8243;][vc_column_text]<strong>Geopol\u00edtica e IA\u00a0<\/strong><\/p>\n<ul>\n<li aria-level=\"1\">La Posici\u00f3n de la UE &#8211; <a href=\"https:\/\/sociedadesdigitales.org\/web\/wilma-arellano-toledo\/\">Wilma Arellano Toledo<\/a><\/li>\n<li aria-level=\"1\">La Posici\u00f3n de Estados Unidos &#8211; Guilherme Sicuto<\/li>\n<li aria-level=\"1\">La Posici\u00f3n de China &#8211; Avatar Florencia<\/li>\n<li aria-level=\"1\">Las Posiciones en Latinoam\u00e9rica y el vaticano &#8211; <a href=\"https:\/\/sociedadesdigitales.org\/web\/sebastian-lorenzo\/\">Sebasti\u00e1n Lorenzo<\/a><\/li>\n<\/ul>\n<p>[\/vc_column_text][\/vc_column][vc_column width=\u00bb1\/4&#8243;][vc_images_carousel images=\u00bb2902,2903,2904,2905&#8243; img_size=\u00bbmedium\u00bb onclick=\u00bbcustom_link\u00bb autoplay=\u00bbyes\u00bb custom_links=\u00bb#E-8_aHR0cHMlM0ElMkYlMkZ3d3cuaW5zdGFncmFtLmNvbSUyRnJlZWwlMkZEQ2tla0p1SWJxSyUyRiUyQ2h0dHBzJTNBJTJGJTJGd3d3Lmluc3RhZ3JhbS5jb20lMkZyZWVsJTJGRENkTFZOZ29zYkolMkYlMkNodHRwcyUzQSUyRiUyRnd3dy5pbnN0YWdyYW0uY29tJTJGcmVlbCUyRkRDZE00RUtJTEFXJTJGJTJDaHR0cHMlM0ElMkYlMkZ3d3cuaW5zdGFncmFtLmNvbSUyRnJlZWwlMkZEQ2ZDcFlWb1ZyWiUyRg==\u00bb][\/vc_column][\/vc_row]<\/p>\n<\/div>","protected":false},"excerpt":{"rendered":"<p>[vc_row padding_top=\u00bb0&#8243; padding_bottom=\u00bb0&#8243;][vc_column][vc_column_text]Durante 2024, el equipo de CampusIA cre\u00f3 microcontenidos sobre los principales temas que atraviesan las inteligencias artificiales. Con la participaci\u00f3n de especialistas miembros de la Fundaci\u00f3n y expertos invitados en la tem\u00e1tica de Argentina, Espa\u00f1a y M\u00e9xico se brind\u00f3 una capacitaci\u00f3n para 2500 personas de la regi\u00f3n iberoamericana. La din\u00e1mica de interacci\u00f3n con los participantes fue a trav\u00e9s [&hellip;]<\/p>\n","protected":false},"author":4,"featured_media":2769,"parent":0,"menu_order":0,"comment_status":"closed","ping_status":"closed","template":"","meta":{"_uag_custom_page_level_css":"","_monsterinsights_skip_tracking":false,"_monsterinsights_sitenote_active":false,"_monsterinsights_sitenote_note":"","_monsterinsights_sitenote_category":0,"footnotes":""},"class_list":["post-2876","page","type-page","status-publish","has-post-thumbnail","hentry"],"aioseo_notices":[],"uagb_featured_image_src":{"full":["https:\/\/sociedadesdigitales.org\/web\/wp-content\/uploads\/2025\/04\/jumbo-campus-IA.jpg",1280,677,false],"thumbnail":["https:\/\/sociedadesdigitales.org\/web\/wp-content\/uploads\/2025\/04\/jumbo-campus-IA-150x150.jpg",150,150,true],"medium":["https:\/\/sociedadesdigitales.org\/web\/wp-content\/uploads\/2025\/04\/jumbo-campus-IA-300x159.jpg",300,159,true],"medium_large":["https:\/\/sociedadesdigitales.org\/web\/wp-content\/uploads\/2025\/04\/jumbo-campus-IA-768x406.jpg",768,406,true],"large":["https:\/\/sociedadesdigitales.org\/web\/wp-content\/uploads\/2025\/04\/jumbo-campus-IA-1024x542.jpg",1024,542,true],"1536x1536":["https:\/\/sociedadesdigitales.org\/web\/wp-content\/uploads\/2025\/04\/jumbo-campus-IA.jpg",1280,677,false],"2048x2048":["https:\/\/sociedadesdigitales.org\/web\/wp-content\/uploads\/2025\/04\/jumbo-campus-IA.jpg",1280,677,false],"post-thumbnail":["https:\/\/sociedadesdigitales.org\/web\/wp-content\/uploads\/2025\/04\/jumbo-campus-IA-672x355.jpg",672,355,true],"kleo-full-width":["https:\/\/sociedadesdigitales.org\/web\/wp-content\/uploads\/2025\/04\/jumbo-campus-IA-1038x549.jpg",1038,549,true],"kleo-post-gallery":["https:\/\/sociedadesdigitales.org\/web\/wp-content\/uploads\/2025\/04\/jumbo-campus-IA-480x270.jpg",480,270,true],"kleo-post-grid":["https:\/\/sociedadesdigitales.org\/web\/wp-content\/uploads\/2025\/04\/jumbo-campus-IA-480x254.jpg",480,254,true],"kleo-post-small-thumb":["https:\/\/sociedadesdigitales.org\/web\/wp-content\/uploads\/2025\/04\/jumbo-campus-IA-480x270.jpg",480,270,true]},"uagb_author_info":{"display_name":"Camila Chirino","author_link":"https:\/\/sociedadesdigitales.org\/web\/author\/camila\/"},"uagb_comment_info":0,"uagb_excerpt":"[vc_row padding_top=\u00bb0&#8243; padding_bottom=\u00bb0&#8243;][vc_column][vc_column_text]Durante 2024, el equipo de CampusIA cre\u00f3 microcontenidos sobre los principales temas que atraviesan las inteligencias artificiales. Con la participaci\u00f3n de especialistas miembros de la Fundaci\u00f3n y expertos invitados en la tem\u00e1tica de Argentina, Espa\u00f1a y M\u00e9xico se brind\u00f3 una capacitaci\u00f3n para 2500 personas de la regi\u00f3n iberoamericana. La din\u00e1mica de interacci\u00f3n con&hellip;","_links":{"self":[{"href":"https:\/\/sociedadesdigitales.org\/web\/wp-json\/wp\/v2\/pages\/2876","targetHints":{"allow":["GET"]}}],"collection":[{"href":"https:\/\/sociedadesdigitales.org\/web\/wp-json\/wp\/v2\/pages"}],"about":[{"href":"https:\/\/sociedadesdigitales.org\/web\/wp-json\/wp\/v2\/types\/page"}],"author":[{"embeddable":true,"href":"https:\/\/sociedadesdigitales.org\/web\/wp-json\/wp\/v2\/users\/4"}],"replies":[{"embeddable":true,"href":"https:\/\/sociedadesdigitales.org\/web\/wp-json\/wp\/v2\/comments?post=2876"}],"version-history":[{"count":36,"href":"https:\/\/sociedadesdigitales.org\/web\/wp-json\/wp\/v2\/pages\/2876\/revisions"}],"predecessor-version":[{"id":2942,"href":"https:\/\/sociedadesdigitales.org\/web\/wp-json\/wp\/v2\/pages\/2876\/revisions\/2942"}],"wp:featuredmedia":[{"embeddable":true,"href":"https:\/\/sociedadesdigitales.org\/web\/wp-json\/wp\/v2\/media\/2769"}],"wp:attachment":[{"href":"https:\/\/sociedadesdigitales.org\/web\/wp-json\/wp\/v2\/media?parent=2876"}],"curies":[{"name":"wp","href":"https:\/\/api.w.org\/{rel}","templated":true}]}}