{"id":2690,"date":"2025-04-28T13:48:58","date_gmt":"2025-04-28T16:48:58","guid":{"rendered":"https:\/\/sociedadesdigitales.org\/web\/?page_id=2690"},"modified":"2026-03-02T12:50:54","modified_gmt":"2026-03-02T15:50:54","slug":"campusia","status":"publish","type":"page","link":"https:\/\/sociedadesdigitales.org\/web\/campusia\/","title":{"rendered":"Bienvenidos a CampusIA"},"content":{"rendered":"<div class=\"wpb-content-wrapper\"><p>[vc_row full_height=\u00bbyes\u00bb type=\u00bbimage\u00bb bg_position=\u00bbcenter\u00bb bg_position_horizontal=\u00bbright\u00bb bg_attachment=\u00bbtrue\u00bb padding_top=\u00bb0&#8243; padding_bottom=\u00bb0&#8243; overflow=\u00bbfalse\u00bb visibility=\u00bbhidden-xs,visible-sm,visible-md,visible-lg,visible-xlg\u00bb bg_image=\u00bb2769&#8243;][vc_column width=\u00bb1\/3&#8243;][\/vc_column][vc_column width=\u00bb1\/3&#8243;][\/vc_column][vc_column width=\u00bb1\/3&#8243;][\/vc_column][\/vc_row][vc_row visibility=\u00bbvisible-xs,visible-sm,visible-md,visible-lg,visible-xlg\u00bb][vc_column][vc_column_text]<\/p>\n<h2><strong>Educaci\u00f3n digital centrada en las personas, no en las pantallas<\/strong><\/h2>\n<p>Impulsado por la Fundaci\u00f3n Sociedades Digitales, Campus IA es tu plataforma con un enfoque centrado en la \u00e9tica algor\u00edtmica destinada a la formaci\u00f3n de tomadores de decisiones, representantes sindicales, dirigentes, l\u00edderes, activistas sociales e interesados en los cambios que generan las tecnolog\u00edas en la sociedad. Dise\u00f1ada para aprender de manera pr\u00e1ctica, flexible y con las herramientas que ya usas a diario.<\/p>\n<p>\u2705 Aprendizaje sin complicaciones<br \/>\n\u2705 Contenidos claros y aplicables, sin barreras t\u00e9cnicas.<br \/>\n\u2705 Optimizado para dispositivos m\u00f3viles y entornos digitales cotidianos[\/vc_column_text][\/vc_column][\/vc_row][vc_row text_align=\u00bbcenter\u00bb text_color=\u00bb#ffffff\u00bb type=\u00bbcolor\u00bb bg_color=\u00bb#000000&#8243; padding_top=\u00bb20&#8243; padding_bottom=\u00bb20&#8243; overflow=\u00bbfalse\u00bb visibility=\u00bbvisible-xs,visible-sm,visible-md,visible-lg,visible-xlg\u00bb][vc_column][vc_separator color=\u00bbwhite\u00bb border_width=\u00bb3&#8243;][vc_column_text]<\/p>\n<h1 style=\"text-align: center;\">Tres modalidades de formaci\u00f3n<\/h1>\n<p>[\/vc_column_text][vc_separator color=\u00bbwhite\u00bb border_width=\u00bb3&#8243;][\/vc_column][\/vc_row][vc_row type=\u00bbcolor\u00bb bg_color=\u00bb#ffffff\u00bb padding_top=\u00bb10&#8243; padding_bottom=\u00bb0&#8243; visibility=\u00bbvisible-xs,visible-sm,visible-md,visible-lg,visible-xlg\u00bb][vc_column width=\u00bb1\/3&#8243;][vc_tta_accordion active_section=\u00bb1&#8243; title=\u00bbMicrocursos\u00bb][vc_tta_section title=\u00bb\u00bfC\u00f3mo funciona?\u00bb tab_id=\u00bb1745875983412-56f1cafe-178c\u00bb][vc_column_text]Nuestra innovadora propuesta combina <strong>microclases asincr\u00f3nicas<\/strong> con un encuentro virtual en vivo de 2 horas, guiado por docentes expertos en la tem\u00e1tica.[\/vc_column_text][\/vc_tta_section][vc_tta_section title=\u00bbPrincipales caracter\u00edsticas\u00bb tab_id=\u00bb1745875983426-ff923d3a-f3f1&#8243;][vc_column_text]<strong>C\u00e1psulas de aprendizaje breves<\/strong> (6 a 10 min cada una), dise\u00f1adas para consumirse de forma flexible desde cualquier dispositivo m\u00f3vil, incluso a trav\u00e9s de WhatsApp.<\/p>\n<p><strong>Encuentro sincr\u00f3nico<\/strong> con un docente especializado para profundizar, debatir y resolver dudas.[\/vc_column_text][\/vc_tta_section][vc_tta_section title=\u00bbBeneficios clave\u00bb tab_id=\u00bb1745876294363-987b5001-7fb0&#8243;][vc_column_text]\u2714 <strong>Accesibilidad:<\/strong> Aprende donde y cuando quieras.<br \/>\n\u2714 <strong>Enfoque pr\u00e1ctico:<\/strong> Contenidos concisos centrados en lo esencial.<br \/>\n\u2714 <strong>Interacci\u00f3n significativa:<\/strong> Combina autonom\u00eda con discusi\u00f3n guiada.<br \/>\n\u2714 <strong>Escalable:<\/strong> Ideal para grupos peque\u00f1os o grandes audiencias.<\/p>\n<p>Perfecto para quienes buscan formaci\u00f3n r\u00e1pida, din\u00e1mica y de calidad.[\/vc_column_text][\/vc_tta_section][\/vc_tta_accordion][\/vc_column][vc_column width=\u00bb1\/3&#8243;][vc_tta_accordion active_section=\u00bb1&#8243; title=\u00bbVirtuales sincr\u00f3nicos\u00bb][vc_tta_section title=\u00bb\u00bfDe qu\u00e9 se trata?\u00bb tab_id=\u00bb1745877080785-8491eb1a-005c\u00bb][vc_column_text]Vive una <strong>experiencia interactiva<\/strong> en nuestros talleres virtuales sincr\u00f3nicos, donde explorar\u00e1s herramientas de IA en tiempo real, guiado por docentes expertos y en colaboraci\u00f3n con otros participantes.[\/vc_column_text][\/vc_tta_section][vc_tta_section title=\u00bb\u00bfQu\u00e9 incluye?\u00bb tab_id=\u00bb1745877080802-5a836ab5-3ff6&#8243;][vc_column_text]\u2705 <strong>Sesiones pr\u00e1cticas en vivo<\/strong>: prueba herramientas de IA en el momento con apoyo docente.<br \/>\n\u2705 <strong>Din\u00e1mica de taller<\/strong>: aprende junto a tus pares en un entorno colaborativo en l\u00ednea.<br \/>\n\u2705 <strong>Plataforma interactiva:<\/strong> accede desde cualquier lugar y participe activamente.[\/vc_column_text][\/vc_tta_section][vc_tta_section title=\u00bbVentajas\u00bb tab_id=\u00bb1745877080823-f0a558e0-22b7&#8243;][vc_column_text]Ideal para quienes buscan:<\/p>\n<ul>\n<li>Aplicar conocimientos al instante en un entorno guiado.<\/li>\n<li>Interactuar y resolver dudas en tiempo real con especialistas.<\/li>\n<li>Trabajar en equipo y ampliar tu red de contactos.<\/li>\n<\/ul>\n<p>[\/vc_column_text][\/vc_tta_section][\/vc_tta_accordion][\/vc_column][vc_column width=\u00bb1\/3&#8243;][vc_tta_accordion active_section=\u00bb1&#8243; title=\u00bbConferencias magistrales\u00bb][vc_tta_section title=\u00bbCaracter\u00edsticas\u00bb tab_id=\u00bb1745877668333-0ae94fab-0d51&#8243;][vc_column_text]Una <strong>experiencia inspiradora<\/strong> con nuestros eventos exclusivos, donde expertos reconocidos comparten las \u00faltimas tendencias, innovaciones y desaf\u00edos de la Inteligencia Artificial en tu sector.[\/vc_column_text][\/vc_tta_section][vc_tta_section title=\u00bb\u00bfQu\u00e9 ofrece esta experiencia?\u00bb tab_id=\u00bb1745877668360-8242c8e7-183e\u00bb][vc_column_text]\ud83d\udd39 <strong>Conocimiento de vanguardia:<\/strong> descubre aplicaciones pr\u00e1cticas y casos reales de IA en tu campo.<br \/>\n\ud83d\udd39 <strong>Networking de valor:<\/strong> conecta con profesionales y l\u00edderes de la industria.<br \/>\n\ud83d\udd39 <strong>Interacci\u00f3n directa:<\/strong> participa en debates y resoluci\u00f3n de desaf\u00edos con el experto.[\/vc_column_text][\/vc_tta_section][vc_tta_section title=\u00bb\u00bfA qui\u00e9n est\u00e1n dirigidas?\u00bb tab_id=\u00bb1745877668384-03767cd2-b33d\u00bb][vc_column_text]<\/p>\n<ul>\n<li>Profesionales que buscan mantenerse a la vanguardia en IA.<\/li>\n<li>Empresas interesadas en aplicaciones concretas para su sector.<\/li>\n<li>Quienes valoran el aprendizaje cara a cara con referentes.<\/li>\n<\/ul>\n<p>Una oportunidad \u00fanica para ampliar tus perspectivas y conectar con el futuro de la IA.[\/vc_column_text][\/vc_tta_section][\/vc_tta_accordion][\/vc_column][\/vc_row][vc_row text_align=\u00bbcenter\u00bb text_color=\u00bb#ffffff\u00bb type=\u00bbcolor\u00bb bg_color=\u00bb#000000&#8243; padding_top=\u00bb20&#8243; padding_bottom=\u00bb20&#8243; overflow=\u00bbfalse\u00bb visibility=\u00bbvisible-xs,visible-sm,visible-md,visible-lg,visible-xlg\u00bb][vc_column][vc_separator color=\u00bbwhite\u00bb border_width=\u00bb3&#8243;][vc_column_text]<\/p>\n<h1 style=\"text-align: center;\">Explora nuestras tem\u00e1ticas clave<\/h1>\n<p>[\/vc_column_text][vc_separator color=\u00bbwhite\u00bb border_width=\u00bb3&#8243;][\/vc_column][\/vc_row][vc_row type=\u00bbcolor\u00bb bg_color=\u00bb#ffffff\u00bb padding_top=\u00bb10&#8243; padding_bottom=\u00bb0&#8243; visibility=\u00bbvisible-xs,visible-sm,visible-md,visible-lg,visible-xlg\u00bb][vc_column][vc_tta_accordion active_section=\u00bb1&#8243; title=\u00bbFormaci\u00f3n pr\u00e1ctica en IA aplicada a tu campo profesional\u00bb][vc_tta_section title=\u00bb\ud83d\udcda Transformaci\u00f3n Digital\u00bb tab_id=\u00bb1745879518767-bd175642-f3b0&#8243;][vc_column_text]<\/p>\n<ul>\n<li style=\"text-align: left;\">Tecnolog\u00edas digitales, \u00bfc\u00f3mo se puede adoptar la IA en el sector p\u00fablico?<\/li>\n<li style=\"text-align: left;\">IA en el \u00e1mbito educativo<\/li>\n<li style=\"text-align: left;\">Nuevas pr\u00e1cticas de gesti\u00f3n abierta, la IA en el centro de la escena<\/li>\n<li style=\"text-align: left;\">El uso de la IA en pr\u00e1cticas legislativas<\/li>\n<li>Conceptos claves para entender las inteligencias artificiales<\/li>\n<\/ul>\n<p>[\/vc_column_text][\/vc_tta_section][vc_tta_section title=\u00bb\ud83c\udfa8 Creatividad &amp; Comunicaci\u00f3n\u00bb tab_id=\u00bb1745879767520-83666f70-0f7b\u00bb][vc_column_text]<\/p>\n<ul>\n<li>IA para periodistas<\/li>\n<li>Marketing e IA<\/li>\n<li>IA y dise\u00f1o<\/li>\n<li>Presentaciones, visualizaciones y an\u00e1lisis de datos con IA<\/li>\n<\/ul>\n<p>[\/vc_column_text][\/vc_tta_section][vc_tta_section title=\u00bb\u2699\ufe0f Desarrollo T\u00e9cnico\u00bb tab_id=\u00bb1745879828947-88840db6-b7fa\u00bb][vc_column_text]<\/p>\n<ul>\n<li>Miner\u00eda de texto en la oficina<\/li>\n<li>\u00bfC\u00f3mo personalizar tu Chatbot?<\/li>\n<li>Administraci\u00f3n p\u00fablica\u00a0 y herramientas inform\u00e1ticas basadas en IA<\/li>\n<\/ul>\n<p>[\/vc_column_text][\/vc_tta_section][\/vc_tta_accordion][\/vc_column][\/vc_row][vc_row text_align=\u00bbcenter\u00bb text_color=\u00bb#ffffff\u00bb type=\u00bbcolor\u00bb bg_color=\u00bb#000000&#8243; padding_top=\u00bb20&#8243; padding_bottom=\u00bb20&#8243; overflow=\u00bbfalse\u00bb visibility=\u00bbvisible-xs,visible-sm,visible-md,visible-lg,visible-xlg\u00bb][vc_column][vc_column_text]<\/p>\n<h1 style=\"text-align: center;\">Descubre nuestro impacto en la formaci\u00f3n digital<\/h1>\n<p>[\/vc_column_text][\/vc_column][\/vc_row][vc_row text_align=\u00bbcenter\u00bb text_color=\u00bb#ffffff\u00bb type=\u00bbcolor\u00bb bg_color=\u00bb#000000&#8243; padding_top=\u00bb20&#8243; padding_bottom=\u00bb20&#8243; overflow=\u00bbfalse\u00bb visibility=\u00bbvisible-xs,visible-sm,visible-md,visible-lg,visible-xlg\u00bb][vc_column width=\u00bb1\/2&#8243;][vc_hoverbox image=\u00bb362&#8243; primary_title=\u00bb\ud83d\udc49 IA Y POL\u00cdTICA\u00bb hover_title=\u00bbIA Y POL\u00cdTICA\u00bb hover_align=\u00bbleft\u00bb shape=\u00bbsquare\u00bb hover_background_color=\u00bbblack\u00bb hover_btn_title=\u00bb+ info\u00bb hover_add_button=\u00bbtrue\u00bb hover_btn_link=\u00bburl:https%3A%2F%2Fsociedadesdigitales.org%2Fweb%2Finteligencia-artificial-y-politica%2F\u00bb]<\/p>\n<p style=\"text-align: left;\"><span style=\"font-weight: 400;\">Con la participaci\u00f3n de 20 especialistas en temas de IA, el curso abord\u00f3 de forma pr\u00e1ctica y sencilla diferentes dimensiones de esta tecnolog\u00eda, desde su origen, funcionamiento y usos pr\u00e1cticos en el \u00e1mbito laboral, educativo, pol\u00edtico y social. Tambi\u00e9n exploramos aspectos \u00e9ticos, geopol\u00edticos y ambientales. Participaron 2500 personas de toda Iberoam\u00e9rica. Los contenidos tuvieron un soporte audiovisual y se generaron 30 microcontenidos. Finalizamos con un encuentro de reflexi\u00f3n y debate.<\/span><\/p>\n<p>[\/vc_hoverbox][\/vc_column][vc_column width=\u00bb1\/2&#8243;][vc_hoverbox image=\u00bb1463&#8243; primary_title=\u00bb\ud83d\udc49 DESARROLLO WEB Y DE VIDEOJUEGOS\u00bb hover_title=\u00bbDESARROLLO WEB Y DE VIDEOJUEGOS\u00bb hover_align=\u00bbleft\u00bb shape=\u00bbsquare\u00bb hover_background_color=\u00bbblack\u00bb hover_btn_title=\u00bb+ info\u00bb hover_add_button=\u00bbtrue\u00bb hover_btn_link=\u00bburl:https%3A%2F%2Fsociedadesdigitales.org%2Fweb%2F2023%2F12%2F29%2Fformacion-de-programadores-web-y-desarrolladores-de-videojuegos%2F\u00bb]<\/p>\n<p style=\"text-align: left;\"><span style=\"font-weight: 400;\">Desarrollador Web fue pensado para entender cu\u00e1les son las herramientas b\u00e1sicas de programaci\u00f3n y adquirir habilidades digitales para gestionar el uso de manera correcta de las herramientas de programaci\u00f3n: frontend, backend y base de datos.<\/span><\/p>\n<p style=\"text-align: left;\"><span style=\"font-weight: 400;\">En el caso de Desarrollador de Videojuegos, nos orientamos a personas que quisieran introducirse en el mundo del desarrollo 3D, y a la programaci\u00f3n en C#<\/span><\/p>\n<p>[\/vc_hoverbox][\/vc_column][\/vc_row][vc_row text_align=\u00bbcenter\u00bb text_color=\u00bb#ffffff\u00bb type=\u00bbcolor\u00bb bg_color=\u00bb#000000&#8243; padding_top=\u00bb20&#8243; padding_bottom=\u00bb20&#8243; overflow=\u00bbfalse\u00bb visibility=\u00bbvisible-xs,visible-sm,visible-md,visible-lg,visible-xlg\u00bb][vc_column width=\u00bb1\/2&#8243;][vc_hoverbox image=\u00bb3288&#8243; primary_title=\u00bb\ud83d\udc49 COMPUTACI\u00d3N CU\u00c1NTICA Y POL\u00cdTICA\u00bb hover_title=\u00bbCOMPUTACI\u00d3N CU\u00c1NTICA Y POL\u00cdTICA\u00bb hover_align=\u00bbleft\u00bb shape=\u00bbsquare\u00bb hover_background_color=\u00bbblack\u00bb hover_btn_title=\u00bb+ info\u00bb hover_add_button=\u00bbtrue\u00bb hover_btn_link=\u00bburl:https%3A%2F%2Fsociedadesdigitales.org%2Fweb%2F2025%2F11%2F15%2Fcomputacion-cuantica-y-politica%2F\u00bb]<\/p>\n<p style=\"text-align: left;\">Const\u00f3 de 5 c\u00e1psulas tem\u00e1ticas elaboradas por expertos y expertas de Iberoam\u00e9rica, y un encuentro virtual en vivo donde se debatieron los desaf\u00edos pol\u00edticos, econ\u00f3micos y sociales que plantean las tecnolog\u00edas cu\u00e1nticas. Porque el objetivo principal fue poder brindar herramientas para que tomadores de decisiones tengan una comprensi\u00f3n r\u00e1pida y estrat\u00e9gica de la tecnolog\u00eda que ya est\u00e1 transformando la econom\u00eda, la seguridad y los desarrollos tecnol\u00f3gicos.<\/p>\n<p>[\/vc_hoverbox][\/vc_column][vc_column width=\u00bb1\/2&#8243;][vc_hoverbox image=\u00bb577&#8243; primary_title=\u00bb\ud83d\udc49 CONVERSATORIOS VIRTUALES\u00bb hover_title=\u00bbCONVERSATORIOS VIRTUALES\u00bb hover_align=\u00bbleft\u00bb shape=\u00bbsquare\u00bb hover_background_color=\u00bbblack\u00bb hover_btn_title=\u00bb+ info\u00bb hover_add_button=\u00bbtrue\u00bb hover_btn_link=\u00bburl:https%3A%2F%2Fsociedadesdigitales.org%2Fweb%2Fconversatorios-2022%2F\u00bb]<\/p>\n<ul>\n<li><span style=\"font-weight: 400;\">Blockchain m\u00e1s que dinero digital, a cargo de Ariel Vercelli<\/span><\/li>\n<li><span style=\"font-weight: 400;\">Relaciones laborales en el entorno digital, a cargo de Lucia Velazco y Esther Pe\u00f1a Camarero<\/span><\/li>\n<li><span style=\"font-weight: 400;\">Camino hacia la transformaci\u00f3n digital del Estado, a cargo de Luis Papagni<\/span><\/li>\n<li><span style=\"font-weight: 400;\">Retos \u00e9ticos y sociales en la era digital, a cargo de Pablo Diaz<\/span><\/li>\n<li><span style=\"font-weight: 400;\">Tecnolog\u00edas 4.0 y las ciudades digitales, a cargo de Alejandro Prince\u00a0<\/span><\/li>\n<\/ul>\n<p>[\/vc_hoverbox][\/vc_column][\/vc_row][vc_row type=\u00bbcolor\u00bb bg_color=\u00bb#ffffff\u00bb padding_top=\u00bb20&#8243; padding_bottom=\u00bb20&#8243; overflow=\u00bbfalse\u00bb visibility=\u00bbvisible-xs,visible-sm,visible-md,visible-lg,visible-xlg\u00bb][vc_column][vc_separator color=\u00bbblack\u00bb border_width=\u00bb3&#8243;][vc_column_text]<\/p>\n<h2 style=\"text-align: center;\">\u00a1Potencia tu equipo con IA!<\/h2>\n<h3 style=\"text-align: center;\">Coordina una capacitaci\u00f3n a medida completando estos datos<\/h3>\n<p>[\/vc_column_text][vc_separator color=\u00bbblack\u00bb border_width=\u00bb3&#8243;]<div class=\"wpforms-container wpforms-container-full wpforms-render-modern\" id=\"wpforms-2109\"><form id=\"wpforms-form-2109\" class=\"wpforms-validate wpforms-form wpforms-ajax-form\" data-formid=\"2109\" method=\"post\" enctype=\"multipart\/form-data\" action=\"\/web\/wp-json\/wp\/v2\/pages\/2690\" data-token=\"03a05ca221b49226bbfaf889a348ec7b\" data-token-time=\"1776520270\"><noscript class=\"wpforms-error-noscript\">Por favor, activa JavaScript en tu navegador para completar este formulario.<\/noscript><div class=\"wpforms-hidden\" id=\"wpforms-error-noscript\">Por favor, activa JavaScript en tu navegador para completar este formulario.<\/div><div class=\"wpforms-field-container\"><div id=\"wpforms-2109-field_1-container\" class=\"wpforms-field wpforms-field-name\" data-field-id=\"1\"><fieldset><legend class=\"wpforms-field-label\">Nombre <span class=\"wpforms-required-label\" aria-hidden=\"true\">*<\/span><\/legend><div class=\"wpforms-field-row wpforms-field-medium\"><div class=\"wpforms-field-row-block wpforms-first wpforms-one-half\"><input type=\"text\" id=\"wpforms-2109-field_1\" class=\"wpforms-field-name-first wpforms-field-required\" name=\"wpforms[fields][1][first]\" aria-errormessage=\"wpforms-2109-field_1-error\" required><label for=\"wpforms-2109-field_1\" class=\"wpforms-field-sublabel after\">Nombre<\/label><\/div><div class=\"wpforms-field-row-block wpforms-one-half\"><input type=\"text\" id=\"wpforms-2109-field_1-last\" class=\"wpforms-field-name-last wpforms-field-required\" name=\"wpforms[fields][1][last]\" aria-errormessage=\"wpforms-2109-field_1-last-error\" required><label for=\"wpforms-2109-field_1-last\" class=\"wpforms-field-sublabel after\">Apellidos<\/label><\/div><\/div><\/fieldset><\/div><div id=\"wpforms-2109-field_2-container\" class=\"wpforms-field wpforms-field-email\" data-field-id=\"2\"><label class=\"wpforms-field-label\" for=\"wpforms-2109-field_2\">Correo electr\u00f3nico <span class=\"wpforms-required-label\" aria-hidden=\"true\">*<\/span><\/label><input type=\"email\" id=\"wpforms-2109-field_2\" class=\"wpforms-field-medium wpforms-field-required\" name=\"wpforms[fields][2]\" spellcheck=\"false\" aria-errormessage=\"wpforms-2109-field_2-error\" required><\/div><div id=\"wpforms-2109-field_4-container\" class=\"wpforms-field wpforms-field-number color fff\" data-field-id=\"4\"><label class=\"wpforms-field-label\" for=\"wpforms-2109-field_4\">Tel\u00e9fono <span class=\"wpforms-required-label\" aria-hidden=\"true\">*<\/span><\/label><input type=\"number\" id=\"wpforms-2109-field_4\" class=\"wpforms-field-medium wpforms-field-required\" name=\"wpforms[fields][4]\" aria-errormessage=\"wpforms-2109-field_4-error\" required><\/div><div id=\"wpforms-2109-field_3-container\" class=\"wpforms-field wpforms-field-textarea\" data-field-id=\"3\"><label class=\"wpforms-field-label\" for=\"wpforms-2109-field_3\">Mensaje <span class=\"wpforms-required-label\" aria-hidden=\"true\">*<\/span><\/label><textarea id=\"wpforms-2109-field_3\" class=\"wpforms-field-medium wpforms-field-required\" name=\"wpforms[fields][3]\" aria-errormessage=\"wpforms-2109-field_3-error\" required><\/textarea><\/div><\/div><!-- .wpforms-field-container --><div class=\"wpforms-submit-container\" ><input type=\"hidden\" name=\"wpforms[id]\" value=\"2109\"><input type=\"hidden\" name=\"page_title\" value=\"\"><input type=\"hidden\" name=\"page_url\" value=\"https:\/\/sociedadesdigitales.org\/web\/wp-json\/wp\/v2\/pages\/2690\"><button type=\"submit\" name=\"wpforms[submit]\" id=\"wpforms-submit-2109\" class=\"wpforms-submit\" data-alt-text=\"Enviando...\" data-submit-text=\"Enviar\" aria-live=\"assertive\" value=\"wpforms-submit\">Enviar<\/button><img loading=\"lazy\" decoding=\"async\" src=\"https:\/\/sociedadesdigitales.org\/web\/wp-content\/plugins\/wpforms-lite\/assets\/images\/submit-spin.svg\" class=\"wpforms-submit-spinner\" style=\"display: none;\" width=\"26\" height=\"26\" alt=\"Cargando\"><\/div><\/form><\/div>  <!-- .wpforms-container -->[\/vc_column][\/vc_row]<\/p>\n<\/div>","protected":false},"excerpt":{"rendered":"<p>[vc_row full_height=\u00bbyes\u00bb type=\u00bbimage\u00bb bg_position=\u00bbcenter\u00bb bg_position_horizontal=\u00bbright\u00bb bg_attachment=\u00bbtrue\u00bb padding_top=\u00bb0&#8243; padding_bottom=\u00bb0&#8243; overflow=\u00bbfalse\u00bb visibility=\u00bbhidden-xs,visible-sm,visible-md,visible-lg,visible-xlg\u00bb bg_image=\u00bb2769&#8243;][vc_column width=\u00bb1\/3&#8243;][\/vc_column][vc_column width=\u00bb1\/3&#8243;][\/vc_column][vc_column width=\u00bb1\/3&#8243;][\/vc_column][\/vc_row][vc_row visibility=\u00bbvisible-xs,visible-sm,visible-md,visible-lg,visible-xlg\u00bb][vc_column][vc_column_text] Educaci\u00f3n digital centrada en las personas, no en las pantallas Impulsado por la Fundaci\u00f3n Sociedades Digitales, Campus IA es tu plataforma con un enfoque centrado en la \u00e9tica algor\u00edtmica destinada a la formaci\u00f3n de tomadores de decisiones, representantes sindicales, dirigentes, l\u00edderes, activistas sociales e interesados [&hellip;]<\/p>\n","protected":false},"author":2,"featured_media":2698,"parent":0,"menu_order":0,"comment_status":"closed","ping_status":"closed","template":"","meta":{"_uag_custom_page_level_css":"","_monsterinsights_skip_tracking":false,"_monsterinsights_sitenote_active":false,"_monsterinsights_sitenote_note":"","_monsterinsights_sitenote_category":0,"footnotes":""},"class_list":["post-2690","page","type-page","status-publish","has-post-thumbnail","hentry"],"aioseo_notices":[],"uagb_featured_image_src":{"full":["https:\/\/sociedadesdigitales.org\/web\/wp-content\/uploads\/2025\/04\/ialogo2.jpg",597,218,false],"thumbnail":["https:\/\/sociedadesdigitales.org\/web\/wp-content\/uploads\/2025\/04\/ialogo2-150x150.jpg",150,150,true],"medium":["https:\/\/sociedadesdigitales.org\/web\/wp-content\/uploads\/2025\/04\/ialogo2-300x110.jpg",300,110,true],"medium_large":["https:\/\/sociedadesdigitales.org\/web\/wp-content\/uploads\/2025\/04\/ialogo2.jpg",597,218,false],"large":["https:\/\/sociedadesdigitales.org\/web\/wp-content\/uploads\/2025\/04\/ialogo2.jpg",597,218,false],"1536x1536":["https:\/\/sociedadesdigitales.org\/web\/wp-content\/uploads\/2025\/04\/ialogo2.jpg",597,218,false],"2048x2048":["https:\/\/sociedadesdigitales.org\/web\/wp-content\/uploads\/2025\/04\/ialogo2.jpg",597,218,false],"post-thumbnail":["https:\/\/sociedadesdigitales.org\/web\/wp-content\/uploads\/2025\/04\/ialogo2.jpg",597,218,false],"kleo-full-width":["https:\/\/sociedadesdigitales.org\/web\/wp-content\/uploads\/2025\/04\/ialogo2.jpg",597,218,false],"kleo-post-gallery":["https:\/\/sociedadesdigitales.org\/web\/wp-content\/uploads\/2025\/04\/ialogo2-480x218.jpg",480,218,true],"kleo-post-grid":["https:\/\/sociedadesdigitales.org\/web\/wp-content\/uploads\/2025\/04\/ialogo2-480x175.jpg",480,175,true],"kleo-post-small-thumb":["https:\/\/sociedadesdigitales.org\/web\/wp-content\/uploads\/2025\/04\/ialogo2-480x218.jpg",480,218,true]},"uagb_author_info":{"display_name":"Fundaci\u00f3n Sociedades Digitales","author_link":"https:\/\/sociedadesdigitales.org\/web\/author\/admin\/"},"uagb_comment_info":0,"uagb_excerpt":"[vc_row full_height=\u00bbyes\u00bb type=\u00bbimage\u00bb bg_position=\u00bbcenter\u00bb bg_position_horizontal=\u00bbright\u00bb bg_attachment=\u00bbtrue\u00bb padding_top=\u00bb0&#8243; padding_bottom=\u00bb0&#8243; overflow=\u00bbfalse\u00bb visibility=\u00bbhidden-xs,visible-sm,visible-md,visible-lg,visible-xlg\u00bb bg_image=\u00bb2769&#8243;][vc_column width=\u00bb1\/3&#8243;][\/vc_column][vc_column width=\u00bb1\/3&#8243;][\/vc_column][vc_column width=\u00bb1\/3&#8243;][\/vc_column][\/vc_row][vc_row visibility=\u00bbvisible-xs,visible-sm,visible-md,visible-lg,visible-xlg\u00bb][vc_column][vc_column_text] Educaci\u00f3n digital centrada en las personas, no en las pantallas Impulsado por la Fundaci\u00f3n Sociedades Digitales, Campus IA es tu plataforma con un enfoque centrado en la \u00e9tica algor\u00edtmica destinada a la formaci\u00f3n de tomadores de decisiones, representantes sindicales, dirigentes,&hellip;","_links":{"self":[{"href":"https:\/\/sociedadesdigitales.org\/web\/wp-json\/wp\/v2\/pages\/2690","targetHints":{"allow":["GET"]}}],"collection":[{"href":"https:\/\/sociedadesdigitales.org\/web\/wp-json\/wp\/v2\/pages"}],"about":[{"href":"https:\/\/sociedadesdigitales.org\/web\/wp-json\/wp\/v2\/types\/page"}],"author":[{"embeddable":true,"href":"https:\/\/sociedadesdigitales.org\/web\/wp-json\/wp\/v2\/users\/2"}],"replies":[{"embeddable":true,"href":"https:\/\/sociedadesdigitales.org\/web\/wp-json\/wp\/v2\/comments?post=2690"}],"version-history":[{"count":129,"href":"https:\/\/sociedadesdigitales.org\/web\/wp-json\/wp\/v2\/pages\/2690\/revisions"}],"predecessor-version":[{"id":3292,"href":"https:\/\/sociedadesdigitales.org\/web\/wp-json\/wp\/v2\/pages\/2690\/revisions\/3292"}],"wp:featuredmedia":[{"embeddable":true,"href":"https:\/\/sociedadesdigitales.org\/web\/wp-json\/wp\/v2\/media\/2698"}],"wp:attachment":[{"href":"https:\/\/sociedadesdigitales.org\/web\/wp-json\/wp\/v2\/media?parent=2690"}],"curies":[{"name":"wp","href":"https:\/\/api.w.org\/{rel}","templated":true}]}}