{"id":2577,"date":"2024-10-03T01:42:53","date_gmt":"2024-10-03T04:42:53","guid":{"rendered":"https:\/\/sociedadesdigitales.org\/web\/?page_id=2577"},"modified":"2026-03-26T14:39:50","modified_gmt":"2026-03-26T17:39:50","slug":"camila-chirino","status":"publish","type":"page","link":"https:\/\/sociedadesdigitales.org\/web\/camila-chirino\/","title":{"rendered":"Camila Chirino"},"content":{"rendered":"<div class=\"wpb-content-wrapper\"><p>[vc_row][vc_column width=\u00bb1\/2&#8243;][vc_single_image image=\u00bb2578&#8243; img_size=\u00bbmedium\u00bb alignment=\u00bbcenter\u00bb][\/vc_column][vc_column width=\u00bb1\/2&#8243;][vc_column_text]<\/p>\n<p dir=\"ltr\">Camila Chirino, doctora en Ciencia Pol\u00edtica por la Universidad Torcuato Di Tella (UTDT), cuenta con un Master en Alta Direcci\u00f3n P\u00fablica por el Instituto Universitario Ortega y Gasset (IUOG \u2013 Espa\u00f1a), y Licenciada en Ciencia Pol\u00edtica por la Universidad de Buenos Aires (UBA).<\/p>\n<p dir=\"ltr\">Directora Ejecutiva de la Fundaci\u00f3n Sociedades Digitales. Especialista en planificaci\u00f3n e implementaci\u00f3n de proyectos para la adopci\u00f3n de tecnolog\u00edas digitales y docente en actividades de capacitaci\u00f3n laboral en Inteligencia Artificial.<\/p>\n<p dir=\"ltr\">En el \u00e1mbito acad\u00e9mico da clases en la Maestr\u00eda en Gesti\u00f3n P\u00fablica y Desarrollo Gubernamental de la Facultad de Econ\u00f3micas de la Universidad de Buenos Aires (FCE-UBA) y ha sido docente de Administraci\u00f3n P\u00fablica en FCE-UBA y en la Universidad de Palermo. Investiga temas vinculados a gobierno abierto y digital. Es coautora del libro Materia Estado (2023) y autora de varios documentos acad\u00e9micos, as\u00ed como art\u00edculos de divulgaci\u00f3n.<\/p>\n<p>[\/vc_column_text][\/vc_column][\/vc_row][vc_row][vc_column][vc_separator color=\u00bbblack\u00bb][vc_column_text]<\/p>\n<h1 style=\"text-align: center;\">Publicaciones<\/h1>\n<p>[\/vc_column_text]\n\t<div class=\"sq-posts-data\" style=\"display: none;\"><input type=\"hidden\" id=\"post-security\" name=\"post-security\" value=\"99e7a02b2a\" \/><input type=\"hidden\" name=\"_wp_http_referer\" value=\"\/web\/wp-json\/wp\/v2\/pages\/2577\" \/><input type=\"hidden\" name=\"pitem\" value=\"0\"><input type=\"hidden\" name=\"post_id\" value=\"2577\"><\/div>\n\t\n\t\n\t\t<div class=\"posts-listing responsive-cols kleo-masonry per-row-4 with-meta masonry-listing\">\n\n\t\n\t\n<article id=\"post-3411\" class=\"post-item post-3411 post type-post status-publish format-standard has-post-thumbnail hentry category-camila category-inteligencia-artificial\">\n    <div class=\"post-content animated animate-when-almost-visible el-appear\">\n\n\t\t<div class=\"post-image\"><a href=\"https:\/\/sociedadesdigitales.org\/web\/2026\/03\/22\/primer-encuentro-comunidades-informaticas-hacia-una-regulacion-situada-de-las-ia\/\" class=\"element-wrap\"><img loading=\"lazy\" decoding=\"async\" width=\"480\" height=\"216\" src=\"https:\/\/sociedadesdigitales.org\/web\/wp-content\/uploads\/2026\/03\/FoCo-Primer-encuentro-de-la-comunidad-de-informaticos_portada-480x216.jpg\" class=\"attachment-kleo-post-grid size-kleo-post-grid wp-post-image\" alt=\"FoCo Primer encuentro de la comunidad de informaticos_portada\" srcset=\"https:\/\/sociedadesdigitales.org\/web\/wp-content\/uploads\/2026\/03\/FoCo-Primer-encuentro-de-la-comunidad-de-informaticos_portada-480x216.jpg 480w, https:\/\/sociedadesdigitales.org\/web\/wp-content\/uploads\/2026\/03\/FoCo-Primer-encuentro-de-la-comunidad-de-informaticos_portada-300x135.jpg 300w, https:\/\/sociedadesdigitales.org\/web\/wp-content\/uploads\/2026\/03\/FoCo-Primer-encuentro-de-la-comunidad-de-informaticos_portada-1024x461.jpg 1024w, https:\/\/sociedadesdigitales.org\/web\/wp-content\/uploads\/2026\/03\/FoCo-Primer-encuentro-de-la-comunidad-de-informaticos_portada-768x346.jpg 768w, https:\/\/sociedadesdigitales.org\/web\/wp-content\/uploads\/2026\/03\/FoCo-Primer-encuentro-de-la-comunidad-de-informaticos_portada-1536x691.jpg 1536w, https:\/\/sociedadesdigitales.org\/web\/wp-content\/uploads\/2026\/03\/FoCo-Primer-encuentro-de-la-comunidad-de-informaticos_portada-2048x922.jpg 2048w, https:\/\/sociedadesdigitales.org\/web\/wp-content\/uploads\/2026\/03\/FoCo-Primer-encuentro-de-la-comunidad-de-informaticos_portada-672x302.jpg 672w, https:\/\/sociedadesdigitales.org\/web\/wp-content\/uploads\/2026\/03\/FoCo-Primer-encuentro-de-la-comunidad-de-informaticos_portada-1038x467.jpg 1038w\" sizes=\"auto, (max-width: 480px) 100vw, 480px\" \/><span class=\"hover-element\"><i>+<\/i><\/span><\/a><\/div><!--end post-image-->\n\t\t\n            <div class=\"post-header\">\n\n\t\t\t\t                    <h3 class=\"post-title entry-title\"><a href=\"https:\/\/sociedadesdigitales.org\/web\/2026\/03\/22\/primer-encuentro-comunidades-informaticas-hacia-una-regulacion-situada-de-las-ia\/\">Primer encuentro comunidades Inform\u00e1ticas: hacia una regulaci\u00f3n situada de las IA<\/a>\n                    <\/h3>\n\t\t\t\t\n                <span class=\"post-meta\">\n                    <small><a href=\"https:\/\/sociedadesdigitales.org\/web\/2026\/03\/22\/primer-encuentro-comunidades-informaticas-hacia-una-regulacion-situada-de-las-ia\/\" rel=\"bookmark\" class=\"post-time\"><time class=\"entry-date\" datetime=\"2026-03-22T13:04:06-03:00\">22\/03\/2026<\/time><time class=\"modify-date hide hidden updated\" datetime=\"2026-03-22T14:33:06-03:00\">22\/03\/2026<\/time><\/a><\/small>                <\/span>\n\n            <\/div><!--end post-header-->\n\n\t\t\t\n\t\t\t\t                    <div class=\"post-info\">\n\n                        <div class=\"entry-summary\">\n\t\t\t\t\t\t\t<p>Propusimos un debate que trascienda la coyuntura y se enfoque en la complejidad t\u00e9cnica y social de estas herramientas.<\/p>                        <\/div><!-- .entry-summary -->\n\n                    <\/div><!--end post-info-->\n\t\t\t\t\n\t\t\t\n\t\t\n        <div class=\"post-footer\">\n            <small>\n\t\t\t\t\n\t\t\t\t                    <a href=\"https:\/\/sociedadesdigitales.org\/web\/2026\/03\/22\/primer-encuentro-comunidades-informaticas-hacia-una-regulacion-situada-de-las-ia\/\"><span class=\"muted pull-right\">\n\t\t\t\t\t\tLeer m\u00e1s<\/span>\n                    <\/a>\n\t\t\t\t\n            <\/small>\n        <\/div><!--end post-footer-->\n\n    <\/div><!--end post-content-->\n<\/article>\n\n\n<article id=\"post-3251\" class=\"post-item post-3251 post type-post status-publish format-standard has-post-thumbnail hentry category-camila category-inteligencia-artificial\">\n    <div class=\"post-content animated animate-when-almost-visible el-appear\">\n\n\t\t<div class=\"post-image\"><a href=\"https:\/\/sociedadesdigitales.org\/web\/2025\/12\/05\/la-fundacion-sociedades-digitales-en-los-dialogos-de-alto-nivel-caf-pnud-sobre-gobernanza-digital\/\" class=\"element-wrap\"><img loading=\"lazy\" decoding=\"async\" width=\"480\" height=\"296\" src=\"https:\/\/sociedadesdigitales.org\/web\/wp-content\/uploads\/2025\/12\/CAF-en-Uruguay-480x296.jpeg\" class=\"attachment-kleo-post-grid size-kleo-post-grid wp-post-image\" alt=\"CAF en Uruguay\" srcset=\"https:\/\/sociedadesdigitales.org\/web\/wp-content\/uploads\/2025\/12\/CAF-en-Uruguay-480x296.jpeg 480w, https:\/\/sociedadesdigitales.org\/web\/wp-content\/uploads\/2025\/12\/CAF-en-Uruguay-300x185.jpeg 300w, https:\/\/sociedadesdigitales.org\/web\/wp-content\/uploads\/2025\/12\/CAF-en-Uruguay-1024x631.jpeg 1024w, https:\/\/sociedadesdigitales.org\/web\/wp-content\/uploads\/2025\/12\/CAF-en-Uruguay-768x473.jpeg 768w, https:\/\/sociedadesdigitales.org\/web\/wp-content\/uploads\/2025\/12\/CAF-en-Uruguay-1536x947.jpeg 1536w, https:\/\/sociedadesdigitales.org\/web\/wp-content\/uploads\/2025\/12\/CAF-en-Uruguay-672x414.jpeg 672w, https:\/\/sociedadesdigitales.org\/web\/wp-content\/uploads\/2025\/12\/CAF-en-Uruguay-1038x640.jpeg 1038w, https:\/\/sociedadesdigitales.org\/web\/wp-content\/uploads\/2025\/12\/CAF-en-Uruguay.jpeg 1898w\" sizes=\"auto, (max-width: 480px) 100vw, 480px\" \/><span class=\"hover-element\"><i>+<\/i><\/span><\/a><\/div><!--end post-image-->\n\t\t\n            <div class=\"post-header\">\n\n\t\t\t\t                    <h3 class=\"post-title entry-title\"><a href=\"https:\/\/sociedadesdigitales.org\/web\/2025\/12\/05\/la-fundacion-sociedades-digitales-en-los-dialogos-de-alto-nivel-caf-pnud-sobre-gobernanza-digital\/\">La Fundaci\u00f3n Sociedades Digitales en los Di\u00e1logos de Alto Nivel CAF-PNUD sobre Gobernanza Digital<\/a>\n                    <\/h3>\n\t\t\t\t\n                <span class=\"post-meta\">\n                    <small><a href=\"https:\/\/sociedadesdigitales.org\/web\/2025\/12\/05\/la-fundacion-sociedades-digitales-en-los-dialogos-de-alto-nivel-caf-pnud-sobre-gobernanza-digital\/\" rel=\"bookmark\" class=\"post-time\"><time class=\"entry-date\" datetime=\"2025-12-05T07:30:00-03:00\">05\/12\/2025<\/time><time class=\"modify-date hide hidden updated\" datetime=\"2025-12-05T15:11:23-03:00\">05\/12\/2025<\/time><\/a><\/small>                <\/span>\n\n            <\/div><!--end post-header-->\n\n\t\t\t\n\t\t\t\t                    <div class=\"post-info\">\n\n                        <div class=\"entry-summary\">\n\t\t\t\t\t\t\t<p>Convocados bajo el t\u00edtulo \"Los retos de la Gobernanza Digital en Am\u00e9rica Latina y el Caribe\", el evento profundiz\u00f3...<\/p>                        <\/div><!-- .entry-summary -->\n\n                    <\/div><!--end post-info-->\n\t\t\t\t\n\t\t\t\n\t\t\n        <div class=\"post-footer\">\n            <small>\n\t\t\t\t\n\t\t\t\t                    <a href=\"https:\/\/sociedadesdigitales.org\/web\/2025\/12\/05\/la-fundacion-sociedades-digitales-en-los-dialogos-de-alto-nivel-caf-pnud-sobre-gobernanza-digital\/\"><span class=\"muted pull-right\">\n\t\t\t\t\t\tLeer m\u00e1s<\/span>\n                    <\/a>\n\t\t\t\t\n            <\/small>\n        <\/div><!--end post-footer-->\n\n    <\/div><!--end post-content-->\n<\/article>\n\n\n<article id=\"post-3285\" class=\"post-item post-3285 post type-post status-publish format-standard has-post-thumbnail hentry category-camila category-inteligencia-artificial\">\n    <div class=\"post-content animated animate-when-almost-visible el-appear\">\n\n\t\t<div class=\"post-image\"><a href=\"https:\/\/sociedadesdigitales.org\/web\/2025\/11\/15\/computacion-cuantica-y-politica\/\" class=\"element-wrap\"><img loading=\"lazy\" decoding=\"async\" width=\"480\" height=\"253\" src=\"https:\/\/sociedadesdigitales.org\/web\/wp-content\/uploads\/2025\/06\/pexels-pachon-in-motion-426015731-30547566-480x253.jpg\" class=\"attachment-kleo-post-grid size-kleo-post-grid wp-post-image\" alt=\"Una aproximaci\u00f3n a las Tecnolog\u00edas Cu\u00e1nticas\" srcset=\"https:\/\/sociedadesdigitales.org\/web\/wp-content\/uploads\/2025\/06\/pexels-pachon-in-motion-426015731-30547566-480x253.jpg 480w, https:\/\/sociedadesdigitales.org\/web\/wp-content\/uploads\/2025\/06\/pexels-pachon-in-motion-426015731-30547566-300x158.jpg 300w, https:\/\/sociedadesdigitales.org\/web\/wp-content\/uploads\/2025\/06\/pexels-pachon-in-motion-426015731-30547566-1024x540.jpg 1024w, https:\/\/sociedadesdigitales.org\/web\/wp-content\/uploads\/2025\/06\/pexels-pachon-in-motion-426015731-30547566-768x405.jpg 768w, https:\/\/sociedadesdigitales.org\/web\/wp-content\/uploads\/2025\/06\/pexels-pachon-in-motion-426015731-30547566-672x354.jpg 672w, https:\/\/sociedadesdigitales.org\/web\/wp-content\/uploads\/2025\/06\/pexels-pachon-in-motion-426015731-30547566-1038x547.jpg 1038w, https:\/\/sociedadesdigitales.org\/web\/wp-content\/uploads\/2025\/06\/pexels-pachon-in-motion-426015731-30547566.jpg 1280w\" sizes=\"auto, (max-width: 480px) 100vw, 480px\" \/><span class=\"hover-element\"><i>+<\/i><\/span><\/a><\/div><!--end post-image-->\n\t\t\n            <div class=\"post-header\">\n\n\t\t\t\t                    <h3 class=\"post-title entry-title\"><a href=\"https:\/\/sociedadesdigitales.org\/web\/2025\/11\/15\/computacion-cuantica-y-politica\/\">Computaci\u00f3n cu\u00e1ntica y pol\u00edtica<\/a>\n                    <\/h3>\n\t\t\t\t\n                <span class=\"post-meta\">\n                    <small><a href=\"https:\/\/sociedadesdigitales.org\/web\/2025\/11\/15\/computacion-cuantica-y-politica\/\" rel=\"bookmark\" class=\"post-time\"><time class=\"entry-date\" datetime=\"2025-11-15T12:35:00-03:00\">15\/11\/2025<\/time><time class=\"modify-date hide hidden updated\" datetime=\"2026-03-02T12:36:28-03:00\">02\/03\/2026<\/time><\/a><\/small>                <\/span>\n\n            <\/div><!--end post-header-->\n\n\t\t\t\n\t\t\t\t                    <div class=\"post-info\">\n\n                        <div class=\"entry-summary\">\n\t\t\t\t\t\t\t<p>Realizamos un programa de formaci\u00f3n innovador, tanto por la tem\u00e1tica como por la metodolog\u00eda.\u00a0\u00a0<\/p>                        <\/div><!-- .entry-summary -->\n\n                    <\/div><!--end post-info-->\n\t\t\t\t\n\t\t\t\n\t\t\n        <div class=\"post-footer\">\n            <small>\n\t\t\t\t\n\t\t\t\t                    <a href=\"https:\/\/sociedadesdigitales.org\/web\/2025\/11\/15\/computacion-cuantica-y-politica\/\"><span class=\"muted pull-right\">\n\t\t\t\t\t\tLeer m\u00e1s<\/span>\n                    <\/a>\n\t\t\t\t\n            <\/small>\n        <\/div><!--end post-footer-->\n\n    <\/div><!--end post-content-->\n<\/article>\n\n\n<article id=\"post-2979\" class=\"post-item post-2979 post type-post status-publish format-standard has-post-thumbnail hentry category-blog category-camila category-inteligencia-artificial\">\n    <div class=\"post-content animated animate-when-almost-visible el-appear\">\n\n\t\t<div class=\"post-image\"><a href=\"https:\/\/sociedadesdigitales.org\/web\/2025\/06\/30\/la-inteligencia-artificial-y-su-impacto-en-el-sector-publico-latinoamericano\/\" class=\"element-wrap\"><img loading=\"lazy\" decoding=\"async\" width=\"480\" height=\"474\" src=\"https:\/\/sociedadesdigitales.org\/web\/wp-content\/uploads\/2025\/06\/FLACSO-480x474.jpg\" class=\"attachment-kleo-post-grid size-kleo-post-grid wp-post-image\" alt=\"FLACSO\" srcset=\"https:\/\/sociedadesdigitales.org\/web\/wp-content\/uploads\/2025\/06\/FLACSO-480x474.jpg 480w, https:\/\/sociedadesdigitales.org\/web\/wp-content\/uploads\/2025\/06\/FLACSO-300x296.jpg 300w, https:\/\/sociedadesdigitales.org\/web\/wp-content\/uploads\/2025\/06\/FLACSO-1024x1012.jpg 1024w, https:\/\/sociedadesdigitales.org\/web\/wp-content\/uploads\/2025\/06\/FLACSO-768x759.jpg 768w, https:\/\/sociedadesdigitales.org\/web\/wp-content\/uploads\/2025\/06\/FLACSO-672x664.jpg 672w, https:\/\/sociedadesdigitales.org\/web\/wp-content\/uploads\/2025\/06\/FLACSO-1038x1026.jpg 1038w, https:\/\/sociedadesdigitales.org\/web\/wp-content\/uploads\/2025\/06\/FLACSO.jpg 1516w\" sizes=\"auto, (max-width: 480px) 100vw, 480px\" \/><span class=\"hover-element\"><i>+<\/i><\/span><\/a><\/div><!--end post-image-->\n\t\t\n            <div class=\"post-header\">\n\n\t\t\t\t                    <h3 class=\"post-title entry-title\"><a href=\"https:\/\/sociedadesdigitales.org\/web\/2025\/06\/30\/la-inteligencia-artificial-y-su-impacto-en-el-sector-publico-latinoamericano\/\">La inteligencia artificial y su impacto en el sector p\u00fablico latinoamericano<\/a>\n                    <\/h3>\n\t\t\t\t\n                <span class=\"post-meta\">\n                    <small><a href=\"https:\/\/sociedadesdigitales.org\/web\/2025\/06\/30\/la-inteligencia-artificial-y-su-impacto-en-el-sector-publico-latinoamericano\/\" rel=\"bookmark\" class=\"post-time\"><time class=\"entry-date\" datetime=\"2025-06-30T15:01:58-03:00\">30\/06\/2025<\/time><time class=\"modify-date hide hidden updated\" datetime=\"2025-07-07T10:59:53-03:00\">07\/07\/2025<\/time><\/a><\/small>                <\/span>\n\n            <\/div><!--end post-header-->\n\n\t\t\t\n\t\t\t\t                    <div class=\"post-info\">\n\n                        <div class=\"entry-summary\">\n\t\t\t\t\t\t\t<p>Camila Chirino public\u00f3 un art\u00edculo junto a Alberto Bonifacio en el n\u00famero 24 de la Revista Estado y Pol\u00edticas...<\/p>                        <\/div><!-- .entry-summary -->\n\n                    <\/div><!--end post-info-->\n\t\t\t\t\n\t\t\t\n\t\t\n        <div class=\"post-footer\">\n            <small>\n\t\t\t\t\n\t\t\t\t                    <a href=\"https:\/\/sociedadesdigitales.org\/web\/2025\/06\/30\/la-inteligencia-artificial-y-su-impacto-en-el-sector-publico-latinoamericano\/\"><span class=\"muted pull-right\">\n\t\t\t\t\t\tLeer m\u00e1s<\/span>\n                    <\/a>\n\t\t\t\t\n            <\/small>\n        <\/div><!--end post-footer-->\n\n    <\/div><!--end post-content-->\n<\/article>\n\n\n<article id=\"post-2646\" class=\"post-item post-2646 post type-post status-publish format-standard hentry category-camila\">\n    <div class=\"post-content animated animate-when-almost-visible el-appear\">\n\n\t\t\n\t\t\n            <div class=\"post-header\">\n\n\t\t\t\t                    <h3 class=\"post-title entry-title\"><a href=\"https:\/\/sociedadesdigitales.org\/web\/2025\/02\/20\/la-polarizacion-politica-y-la-participacion-ciudadanaen-plataformas-digitales-un-estudio-aplicado-sobre-elgobierno-nacional-argentino-y-el-de-la-ciudad-de-buenosaires-en-el-periodo-pre-electoral-2021\/\">La polarizaci\u00f3n pol\u00edtica y la participaci\u00f3n ciudadana en plataformas digitales. Un estudio aplicado sobre el gobierno nacional argentino y el de la Ciudad de Buenos Aires en el per\u00edodo pre electoral 2021<\/a>\n                    <\/h3>\n\t\t\t\t\n                <span class=\"post-meta\">\n                    <small><a href=\"https:\/\/sociedadesdigitales.org\/web\/2025\/02\/20\/la-polarizacion-politica-y-la-participacion-ciudadanaen-plataformas-digitales-un-estudio-aplicado-sobre-elgobierno-nacional-argentino-y-el-de-la-ciudad-de-buenosaires-en-el-periodo-pre-electoral-2021\/\" rel=\"bookmark\" class=\"post-time\"><time class=\"entry-date\" datetime=\"2025-02-20T21:30:19-03:00\">20\/02\/2025<\/time><time class=\"modify-date hide hidden updated\" datetime=\"2025-07-03T10:44:04-03:00\">03\/07\/2025<\/time><\/a><\/small>                <\/span>\n\n            <\/div><!--end post-header-->\n\n\t\t\t\n\t\t\t\t                    <div class=\"post-info\">\n\n                        <div class=\"entry-summary\">\n\t\t\t\t\t\t\t<p>Tesis doctoral de Camila Chirino En sociedades polarizadas, donde la literatura ha centrado su atenci\u00f3n en los \u00faltimos a\u00f1os...<\/p>                        <\/div><!-- .entry-summary -->\n\n                    <\/div><!--end post-info-->\n\t\t\t\t\n\t\t\t\n\t\t\n        <div class=\"post-footer\">\n            <small>\n\t\t\t\t\n\t\t\t\t                    <a href=\"https:\/\/sociedadesdigitales.org\/web\/2025\/02\/20\/la-polarizacion-politica-y-la-participacion-ciudadanaen-plataformas-digitales-un-estudio-aplicado-sobre-elgobierno-nacional-argentino-y-el-de-la-ciudad-de-buenosaires-en-el-periodo-pre-electoral-2021\/\"><span class=\"muted pull-right\">\n\t\t\t\t\t\tLeer m\u00e1s<\/span>\n                    <\/a>\n\t\t\t\t\n            <\/small>\n        <\/div><!--end post-footer-->\n\n    <\/div><!--end post-content-->\n<\/article>\n\n\n<article id=\"post-2483\" class=\"post-item post-2483 post type-post status-publish format-standard has-post-thumbnail hentry category-camila category-inteligencia-artificial tag-inteligencia-artificial tag-sindicatos\">\n    <div class=\"post-content animated animate-when-almost-visible el-appear\">\n\n\t\t<div class=\"post-image\"><a href=\"https:\/\/sociedadesdigitales.org\/web\/2024\/08\/07\/inteligencia-artificial-y-trabajo-el-rol-esencial-de-los-sindicatos\/\" class=\"element-wrap\"><img loading=\"lazy\" decoding=\"async\" width=\"480\" height=\"274\" src=\"https:\/\/sociedadesdigitales.org\/web\/wp-content\/uploads\/2024\/08\/sindicatos-480x274.jpg\" class=\"attachment-kleo-post-grid size-kleo-post-grid wp-post-image\" alt=\"sindicatos\" srcset=\"https:\/\/sociedadesdigitales.org\/web\/wp-content\/uploads\/2024\/08\/sindicatos-480x274.jpg 480w, https:\/\/sociedadesdigitales.org\/web\/wp-content\/uploads\/2024\/08\/sindicatos-300x171.jpg 300w, https:\/\/sociedadesdigitales.org\/web\/wp-content\/uploads\/2024\/08\/sindicatos-1024x585.jpg 1024w, https:\/\/sociedadesdigitales.org\/web\/wp-content\/uploads\/2024\/08\/sindicatos-768x439.jpg 768w, https:\/\/sociedadesdigitales.org\/web\/wp-content\/uploads\/2024\/08\/sindicatos-1536x878.jpg 1536w, https:\/\/sociedadesdigitales.org\/web\/wp-content\/uploads\/2024\/08\/sindicatos-672x384.jpg 672w, https:\/\/sociedadesdigitales.org\/web\/wp-content\/uploads\/2024\/08\/sindicatos-1038x593.jpg 1038w, https:\/\/sociedadesdigitales.org\/web\/wp-content\/uploads\/2024\/08\/sindicatos.jpg 1792w\" sizes=\"auto, (max-width: 480px) 100vw, 480px\" \/><span class=\"hover-element\"><i>+<\/i><\/span><\/a><\/div><!--end post-image-->\n\t\t\n            <div class=\"post-header\">\n\n\t\t\t\t                    <h3 class=\"post-title entry-title\"><a href=\"https:\/\/sociedadesdigitales.org\/web\/2024\/08\/07\/inteligencia-artificial-y-trabajo-el-rol-esencial-de-los-sindicatos\/\">Inteligencia artificial y trabajo: el rol esencial de los sindicatos<\/a>\n                    <\/h3>\n\t\t\t\t\n                <span class=\"post-meta\">\n                    <small><a href=\"https:\/\/sociedadesdigitales.org\/web\/2024\/08\/07\/inteligencia-artificial-y-trabajo-el-rol-esencial-de-los-sindicatos\/\" rel=\"bookmark\" class=\"post-time\"><time class=\"entry-date\" datetime=\"2024-08-07T18:39:18-03:00\">07\/08\/2024<\/time><time class=\"modify-date hide hidden updated\" datetime=\"2025-07-15T21:06:33-03:00\">15\/07\/2025<\/time><\/a><\/small>                <\/span>\n\n            <\/div><!--end post-header-->\n\n\t\t\t\n\t\t\t\t                    <div class=\"post-info\">\n\n                        <div class=\"entry-summary\">\n\t\t\t\t\t\t\t<p>La inteligencia artificial (IA) est\u00e1 transformando r\u00e1pidamente el mundo laboral y, ante este nuevo desaf\u00edo, los sindicatos tienen un...<\/p>                        <\/div><!-- .entry-summary -->\n\n                    <\/div><!--end post-info-->\n\t\t\t\t\n\t\t\t\n\t\t\n        <div class=\"post-footer\">\n            <small>\n\t\t\t\t\n\t\t\t\t                    <a href=\"https:\/\/sociedadesdigitales.org\/web\/2024\/08\/07\/inteligencia-artificial-y-trabajo-el-rol-esencial-de-los-sindicatos\/\"><span class=\"muted pull-right\">\n\t\t\t\t\t\tLeer m\u00e1s<\/span>\n                    <\/a>\n\t\t\t\t\n            <\/small>\n        <\/div><!--end post-footer-->\n\n    <\/div><!--end post-content-->\n<\/article>\n\n\n\t<\/div> <!-- END post listing -->\n\n\t\n[\/vc_column][\/vc_row]<\/p>\n<\/div>","protected":false},"excerpt":{"rendered":"<p>[vc_row][vc_column width=\u00bb1\/2&#8243;][vc_single_image image=\u00bb2578&#8243; img_size=\u00bbmedium\u00bb alignment=\u00bbcenter\u00bb][\/vc_column][vc_column width=\u00bb1\/2&#8243;][vc_column_text] Camila Chirino, doctora en Ciencia Pol\u00edtica por la Universidad Torcuato Di Tella (UTDT), cuenta con un Master en Alta Direcci\u00f3n P\u00fablica por el Instituto Universitario Ortega y Gasset (IUOG \u2013 Espa\u00f1a), y Licenciada en Ciencia Pol\u00edtica por la Universidad de Buenos Aires (UBA). Directora Ejecutiva de la Fundaci\u00f3n Sociedades Digitales. Especialista en planificaci\u00f3n e [&hellip;]<\/p>\n","protected":false},"author":2,"featured_media":2578,"parent":0,"menu_order":0,"comment_status":"closed","ping_status":"closed","template":"","meta":{"_uag_custom_page_level_css":"","_monsterinsights_skip_tracking":false,"_monsterinsights_sitenote_active":false,"_monsterinsights_sitenote_note":"","_monsterinsights_sitenote_category":0,"footnotes":""},"class_list":["post-2577","page","type-page","status-publish","has-post-thumbnail","hentry"],"aioseo_notices":[],"uagb_featured_image_src":{"full":["https:\/\/sociedadesdigitales.org\/web\/wp-content\/uploads\/2024\/10\/Dra-Camila-Chirino.jpg",1049,1049,false],"thumbnail":["https:\/\/sociedadesdigitales.org\/web\/wp-content\/uploads\/2024\/10\/Dra-Camila-Chirino-150x150.jpg",150,150,true],"medium":["https:\/\/sociedadesdigitales.org\/web\/wp-content\/uploads\/2024\/10\/Dra-Camila-Chirino-300x300.jpg",300,300,true],"medium_large":["https:\/\/sociedadesdigitales.org\/web\/wp-content\/uploads\/2024\/10\/Dra-Camila-Chirino-768x768.jpg",768,768,true],"large":["https:\/\/sociedadesdigitales.org\/web\/wp-content\/uploads\/2024\/10\/Dra-Camila-Chirino-1024x1024.jpg",1024,1024,true],"1536x1536":["https:\/\/sociedadesdigitales.org\/web\/wp-content\/uploads\/2024\/10\/Dra-Camila-Chirino.jpg",1049,1049,false],"2048x2048":["https:\/\/sociedadesdigitales.org\/web\/wp-content\/uploads\/2024\/10\/Dra-Camila-Chirino.jpg",1049,1049,false],"post-thumbnail":["https:\/\/sociedadesdigitales.org\/web\/wp-content\/uploads\/2024\/10\/Dra-Camila-Chirino-672x672.jpg",672,672,true],"kleo-full-width":["https:\/\/sociedadesdigitales.org\/web\/wp-content\/uploads\/2024\/10\/Dra-Camila-Chirino-1038x1038.jpg",1038,1038,true],"kleo-post-gallery":["https:\/\/sociedadesdigitales.org\/web\/wp-content\/uploads\/2024\/10\/Dra-Camila-Chirino-480x270.jpg",480,270,true],"kleo-post-grid":["https:\/\/sociedadesdigitales.org\/web\/wp-content\/uploads\/2024\/10\/Dra-Camila-Chirino-480x480.jpg",480,480,true],"kleo-post-small-thumb":["https:\/\/sociedadesdigitales.org\/web\/wp-content\/uploads\/2024\/10\/Dra-Camila-Chirino-480x270.jpg",480,270,true]},"uagb_author_info":{"display_name":"Fundaci\u00f3n Sociedades Digitales","author_link":"https:\/\/sociedadesdigitales.org\/web\/author\/admin\/"},"uagb_comment_info":0,"uagb_excerpt":"[vc_row][vc_column width=\u00bb1\/2&#8243;][vc_single_image image=\u00bb2578&#8243; img_size=\u00bbmedium\u00bb alignment=\u00bbcenter\u00bb][\/vc_column][vc_column width=\u00bb1\/2&#8243;][vc_column_text] Camila Chirino, doctora en Ciencia Pol\u00edtica por la Universidad Torcuato Di Tella (UTDT), cuenta con un Master en Alta Direcci\u00f3n P\u00fablica por el Instituto Universitario Ortega y Gasset (IUOG \u2013 Espa\u00f1a), y Licenciada en Ciencia Pol\u00edtica por la Universidad de Buenos Aires (UBA). Directora Ejecutiva de la Fundaci\u00f3n Sociedades&hellip;","_links":{"self":[{"href":"https:\/\/sociedadesdigitales.org\/web\/wp-json\/wp\/v2\/pages\/2577","targetHints":{"allow":["GET"]}}],"collection":[{"href":"https:\/\/sociedadesdigitales.org\/web\/wp-json\/wp\/v2\/pages"}],"about":[{"href":"https:\/\/sociedadesdigitales.org\/web\/wp-json\/wp\/v2\/types\/page"}],"author":[{"embeddable":true,"href":"https:\/\/sociedadesdigitales.org\/web\/wp-json\/wp\/v2\/users\/2"}],"replies":[{"embeddable":true,"href":"https:\/\/sociedadesdigitales.org\/web\/wp-json\/wp\/v2\/comments?post=2577"}],"version-history":[{"count":12,"href":"https:\/\/sociedadesdigitales.org\/web\/wp-json\/wp\/v2\/pages\/2577\/revisions"}],"predecessor-version":[{"id":3417,"href":"https:\/\/sociedadesdigitales.org\/web\/wp-json\/wp\/v2\/pages\/2577\/revisions\/3417"}],"wp:featuredmedia":[{"embeddable":true,"href":"https:\/\/sociedadesdigitales.org\/web\/wp-json\/wp\/v2\/media\/2578"}],"wp:attachment":[{"href":"https:\/\/sociedadesdigitales.org\/web\/wp-json\/wp\/v2\/media?parent=2577"}],"curies":[{"name":"wp","href":"https:\/\/api.w.org\/{rel}","templated":true}]}}