{"id":2550,"date":"2024-09-12T01:36:55","date_gmt":"2024-09-12T04:36:55","guid":{"rendered":"https:\/\/sociedadesdigitales.org\/web\/?page_id=2550"},"modified":"2024-09-14T19:18:03","modified_gmt":"2024-09-14T22:18:03","slug":"alberto-martinez","status":"publish","type":"page","link":"https:\/\/sociedadesdigitales.org\/web\/alberto-martinez\/","title":{"rendered":"Alberto Mart\u00ednez del Pezzo"},"content":{"rendered":"<div class=\"wpb-content-wrapper\"><p>[vc_row visibility=\u00bbvisible-xs,visible-sm,visible-md,visible-lg,visible-xlg\u00bb][vc_column width=\u00bb1\/2&#8243;][vc_single_image image=\u00bb2570&#8243; img_size=\u00bbmedium\u00bb alignment=\u00bbcenter\u00bb][\/vc_column][vc_column width=\u00bb1\/2&#8243;][vc_column_text]Magister en Ciencias Sociales por la Universidad Nacional de Quilmes. Actualmente se encuentra finalizando la Especializaci\u00f3n en Inteligencia de Datos orientada a Big Data de la Universidad Nacional de La Plata. Licenciado en Ciencia Pol\u00edtica por la Universidad de Buenos Aires y se desempe\u00f1a como profesor \u2013 investigador en la Universidad Nacional de Chilecito.[\/vc_column_text][\/vc_column][\/vc_row][vc_row visibility=\u00bbvisible-xs,visible-sm,visible-md,visible-lg,visible-xlg\u00bb][vc_column][vc_separator color=\u00bbblack\u00bb][vc_column_text]<\/p>\n<h2 style=\"text-align: center;\">Gu\u00edas de trabajo desarrolladas<\/h2>\n<p>[\/vc_column_text][vc_separator color=\u00bbblack\u00bb][\/vc_column][\/vc_row][vc_row visibility=\u00bbvisible-xs,visible-sm,visible-md,visible-lg,visible-xlg\u00bb][vc_column]\n\t<div class=\"sq-posts-data\" style=\"display: none;\"><input type=\"hidden\" id=\"post-security\" name=\"post-security\" value=\"99e7a02b2a\" \/><input type=\"hidden\" name=\"_wp_http_referer\" value=\"\/web\/wp-json\/wp\/v2\/pages\/2550\" \/><input type=\"hidden\" name=\"pitem\" value=\"0\"><input type=\"hidden\" name=\"post_id\" value=\"2550\"><\/div>\n\t\n\t\n\t\t<div class=\"posts-listing responsive-cols kleo-masonry per-row-4 with-meta masonry-listing\">\n\n\t\n\t\n<article id=\"post-2529\" class=\"post-item post-2529 post type-post status-publish format-standard hentry category-guias\">\n    <div class=\"post-content animated animate-when-almost-visible el-appear\">\n\n\t\t\n\t\t\n            <div class=\"post-header\">\n\n\t\t\t\t                    <h3 class=\"post-title entry-title\"><a href=\"https:\/\/sociedadesdigitales.org\/web\/2024\/09\/04\/guia-de-curaduria-de-datos-en-la-mineria-de-texto-en-el-area-de-gobierno\/\">Gu\u00eda de Curadur\u00eda de Datos en la Miner\u00eda de Texto en el \u00c1rea de Gobierno<\/a>\n                    <\/h3>\n\t\t\t\t\n                <span class=\"post-meta\">\n                    <small><a href=\"https:\/\/sociedadesdigitales.org\/web\/2024\/09\/04\/guia-de-curaduria-de-datos-en-la-mineria-de-texto-en-el-area-de-gobierno\/\" rel=\"bookmark\" class=\"post-time\"><time class=\"entry-date\" datetime=\"2024-09-04T22:25:52-03:00\">04\/09\/2024<\/time><time class=\"modify-date hide hidden updated\" datetime=\"2024-09-12T11:08:18-03:00\">12\/09\/2024<\/time><\/a><\/small>                <\/span>\n\n            <\/div><!--end post-header-->\n\n\t\t\t\n\t\t\t\t                    <div class=\"post-info\">\n\n                        <div class=\"entry-summary\">\n\t\t\t\t\t\t\t<p>Mg. Alberto Mart\u00ednez del Pezzo La curadur\u00eda de datos es un proceso cr\u00edtico en la miner\u00eda de texto que...<\/p>                        <\/div><!-- .entry-summary -->\n\n                    <\/div><!--end post-info-->\n\t\t\t\t\n\t\t\t\n\t\t\n        <div class=\"post-footer\">\n            <small>\n\t\t\t\t\n\t\t\t\t                    <a href=\"https:\/\/sociedadesdigitales.org\/web\/2024\/09\/04\/guia-de-curaduria-de-datos-en-la-mineria-de-texto-en-el-area-de-gobierno\/\"><span class=\"muted pull-right\">\n\t\t\t\t\t\tLeer m\u00e1s<\/span>\n                    <\/a>\n\t\t\t\t\n            <\/small>\n        <\/div><!--end post-footer-->\n\n    <\/div><!--end post-content-->\n<\/article>\n\n\n<article id=\"post-2547\" class=\"post-item post-2547 post type-post status-publish format-standard hentry category-guias\">\n    <div class=\"post-content animated animate-when-almost-visible el-appear\">\n\n\t\t\n\t\t\n            <div class=\"post-header\">\n\n\t\t\t\t                    <h3 class=\"post-title entry-title\"><a href=\"https:\/\/sociedadesdigitales.org\/web\/2024\/09\/04\/guia-para-evitar-errores-en-la-gestion-de-archivos-de-texto-para-mineria-de-texto-en-python\/\">Gu\u00eda para evitar errores en la gesti\u00f3n de archivos de texto para miner\u00eda de texto en Python<\/a>\n                    <\/h3>\n\t\t\t\t\n                <span class=\"post-meta\">\n                    <small><a href=\"https:\/\/sociedadesdigitales.org\/web\/2024\/09\/04\/guia-para-evitar-errores-en-la-gestion-de-archivos-de-texto-para-mineria-de-texto-en-python\/\" rel=\"bookmark\" class=\"post-time\"><time class=\"entry-date\" datetime=\"2024-09-04T01:30:53-03:00\">04\/09\/2024<\/time><time class=\"modify-date hide hidden updated\" datetime=\"2024-09-12T11:07:49-03:00\">12\/09\/2024<\/time><\/a><\/small>                <\/span>\n\n            <\/div><!--end post-header-->\n\n\t\t\t\n\t\t\t\t                    <div class=\"post-info\">\n\n                        <div class=\"entry-summary\">\n\t\t\t\t\t\t\t<p>Mg. Alberto Mart\u00ednez del Pezzo La miner\u00eda de texto mediante aprendizaje autom\u00e1tico requiere una correcta gesti\u00f3n de los archivos...<\/p>                        <\/div><!-- .entry-summary -->\n\n                    <\/div><!--end post-info-->\n\t\t\t\t\n\t\t\t\n\t\t\n        <div class=\"post-footer\">\n            <small>\n\t\t\t\t\n\t\t\t\t                    <a href=\"https:\/\/sociedadesdigitales.org\/web\/2024\/09\/04\/guia-para-evitar-errores-en-la-gestion-de-archivos-de-texto-para-mineria-de-texto-en-python\/\"><span class=\"muted pull-right\">\n\t\t\t\t\t\tLeer m\u00e1s<\/span>\n                    <\/a>\n\t\t\t\t\n            <\/small>\n        <\/div><!--end post-footer-->\n\n    <\/div><!--end post-content-->\n<\/article>\n\n\n<article id=\"post-2544\" class=\"post-item post-2544 post type-post status-publish format-standard hentry category-guias\">\n    <div class=\"post-content animated animate-when-almost-visible el-appear\">\n\n\t\t\n\t\t\n            <div class=\"post-header\">\n\n\t\t\t\t                    <h3 class=\"post-title entry-title\"><a href=\"https:\/\/sociedadesdigitales.org\/web\/2024\/09\/04\/guia-para-gestionar-modos-de-apertura-de-archivos-de-texto-en-mineria-de-texto\/\">Gu\u00eda para Gestionar Modos de Apertura de Archivos de Texto en Miner\u00eda de Texto<\/a>\n                    <\/h3>\n\t\t\t\t\n                <span class=\"post-meta\">\n                    <small><a href=\"https:\/\/sociedadesdigitales.org\/web\/2024\/09\/04\/guia-para-gestionar-modos-de-apertura-de-archivos-de-texto-en-mineria-de-texto\/\" rel=\"bookmark\" class=\"post-time\"><time class=\"entry-date\" datetime=\"2024-09-04T01:26:36-03:00\">04\/09\/2024<\/time><time class=\"modify-date hide hidden updated\" datetime=\"2024-09-12T11:11:57-03:00\">12\/09\/2024<\/time><\/a><\/small>                <\/span>\n\n            <\/div><!--end post-header-->\n\n\t\t\t\n\t\t\t\t                    <div class=\"post-info\">\n\n                        <div class=\"entry-summary\">\n\t\t\t\t\t\t\t<p>Mg. Alberto Mart\u00ednez del Pezzo La miner\u00eda de texto implica el an\u00e1lisis de grandes vol\u00famenes de datos textuales para...<\/p>                        <\/div><!-- .entry-summary -->\n\n                    <\/div><!--end post-info-->\n\t\t\t\t\n\t\t\t\n\t\t\n        <div class=\"post-footer\">\n            <small>\n\t\t\t\t\n\t\t\t\t                    <a href=\"https:\/\/sociedadesdigitales.org\/web\/2024\/09\/04\/guia-para-gestionar-modos-de-apertura-de-archivos-de-texto-en-mineria-de-texto\/\"><span class=\"muted pull-right\">\n\t\t\t\t\t\tLeer m\u00e1s<\/span>\n                    <\/a>\n\t\t\t\t\n            <\/small>\n        <\/div><!--end post-footer-->\n\n    <\/div><!--end post-content-->\n<\/article>\n\n\n<article id=\"post-2540\" class=\"post-item post-2540 post type-post status-publish format-standard hentry category-guias\">\n    <div class=\"post-content animated animate-when-almost-visible el-appear\">\n\n\t\t\n\t\t\n            <div class=\"post-header\">\n\n\t\t\t\t                    <h3 class=\"post-title entry-title\"><a href=\"https:\/\/sociedadesdigitales.org\/web\/2024\/09\/04\/guia-para-el-manejo-de-voyant-tools\/\">Gu\u00eda para el Manejo de Voyant Tools<\/a>\n                    <\/h3>\n\t\t\t\t\n                <span class=\"post-meta\">\n                    <small><a href=\"https:\/\/sociedadesdigitales.org\/web\/2024\/09\/04\/guia-para-el-manejo-de-voyant-tools\/\" rel=\"bookmark\" class=\"post-time\"><time class=\"entry-date\" datetime=\"2024-09-04T01:09:22-03:00\">04\/09\/2024<\/time><time class=\"modify-date hide hidden updated\" datetime=\"2024-09-12T11:08:06-03:00\">12\/09\/2024<\/time><\/a><\/small>                <\/span>\n\n            <\/div><!--end post-header-->\n\n\t\t\t\n\t\t\t\t                    <div class=\"post-info\">\n\n                        <div class=\"entry-summary\">\n\t\t\t\t\t\t\t<p>Mg. Alberto Mart\u00ednez del Pezzo Introducci\u00f3n a Voyant Tools Voyant Tools es una herramienta en l\u00ednea gratuita dise\u00f1ada para...<\/p>                        <\/div><!-- .entry-summary -->\n\n                    <\/div><!--end post-info-->\n\t\t\t\t\n\t\t\t\n\t\t\n        <div class=\"post-footer\">\n            <small>\n\t\t\t\t\n\t\t\t\t                    <a href=\"https:\/\/sociedadesdigitales.org\/web\/2024\/09\/04\/guia-para-el-manejo-de-voyant-tools\/\"><span class=\"muted pull-right\">\n\t\t\t\t\t\tLeer m\u00e1s<\/span>\n                    <\/a>\n\t\t\t\t\n            <\/small>\n        <\/div><!--end post-footer-->\n\n    <\/div><!--end post-content-->\n<\/article>\n\n\n<article id=\"post-2537\" class=\"post-item post-2537 post type-post status-publish format-standard hentry category-guias\">\n    <div class=\"post-content animated animate-when-almost-visible el-appear\">\n\n\t\t\n\t\t\n            <div class=\"post-header\">\n\n\t\t\t\t                    <h3 class=\"post-title entry-title\"><a href=\"https:\/\/sociedadesdigitales.org\/web\/2024\/09\/04\/guia-para-el-manejo-de-google-colab\/\">Gu\u00eda para el Manejo de Google Colab<\/a>\n                    <\/h3>\n\t\t\t\t\n                <span class=\"post-meta\">\n                    <small><a href=\"https:\/\/sociedadesdigitales.org\/web\/2024\/09\/04\/guia-para-el-manejo-de-google-colab\/\" rel=\"bookmark\" class=\"post-time\"><time class=\"entry-date\" datetime=\"2024-09-04T00:46:48-03:00\">04\/09\/2024<\/time><time class=\"modify-date hide hidden updated\" datetime=\"2024-09-12T11:08:12-03:00\">12\/09\/2024<\/time><\/a><\/small>                <\/span>\n\n            <\/div><!--end post-header-->\n\n\t\t\t\n\t\t\t\t                    <div class=\"post-info\">\n\n                        <div class=\"entry-summary\">\n\t\t\t\t\t\t\t<p>Mg. Alberto Mart\u00ednez del Pezzo&nbsp; Introducci\u00f3n a Google Colab Google Colab, tambi\u00e9n conocido como Colaboratory, es una plataforma gratuita...<\/p>                        <\/div><!-- .entry-summary -->\n\n                    <\/div><!--end post-info-->\n\t\t\t\t\n\t\t\t\n\t\t\n        <div class=\"post-footer\">\n            <small>\n\t\t\t\t\n\t\t\t\t                    <a href=\"https:\/\/sociedadesdigitales.org\/web\/2024\/09\/04\/guia-para-el-manejo-de-google-colab\/\"><span class=\"muted pull-right\">\n\t\t\t\t\t\tLeer m\u00e1s<\/span>\n                    <\/a>\n\t\t\t\t\n            <\/small>\n        <\/div><!--end post-footer-->\n\n    <\/div><!--end post-content-->\n<\/article>\n\n\n\t<\/div> <!-- END post listing -->\n\n\t\n[\/vc_column][\/vc_row]<\/p>\n<\/div>","protected":false},"excerpt":{"rendered":"<p>[vc_row visibility=\u00bbvisible-xs,visible-sm,visible-md,visible-lg,visible-xlg\u00bb][vc_column width=\u00bb1\/2&#8243;][vc_single_image image=\u00bb2570&#8243; img_size=\u00bbmedium\u00bb alignment=\u00bbcenter\u00bb][\/vc_column][vc_column width=\u00bb1\/2&#8243;][vc_column_text]Magister en Ciencias Sociales por la Universidad Nacional de Quilmes. Actualmente se encuentra finalizando la Especializaci\u00f3n en Inteligencia de Datos orientada a Big Data de la Universidad Nacional de La Plata. Licenciado en Ciencia Pol\u00edtica por la Universidad de Buenos Aires y se desempe\u00f1a como profesor \u2013 investigador en la Universidad Nacional de Chilecito.[\/vc_column_text][\/vc_column][\/vc_row][vc_row [&hellip;]<\/p>\n","protected":false},"author":2,"featured_media":0,"parent":0,"menu_order":0,"comment_status":"closed","ping_status":"closed","template":"","meta":{"_uag_custom_page_level_css":"","_monsterinsights_skip_tracking":false,"_monsterinsights_sitenote_active":false,"_monsterinsights_sitenote_note":"","_monsterinsights_sitenote_category":0,"footnotes":""},"class_list":["post-2550","page","type-page","status-publish","hentry"],"aioseo_notices":[],"uagb_featured_image_src":{"full":false,"thumbnail":false,"medium":false,"medium_large":false,"large":false,"1536x1536":false,"2048x2048":false,"post-thumbnail":false,"kleo-full-width":false,"kleo-post-gallery":false,"kleo-post-grid":false,"kleo-post-small-thumb":false},"uagb_author_info":{"display_name":"Fundaci\u00f3n Sociedades Digitales","author_link":"https:\/\/sociedadesdigitales.org\/web\/author\/admin\/"},"uagb_comment_info":0,"uagb_excerpt":"[vc_row visibility=\u00bbvisible-xs,visible-sm,visible-md,visible-lg,visible-xlg\u00bb][vc_column width=\u00bb1\/2&#8243;][vc_single_image image=\u00bb2570&#8243; img_size=\u00bbmedium\u00bb alignment=\u00bbcenter\u00bb][\/vc_column][vc_column width=\u00bb1\/2&#8243;][vc_column_text]Magister en Ciencias Sociales por la Universidad Nacional de Quilmes. Actualmente se encuentra finalizando la Especializaci\u00f3n en Inteligencia de Datos orientada a Big Data de la Universidad Nacional de La Plata. Licenciado en Ciencia Pol\u00edtica por la Universidad de Buenos Aires y se desempe\u00f1a como profesor \u2013 investigador en&hellip;","_links":{"self":[{"href":"https:\/\/sociedadesdigitales.org\/web\/wp-json\/wp\/v2\/pages\/2550","targetHints":{"allow":["GET"]}}],"collection":[{"href":"https:\/\/sociedadesdigitales.org\/web\/wp-json\/wp\/v2\/pages"}],"about":[{"href":"https:\/\/sociedadesdigitales.org\/web\/wp-json\/wp\/v2\/types\/page"}],"author":[{"embeddable":true,"href":"https:\/\/sociedadesdigitales.org\/web\/wp-json\/wp\/v2\/users\/2"}],"replies":[{"embeddable":true,"href":"https:\/\/sociedadesdigitales.org\/web\/wp-json\/wp\/v2\/comments?post=2550"}],"version-history":[{"count":9,"href":"https:\/\/sociedadesdigitales.org\/web\/wp-json\/wp\/v2\/pages\/2550\/revisions"}],"predecessor-version":[{"id":2573,"href":"https:\/\/sociedadesdigitales.org\/web\/wp-json\/wp\/v2\/pages\/2550\/revisions\/2573"}],"wp:attachment":[{"href":"https:\/\/sociedadesdigitales.org\/web\/wp-json\/wp\/v2\/media?parent=2550"}],"curies":[{"name":"wp","href":"https:\/\/api.w.org\/{rel}","templated":true}]}}