{"id":2444,"date":"2024-07-12T23:13:57","date_gmt":"2024-07-13T02:13:57","guid":{"rendered":"https:\/\/sociedadesdigitales.org\/web\/?page_id=2444"},"modified":"2024-07-12T23:13:57","modified_gmt":"2024-07-13T02:13:57","slug":"ricardo-serrats","status":"publish","type":"page","link":"https:\/\/sociedadesdigitales.org\/web\/ricardo-serrats\/","title":{"rendered":"Ricardo Serrats"},"content":{"rendered":"<div class=\"wpb-content-wrapper\"><p>[vc_row][vc_column width=\u00bb1\/2&#8243;][vc_single_image image=\u00bb1964&#8243; img_size=\u00bbmedium\u00bb alignment=\u00bbcenter\u00bb][\/vc_column][vc_column width=\u00bb1\/2&#8243;][vc_column_text]Jorge Ricardo Serrats es un destacado experto en soluciones tecnol\u00f3gicas, con una s\u00f3lida formaci\u00f3n acad\u00e9mica que incluye el t\u00edtulo de Contador P\u00fablico, Licenciado en Administraci\u00f3n y un MBA, todos obtenidos en la prestigiosa Universidad de Buenos Aires (UBA). Su trayectoria profesional se caracteriza por un profundo compromiso con el desarrollo de la sociedad a trav\u00e9s de la tecnolog\u00eda.<\/p>\n<p>A lo largo de su carrera, Jorge ha adquirido un vasto conocimiento en las \u00faltimas innovaciones tecnol\u00f3gicas y su aplicaci\u00f3n pr\u00e1ctica para resolver desaf\u00edos espec\u00edficos. Ha trabajado en empresas de renombre como Huawei, Oracle, Totvs, Softland, Calipso, Neuralsoft y Netlan, gestionando cuentas estrat\u00e9gicas en Argentina y Am\u00e9rica Latina. Su experiencia en estos entornos le ha permitido demostrar habilidades excepcionales en negociaci\u00f3n y desarrollo de relaciones beneficiosas y duraderas.<\/p>\n<p>Jorge es un ferviente defensor del progreso social y la equidad a trav\u00e9s del uso responsable y \u00e9tico de la tecnolog\u00eda. Su capacidad para escuchar activamente y adaptar soluciones a las necesidades espec\u00edficas de sus interlocutores le ha permitido contribuir significativamente al avance de proyectos con impacto positivo en diversas comunidades.<\/p>\n<p>La combinaci\u00f3n de su rigor acad\u00e9mico, experiencia profesional y su pasi\u00f3n por la tecnolog\u00eda y el bienestar social posiciona a Jorge Ricardo Serrats como un referente en la integraci\u00f3n de soluciones tecnol\u00f3gicas para el desarrollo sostenible y el progreso de la sociedad.[\/vc_column_text][\/vc_column][\/vc_row]<\/p>\n<\/div>","protected":false},"excerpt":{"rendered":"<p>[vc_row][vc_column width=\u00bb1\/2&#8243;][vc_single_image image=\u00bb1964&#8243; img_size=\u00bbmedium\u00bb alignment=\u00bbcenter\u00bb][\/vc_column][vc_column width=\u00bb1\/2&#8243;][vc_column_text]Jorge Ricardo Serrats es un destacado experto en soluciones tecnol\u00f3gicas, con una s\u00f3lida formaci\u00f3n acad\u00e9mica que incluye el t\u00edtulo de Contador P\u00fablico, Licenciado en Administraci\u00f3n y un MBA, todos obtenidos en la prestigiosa Universidad de Buenos Aires (UBA). Su trayectoria profesional se caracteriza por un profundo compromiso con el desarrollo de la sociedad a trav\u00e9s [&hellip;]<\/p>\n","protected":false},"author":2,"featured_media":0,"parent":0,"menu_order":0,"comment_status":"closed","ping_status":"closed","template":"","meta":{"_uag_custom_page_level_css":"","_monsterinsights_skip_tracking":false,"_monsterinsights_sitenote_active":false,"_monsterinsights_sitenote_note":"","_monsterinsights_sitenote_category":0,"footnotes":""},"class_list":["post-2444","page","type-page","status-publish","hentry"],"aioseo_notices":[],"uagb_featured_image_src":{"full":false,"thumbnail":false,"medium":false,"medium_large":false,"large":false,"1536x1536":false,"2048x2048":false,"post-thumbnail":false,"kleo-full-width":false,"kleo-post-gallery":false,"kleo-post-grid":false,"kleo-post-small-thumb":false},"uagb_author_info":{"display_name":"Fundaci\u00f3n Sociedades Digitales","author_link":"https:\/\/sociedadesdigitales.org\/web\/author\/admin\/"},"uagb_comment_info":0,"uagb_excerpt":"[vc_row][vc_column width=\u00bb1\/2&#8243;][vc_single_image image=\u00bb1964&#8243; img_size=\u00bbmedium\u00bb alignment=\u00bbcenter\u00bb][\/vc_column][vc_column width=\u00bb1\/2&#8243;][vc_column_text]Jorge Ricardo Serrats es un destacado experto en soluciones tecnol\u00f3gicas, con una s\u00f3lida formaci\u00f3n acad\u00e9mica que incluye el t\u00edtulo de Contador P\u00fablico, Licenciado en Administraci\u00f3n y un MBA, todos obtenidos en la prestigiosa Universidad de Buenos Aires (UBA). Su trayectoria profesional se caracteriza por un profundo compromiso con el desarrollo&hellip;","_links":{"self":[{"href":"https:\/\/sociedadesdigitales.org\/web\/wp-json\/wp\/v2\/pages\/2444","targetHints":{"allow":["GET"]}}],"collection":[{"href":"https:\/\/sociedadesdigitales.org\/web\/wp-json\/wp\/v2\/pages"}],"about":[{"href":"https:\/\/sociedadesdigitales.org\/web\/wp-json\/wp\/v2\/types\/page"}],"author":[{"embeddable":true,"href":"https:\/\/sociedadesdigitales.org\/web\/wp-json\/wp\/v2\/users\/2"}],"replies":[{"embeddable":true,"href":"https:\/\/sociedadesdigitales.org\/web\/wp-json\/wp\/v2\/comments?post=2444"}],"version-history":[{"count":2,"href":"https:\/\/sociedadesdigitales.org\/web\/wp-json\/wp\/v2\/pages\/2444\/revisions"}],"predecessor-version":[{"id":2448,"href":"https:\/\/sociedadesdigitales.org\/web\/wp-json\/wp\/v2\/pages\/2444\/revisions\/2448"}],"wp:attachment":[{"href":"https:\/\/sociedadesdigitales.org\/web\/wp-json\/wp\/v2\/media?parent=2444"}],"curies":[{"name":"wp","href":"https:\/\/api.w.org\/{rel}","templated":true}]}}