{"id":2269,"date":"2024-06-11T18:18:26","date_gmt":"2024-06-11T21:18:26","guid":{"rendered":"https:\/\/sociedadesdigitales.org\/web\/?page_id=2269"},"modified":"2024-06-12T09:14:25","modified_gmt":"2024-06-12T12:14:25","slug":"osvaldo-nemirovsci-2","status":"publish","type":"page","link":"https:\/\/sociedadesdigitales.org\/web\/osvaldo-nemirovsci-2\/","title":{"rendered":"Osvaldo Nemirovsci"},"content":{"rendered":"<div class=\"wpb-content-wrapper\"><p>[vc_row][vc_column width=\u00bb1\/2&#8243;][vc_single_image image=\u00bb2270&#8243; img_size=\u00bbmedium\u00bb alignment=\u00bbcenter\u00bb][\/vc_column][vc_column width=\u00bb1\/2&#8243;][vc_column_text]Nac\u00ed en 1950 en CABA y desde 1976 resido en San Carlos de Bariloche, Prov de Rio Negro, Patagonia Argentina. En la actividad pol\u00edtica ocup\u00e9 cargos electivos como Legislador provincial en dos per\u00edodos y Diputado Nacional entre 2003\/2007 donde fui Presidente de Bloque y conduje la Comisi\u00f3n de Comunicaciones e Inform\u00e1tica del cuerpo. Entre 2009\/2015 tuve la responsabilidad como Coordinador General de instalar, poner en marcha y desarrollar como pol\u00edtica p\u00fablica estatal, la Television Digital Abierta en todo el pa\u00eds.<\/p>\n<p>Actualmente soy Director Acad\u00e9mico de PIRCA, Programa de Investigaci\u00f3n y Recuperacion de la Cultura Audiovisual, organizaci\u00f3n privada en relaci\u00f3n con la Industria audiovisual argentina. Soy autor del libro El Desaf\u00edo Digital de la Television argentina y coautor entre otros de Agenda Digital argentina y Open Gobernment\/Gobierno Abierto. Soy columnista habitual de medios gr\u00e1ficos y portales como Infobae, Perfil, P\u00e1gina 12, La Pol\u00edtica On Line y El Tribuno (Salta).<\/p>\n<p>Soy Licenciado en Ciencias Sociales y Humanidades y tanto desde esa formaci\u00f3n como desde la pol\u00edtica, me volqu\u00e9 a la investigaci\u00f3n, estudio y aplicaci\u00f3n de las comunicaciones, el mundo digital y las nuevas tecnolog\u00edas.[\/vc_column_text][\/vc_column][\/vc_row]<\/p>\n<\/div>","protected":false},"excerpt":{"rendered":"<p>[vc_row][vc_column width=\u00bb1\/2&#8243;][vc_single_image image=\u00bb2270&#8243; img_size=\u00bbmedium\u00bb alignment=\u00bbcenter\u00bb][\/vc_column][vc_column width=\u00bb1\/2&#8243;][vc_column_text]Nac\u00ed en 1950 en CABA y desde 1976 resido en San Carlos de Bariloche, Prov de Rio Negro, Patagonia Argentina. En la actividad pol\u00edtica ocup\u00e9 cargos electivos como Legislador provincial en dos per\u00edodos y Diputado Nacional entre 2003\/2007 donde fui Presidente de Bloque y conduje la Comisi\u00f3n de Comunicaciones e Inform\u00e1tica del cuerpo. Entre 2009\/2015 [&hellip;]<\/p>\n","protected":false},"author":1,"featured_media":0,"parent":0,"menu_order":0,"comment_status":"closed","ping_status":"closed","template":"","meta":{"_uag_custom_page_level_css":"","_monsterinsights_skip_tracking":false,"_monsterinsights_sitenote_active":false,"_monsterinsights_sitenote_note":"","_monsterinsights_sitenote_category":0,"footnotes":""},"class_list":["post-2269","page","type-page","status-publish","hentry"],"aioseo_notices":[],"uagb_featured_image_src":{"full":false,"thumbnail":false,"medium":false,"medium_large":false,"large":false,"1536x1536":false,"2048x2048":false,"post-thumbnail":false,"kleo-full-width":false,"kleo-post-gallery":false,"kleo-post-grid":false,"kleo-post-small-thumb":false},"uagb_author_info":{"display_name":"Sociedades Digitales","author_link":"https:\/\/sociedadesdigitales.org\/web\/author\/sociedades-digitales\/"},"uagb_comment_info":0,"uagb_excerpt":"[vc_row][vc_column width=\u00bb1\/2&#8243;][vc_single_image image=\u00bb2270&#8243; img_size=\u00bbmedium\u00bb alignment=\u00bbcenter\u00bb][\/vc_column][vc_column width=\u00bb1\/2&#8243;][vc_column_text]Nac\u00ed en 1950 en CABA y desde 1976 resido en San Carlos de Bariloche, Prov de Rio Negro, Patagonia Argentina. En la actividad pol\u00edtica ocup\u00e9 cargos electivos como Legislador provincial en dos per\u00edodos y Diputado Nacional entre 2003\/2007 donde fui Presidente de Bloque y conduje la Comisi\u00f3n de Comunicaciones e&hellip;","_links":{"self":[{"href":"https:\/\/sociedadesdigitales.org\/web\/wp-json\/wp\/v2\/pages\/2269","targetHints":{"allow":["GET"]}}],"collection":[{"href":"https:\/\/sociedadesdigitales.org\/web\/wp-json\/wp\/v2\/pages"}],"about":[{"href":"https:\/\/sociedadesdigitales.org\/web\/wp-json\/wp\/v2\/types\/page"}],"author":[{"embeddable":true,"href":"https:\/\/sociedadesdigitales.org\/web\/wp-json\/wp\/v2\/users\/1"}],"replies":[{"embeddable":true,"href":"https:\/\/sociedadesdigitales.org\/web\/wp-json\/wp\/v2\/comments?post=2269"}],"version-history":[{"count":2,"href":"https:\/\/sociedadesdigitales.org\/web\/wp-json\/wp\/v2\/pages\/2269\/revisions"}],"predecessor-version":[{"id":2278,"href":"https:\/\/sociedadesdigitales.org\/web\/wp-json\/wp\/v2\/pages\/2269\/revisions\/2278"}],"wp:attachment":[{"href":"https:\/\/sociedadesdigitales.org\/web\/wp-json\/wp\/v2\/media?parent=2269"}],"curies":[{"name":"wp","href":"https:\/\/api.w.org\/{rel}","templated":true}]}}