{"id":2216,"date":"2024-05-02T23:54:04","date_gmt":"2024-05-03T02:54:04","guid":{"rendered":"https:\/\/sociedadesdigitales.org\/web\/?page_id=2216"},"modified":"2024-08-09T12:10:44","modified_gmt":"2024-08-09T15:10:44","slug":"martin-balza","status":"publish","type":"page","link":"https:\/\/sociedadesdigitales.org\/web\/martin-balza\/","title":{"rendered":"Mart\u00edn Balza"},"content":{"rendered":"<div class=\"wpb-content-wrapper\"><p>[vc_row][vc_column width=\u00bb1\/2&#8243;][vc_single_image image=\u00bb2499&#8243; img_size=\u00bbmedium\u00bb alignment=\u00bbcenter\u00bb][\/vc_column][vc_column width=\u00bb1\/2&#8243;][vc_column_text]Lic. en Ciencia Pol\u00edtica<\/p>\n<p>Mg. en Gesti\u00f3n de la Comunicaci\u00f3n en Organizaciones<\/p>\n<p>Diplomado en Tecnopol\u00edtica.<\/p>\n<p>Fue asesor del Ministro de Educaci\u00f3n de la Naci\u00f3n ( 2019- 2021)<br \/>\nActualmente es Secretario de Extensi\u00f3n y Desarrollo Institucional de la UMET, Universidad Metropolitana para la Educaci\u00f3n y el Trabajo y es asesor en la Secretar\u00eda General de la Federaci\u00f3n de Sanidad (FATSA).[\/vc_column_text][\/vc_column][\/vc_row]<\/p>\n<\/div>","protected":false},"excerpt":{"rendered":"<p>[vc_row][vc_column width=\u00bb1\/2&#8243;][vc_single_image image=\u00bb2499&#8243; img_size=\u00bbmedium\u00bb alignment=\u00bbcenter\u00bb][\/vc_column][vc_column width=\u00bb1\/2&#8243;][vc_column_text]Lic. en Ciencia Pol\u00edtica Mg. en Gesti\u00f3n de la Comunicaci\u00f3n en Organizaciones Diplomado en Tecnopol\u00edtica. Fue asesor del Ministro de Educaci\u00f3n de la Naci\u00f3n ( 2019- 2021) Actualmente es Secretario de Extensi\u00f3n y Desarrollo Institucional de la UMET, Universidad Metropolitana para la Educaci\u00f3n y el Trabajo y es asesor en la Secretar\u00eda General de la [&hellip;]<\/p>\n","protected":false},"author":1,"featured_media":0,"parent":0,"menu_order":0,"comment_status":"closed","ping_status":"closed","template":"","meta":{"_uag_custom_page_level_css":"","_monsterinsights_skip_tracking":false,"_monsterinsights_sitenote_active":false,"_monsterinsights_sitenote_note":"","_monsterinsights_sitenote_category":0,"footnotes":""},"class_list":["post-2216","page","type-page","status-publish","hentry"],"aioseo_notices":[],"uagb_featured_image_src":{"full":false,"thumbnail":false,"medium":false,"medium_large":false,"large":false,"1536x1536":false,"2048x2048":false,"post-thumbnail":false,"kleo-full-width":false,"kleo-post-gallery":false,"kleo-post-grid":false,"kleo-post-small-thumb":false},"uagb_author_info":{"display_name":"Sociedades Digitales","author_link":"https:\/\/sociedadesdigitales.org\/web\/author\/sociedades-digitales\/"},"uagb_comment_info":0,"uagb_excerpt":"[vc_row][vc_column width=\u00bb1\/2&#8243;][vc_single_image image=\u00bb2499&#8243; img_size=\u00bbmedium\u00bb alignment=\u00bbcenter\u00bb][\/vc_column][vc_column width=\u00bb1\/2&#8243;][vc_column_text]Lic. en Ciencia Pol\u00edtica Mg. en Gesti\u00f3n de la Comunicaci\u00f3n en Organizaciones Diplomado en Tecnopol\u00edtica. Fue asesor del Ministro de Educaci\u00f3n de la Naci\u00f3n ( 2019- 2021) Actualmente es Secretario de Extensi\u00f3n y Desarrollo Institucional de la UMET, Universidad Metropolitana para la Educaci\u00f3n y el Trabajo y es asesor en&hellip;","_links":{"self":[{"href":"https:\/\/sociedadesdigitales.org\/web\/wp-json\/wp\/v2\/pages\/2216","targetHints":{"allow":["GET"]}}],"collection":[{"href":"https:\/\/sociedadesdigitales.org\/web\/wp-json\/wp\/v2\/pages"}],"about":[{"href":"https:\/\/sociedadesdigitales.org\/web\/wp-json\/wp\/v2\/types\/page"}],"author":[{"embeddable":true,"href":"https:\/\/sociedadesdigitales.org\/web\/wp-json\/wp\/v2\/users\/1"}],"replies":[{"embeddable":true,"href":"https:\/\/sociedadesdigitales.org\/web\/wp-json\/wp\/v2\/comments?post=2216"}],"version-history":[{"count":3,"href":"https:\/\/sociedadesdigitales.org\/web\/wp-json\/wp\/v2\/pages\/2216\/revisions"}],"predecessor-version":[{"id":2500,"href":"https:\/\/sociedadesdigitales.org\/web\/wp-json\/wp\/v2\/pages\/2216\/revisions\/2500"}],"wp:attachment":[{"href":"https:\/\/sociedadesdigitales.org\/web\/wp-json\/wp\/v2\/media?parent=2216"}],"curies":[{"name":"wp","href":"https:\/\/api.w.org\/{rel}","templated":true}]}}