{"id":2178,"date":"2024-04-17T21:17:34","date_gmt":"2024-04-18T00:17:34","guid":{"rendered":"https:\/\/sociedadesdigitales.org\/web\/?page_id=2178"},"modified":"2024-04-17T21:17:34","modified_gmt":"2024-04-18T00:17:34","slug":"martiniano-nemirovsci","status":"publish","type":"page","link":"https:\/\/sociedadesdigitales.org\/web\/martiniano-nemirovsci\/","title":{"rendered":"Martiniano Nemirovsci"},"content":{"rendered":"<div class=\"wpb-content-wrapper\"><p>[vc_row][vc_column width=\u00bb1\/2&#8243;][vc_single_image image=\u00bb1969&#8243; img_size=\u00bbmedium\u00bb alignment=\u00bbcenter\u00bb][\/vc_column][vc_column width=\u00bb1\/2&#8243;][vc_column_text]Martiniano Nemirovsci es periodista, especializado en edici\u00f3n web y en tecnolog\u00eda. Licenciado en Periodismo por la Universidad Nacional de Lomas de Zamora, ha sido docente de la Universidad de Buenos Aires. Actualmente se desempe\u00f1a como corresponsal de la Agencia de Noticas T\u00e9lam en Bariloche, Argentina.<\/p>\n<p>Tiene experiencia en prensa gr\u00e1fica -diarios y agencias de noticias-, en la gesti\u00f3n de sitios web, en la elaboraci\u00f3n de estrategias digitales y en coordinaci\u00f3n de equipos period\u00edsticos. Entre 2019 y 2023 se desempe\u00f1\u00f3 como jefe de la secci\u00f3n web de T\u00e9lam.<\/p>\n<p>En esa Agencia forj\u00f3 los \u00faltimos 13 a\u00f1os de su carrera profesional, estando al frente de secciones como Sociedad, Tecnolog\u00eda, Proyectos Especiales y Redes Sociales. All\u00ed form\u00f3 y coordin\u00f3 equipos period\u00edsticos, de creaci\u00f3n de contenidos multimedia e interactivos, de periodismo de datos, de community managers y de gesti\u00f3n de pauta publicitaria digital.<\/p>\n<p>Como cronista y columnista, cubri\u00f3 temas de \u201ctecno-socio-pol\u00edtica\u201d: cultura de Internet, redes, ciberseguridad, privacidad, geopol\u00edtica tecnol\u00f3gica, vigilancia, datos personales, ciberespionaje e historias del mundo digital en general.<\/p>\n<p>Ha tenido activa participaci\u00f3n en diversos proyectos independientes de Internet as\u00ed como en diversas experiencias colectivas de cu\u00f1o tecnol\u00f3gico (Hacks Hackers Buenos Aires, Media Party, etc.) y pol\u00edtico (Peronismo Digital).[\/vc_column_text][\/vc_column][\/vc_row]<\/p>\n<\/div>","protected":false},"excerpt":{"rendered":"<p>[vc_row][vc_column width=\u00bb1\/2&#8243;][vc_single_image image=\u00bb1969&#8243; img_size=\u00bbmedium\u00bb alignment=\u00bbcenter\u00bb][\/vc_column][vc_column width=\u00bb1\/2&#8243;][vc_column_text]Martiniano Nemirovsci es periodista, especializado en edici\u00f3n web y en tecnolog\u00eda. Licenciado en Periodismo por la Universidad Nacional de Lomas de Zamora, ha sido docente de la Universidad de Buenos Aires. Actualmente se desempe\u00f1a como corresponsal de la Agencia de Noticas T\u00e9lam en Bariloche, Argentina. Tiene experiencia en prensa gr\u00e1fica -diarios y agencias de noticias-, [&hellip;]<\/p>\n","protected":false},"author":1,"featured_media":0,"parent":0,"menu_order":0,"comment_status":"closed","ping_status":"closed","template":"","meta":{"_uag_custom_page_level_css":"","_monsterinsights_skip_tracking":false,"_monsterinsights_sitenote_active":false,"_monsterinsights_sitenote_note":"","_monsterinsights_sitenote_category":0,"footnotes":""},"class_list":["post-2178","page","type-page","status-publish","hentry"],"aioseo_notices":[],"uagb_featured_image_src":{"full":false,"thumbnail":false,"medium":false,"medium_large":false,"large":false,"1536x1536":false,"2048x2048":false,"post-thumbnail":false,"kleo-full-width":false,"kleo-post-gallery":false,"kleo-post-grid":false,"kleo-post-small-thumb":false},"uagb_author_info":{"display_name":"Sociedades Digitales","author_link":"https:\/\/sociedadesdigitales.org\/web\/author\/sociedades-digitales\/"},"uagb_comment_info":0,"uagb_excerpt":"[vc_row][vc_column width=\u00bb1\/2&#8243;][vc_single_image image=\u00bb1969&#8243; img_size=\u00bbmedium\u00bb alignment=\u00bbcenter\u00bb][\/vc_column][vc_column width=\u00bb1\/2&#8243;][vc_column_text]Martiniano Nemirovsci es periodista, especializado en edici\u00f3n web y en tecnolog\u00eda. Licenciado en Periodismo por la Universidad Nacional de Lomas de Zamora, ha sido docente de la Universidad de Buenos Aires. Actualmente se desempe\u00f1a como corresponsal de la Agencia de Noticas T\u00e9lam en Bariloche, Argentina. Tiene experiencia en prensa gr\u00e1fica&hellip;","_links":{"self":[{"href":"https:\/\/sociedadesdigitales.org\/web\/wp-json\/wp\/v2\/pages\/2178","targetHints":{"allow":["GET"]}}],"collection":[{"href":"https:\/\/sociedadesdigitales.org\/web\/wp-json\/wp\/v2\/pages"}],"about":[{"href":"https:\/\/sociedadesdigitales.org\/web\/wp-json\/wp\/v2\/types\/page"}],"author":[{"embeddable":true,"href":"https:\/\/sociedadesdigitales.org\/web\/wp-json\/wp\/v2\/users\/1"}],"replies":[{"embeddable":true,"href":"https:\/\/sociedadesdigitales.org\/web\/wp-json\/wp\/v2\/comments?post=2178"}],"version-history":[{"count":2,"href":"https:\/\/sociedadesdigitales.org\/web\/wp-json\/wp\/v2\/pages\/2178\/revisions"}],"predecessor-version":[{"id":2180,"href":"https:\/\/sociedadesdigitales.org\/web\/wp-json\/wp\/v2\/pages\/2178\/revisions\/2180"}],"wp:attachment":[{"href":"https:\/\/sociedadesdigitales.org\/web\/wp-json\/wp\/v2\/media?parent=2178"}],"curies":[{"name":"wp","href":"https:\/\/api.w.org\/{rel}","templated":true}]}}