{"id":2168,"date":"2024-04-17T10:01:31","date_gmt":"2024-04-17T13:01:31","guid":{"rendered":"https:\/\/sociedadesdigitales.org\/web\/?page_id=2168"},"modified":"2024-04-17T10:02:36","modified_gmt":"2024-04-17T13:02:36","slug":"irina-sternik","status":"publish","type":"page","link":"https:\/\/sociedadesdigitales.org\/web\/irina-sternik\/","title":{"rendered":"Irina Sternik"},"content":{"rendered":"<div class=\"wpb-content-wrapper\"><p>[vc_row][vc_column width=\u00bb1\/2&#8243;][vc_single_image image=\u00bb1860&#8243; img_size=\u00bbmedium\u00bb alignment=\u00bbcenter\u00bb][\/vc_column][vc_column width=\u00bb1\/2&#8243;][vc_column_text]Irina Sternik es periodista especializada en cultura digital. Estudi\u00f3 Ciencias de la Comunicaci\u00f3n en la UBA y el posgrado de periodismo digital en la Pompeu Fabra. Escribe en La Naci\u00f3n, en su newsletter <a href=\"https:\/\/ladobnews.substack.com\/\">LadobNews.substack.com<\/a> y participa del programa de capacitaci\u00f3n en periodismo y del podcast Redacciones5G de Telecom. Fue columnista de tecnolog\u00eda de la TV P\u00fablica y de CN23.[\/vc_column_text][\/vc_column][\/vc_row]<\/p>\n<\/div>","protected":false},"excerpt":{"rendered":"<p>[vc_row][vc_column width=\u00bb1\/2&#8243;][vc_single_image image=\u00bb1860&#8243; img_size=\u00bbmedium\u00bb alignment=\u00bbcenter\u00bb][\/vc_column][vc_column width=\u00bb1\/2&#8243;][vc_column_text]Irina Sternik es periodista especializada en cultura digital. Estudi\u00f3 Ciencias de la Comunicaci\u00f3n en la UBA y el posgrado de periodismo digital en la Pompeu Fabra. Escribe en La Naci\u00f3n, en su newsletter LadobNews.substack.com y participa del programa de capacitaci\u00f3n en periodismo y del podcast Redacciones5G de Telecom. Fue columnista de tecnolog\u00eda de la TV [&hellip;]<\/p>\n","protected":false},"author":1,"featured_media":0,"parent":0,"menu_order":0,"comment_status":"closed","ping_status":"closed","template":"","meta":{"_uag_custom_page_level_css":"","_monsterinsights_skip_tracking":false,"_monsterinsights_sitenote_active":false,"_monsterinsights_sitenote_note":"","_monsterinsights_sitenote_category":0,"footnotes":""},"class_list":["post-2168","page","type-page","status-publish","hentry"],"aioseo_notices":[],"uagb_featured_image_src":{"full":false,"thumbnail":false,"medium":false,"medium_large":false,"large":false,"1536x1536":false,"2048x2048":false,"post-thumbnail":false,"kleo-full-width":false,"kleo-post-gallery":false,"kleo-post-grid":false,"kleo-post-small-thumb":false},"uagb_author_info":{"display_name":"Sociedades Digitales","author_link":"https:\/\/sociedadesdigitales.org\/web\/author\/sociedades-digitales\/"},"uagb_comment_info":0,"uagb_excerpt":"[vc_row][vc_column width=\u00bb1\/2&#8243;][vc_single_image image=\u00bb1860&#8243; img_size=\u00bbmedium\u00bb alignment=\u00bbcenter\u00bb][\/vc_column][vc_column width=\u00bb1\/2&#8243;][vc_column_text]Irina Sternik es periodista especializada en cultura digital. Estudi\u00f3 Ciencias de la Comunicaci\u00f3n en la UBA y el posgrado de periodismo digital en la Pompeu Fabra. Escribe en La Naci\u00f3n, en su newsletter LadobNews.substack.com y participa del programa de capacitaci\u00f3n en periodismo y del podcast Redacciones5G de Telecom. Fue columnista&hellip;","_links":{"self":[{"href":"https:\/\/sociedadesdigitales.org\/web\/wp-json\/wp\/v2\/pages\/2168","targetHints":{"allow":["GET"]}}],"collection":[{"href":"https:\/\/sociedadesdigitales.org\/web\/wp-json\/wp\/v2\/pages"}],"about":[{"href":"https:\/\/sociedadesdigitales.org\/web\/wp-json\/wp\/v2\/types\/page"}],"author":[{"embeddable":true,"href":"https:\/\/sociedadesdigitales.org\/web\/wp-json\/wp\/v2\/users\/1"}],"replies":[{"embeddable":true,"href":"https:\/\/sociedadesdigitales.org\/web\/wp-json\/wp\/v2\/comments?post=2168"}],"version-history":[{"count":2,"href":"https:\/\/sociedadesdigitales.org\/web\/wp-json\/wp\/v2\/pages\/2168\/revisions"}],"predecessor-version":[{"id":2170,"href":"https:\/\/sociedadesdigitales.org\/web\/wp-json\/wp\/v2\/pages\/2168\/revisions\/2170"}],"wp:attachment":[{"href":"https:\/\/sociedadesdigitales.org\/web\/wp-json\/wp\/v2\/media?parent=2168"}],"curies":[{"name":"wp","href":"https:\/\/api.w.org\/{rel}","templated":true}]}}