{"id":2092,"date":"2024-04-16T20:00:04","date_gmt":"2024-04-16T23:00:04","guid":{"rendered":"https:\/\/sociedadesdigitales.org\/web\/?page_id=2092"},"modified":"2024-04-16T20:00:04","modified_gmt":"2024-04-16T23:00:04","slug":"francisco-baez","status":"publish","type":"page","link":"https:\/\/sociedadesdigitales.org\/web\/francisco-baez\/","title":{"rendered":"Francisco B\u00e1ez"},"content":{"rendered":"<div class=\"wpb-content-wrapper\"><p>[vc_row][vc_column width=\u00bb1\/2&#8243;][vc_single_image image=\u00bb2091&#8243; img_size=\u00bbmedium\u00bb alignment=\u00bbcenter\u00bb][\/vc_column][vc_column width=\u00bb1\/2&#8243;][vc_column_text]Francisco B\u00e1ez, un cineasta y tecn\u00f3logo con especializaci\u00f3n en ciberseguridad, ha fusionado su formaci\u00f3n en la Universidad del Cine con su capacitaci\u00f3n en seguridad de la informaci\u00f3n en la Universidad Tecnol\u00f3gica Nacional.<\/p>\n<p>En su rol en la Fundaci\u00f3n Internacional para el Desarrollo Local (FINDEL), Francisco desarroll\u00f3 plataformas para webinars especializados en municipalismo como formaciones para dirigentes y empresarios del sector p\u00fablico y privado.<\/p>\n<p>Adem\u00e1s, actualmente imparte clases sobre seguridad web3 y blockchain.[\/vc_column_text][\/vc_column][\/vc_row]<\/p>\n<\/div>","protected":false},"excerpt":{"rendered":"<p>[vc_row][vc_column width=\u00bb1\/2&#8243;][vc_single_image image=\u00bb2091&#8243; img_size=\u00bbmedium\u00bb alignment=\u00bbcenter\u00bb][\/vc_column][vc_column width=\u00bb1\/2&#8243;][vc_column_text]Francisco B\u00e1ez, un cineasta y tecn\u00f3logo con especializaci\u00f3n en ciberseguridad, ha fusionado su formaci\u00f3n en la Universidad del Cine con su capacitaci\u00f3n en seguridad de la informaci\u00f3n en la Universidad Tecnol\u00f3gica Nacional. En su rol en la Fundaci\u00f3n Internacional para el Desarrollo Local (FINDEL), Francisco desarroll\u00f3 plataformas para webinars especializados en municipalismo como formaciones para [&hellip;]<\/p>\n","protected":false},"author":1,"featured_media":0,"parent":0,"menu_order":0,"comment_status":"closed","ping_status":"closed","template":"","meta":{"_uag_custom_page_level_css":"","_monsterinsights_skip_tracking":false,"_monsterinsights_sitenote_active":false,"_monsterinsights_sitenote_note":"","_monsterinsights_sitenote_category":0,"footnotes":""},"class_list":["post-2092","page","type-page","status-publish","hentry"],"aioseo_notices":[],"uagb_featured_image_src":{"full":false,"thumbnail":false,"medium":false,"medium_large":false,"large":false,"1536x1536":false,"2048x2048":false,"post-thumbnail":false,"kleo-full-width":false,"kleo-post-gallery":false,"kleo-post-grid":false,"kleo-post-small-thumb":false},"uagb_author_info":{"display_name":"Sociedades Digitales","author_link":"https:\/\/sociedadesdigitales.org\/web\/author\/sociedades-digitales\/"},"uagb_comment_info":0,"uagb_excerpt":"[vc_row][vc_column width=\u00bb1\/2&#8243;][vc_single_image image=\u00bb2091&#8243; img_size=\u00bbmedium\u00bb alignment=\u00bbcenter\u00bb][\/vc_column][vc_column width=\u00bb1\/2&#8243;][vc_column_text]Francisco B\u00e1ez, un cineasta y tecn\u00f3logo con especializaci\u00f3n en ciberseguridad, ha fusionado su formaci\u00f3n en la Universidad del Cine con su capacitaci\u00f3n en seguridad de la informaci\u00f3n en la Universidad Tecnol\u00f3gica Nacional. En su rol en la Fundaci\u00f3n Internacional para el Desarrollo Local (FINDEL), Francisco desarroll\u00f3 plataformas para webinars especializados&hellip;","_links":{"self":[{"href":"https:\/\/sociedadesdigitales.org\/web\/wp-json\/wp\/v2\/pages\/2092","targetHints":{"allow":["GET"]}}],"collection":[{"href":"https:\/\/sociedadesdigitales.org\/web\/wp-json\/wp\/v2\/pages"}],"about":[{"href":"https:\/\/sociedadesdigitales.org\/web\/wp-json\/wp\/v2\/types\/page"}],"author":[{"embeddable":true,"href":"https:\/\/sociedadesdigitales.org\/web\/wp-json\/wp\/v2\/users\/1"}],"replies":[{"embeddable":true,"href":"https:\/\/sociedadesdigitales.org\/web\/wp-json\/wp\/v2\/comments?post=2092"}],"version-history":[{"count":2,"href":"https:\/\/sociedadesdigitales.org\/web\/wp-json\/wp\/v2\/pages\/2092\/revisions"}],"predecessor-version":[{"id":2094,"href":"https:\/\/sociedadesdigitales.org\/web\/wp-json\/wp\/v2\/pages\/2092\/revisions\/2094"}],"wp:attachment":[{"href":"https:\/\/sociedadesdigitales.org\/web\/wp-json\/wp\/v2\/media?parent=2092"}],"curies":[{"name":"wp","href":"https:\/\/api.w.org\/{rel}","templated":true}]}}