{"id":2086,"date":"2024-04-16T19:55:38","date_gmt":"2024-04-16T22:55:38","guid":{"rendered":"https:\/\/sociedadesdigitales.org\/web\/?page_id=2086"},"modified":"2024-04-16T19:55:44","modified_gmt":"2024-04-16T22:55:44","slug":"eduardo-sebastian-vieyra","status":"publish","type":"page","link":"https:\/\/sociedadesdigitales.org\/web\/eduardo-sebastian-vieyra\/","title":{"rendered":"Eduardo Sebasti\u00e1n Vieyra"},"content":{"rendered":"<div class=\"wpb-content-wrapper\"><p>[vc_row][vc_column width=\u00bb1\/2&#8243;][vc_single_image image=\u00bb2088&#8243; img_size=\u00bbmedium\u00bb alignment=\u00bbcenter\u00bb][\/vc_column][vc_column width=\u00bb1\/2&#8243;][vc_column_text]Es Licenciado en Educaci\u00f3n F\u00edsica, egresado de la Universidad Nacional del Litoral.<br \/>\nPosee un M\u00e1ster en Fisiolog\u00eda del Ejercicio de la Universidad de Barcelona, IL3 Instituto de Formaci\u00f3n Continua.<\/p>\n<p>Es Profesor Nacional de Educaci\u00f3n F\u00edsica, egresado del I.S.E.F.<\/p>\n<p>Desde 2023 trabaja como Profesor de Deportes de Combate en el Profesorado de Educaci\u00f3n F\u00edsica en la Universidad Metropolitana de los Trabajadores.<\/p>\n<p>Tambi\u00e9n desde 2023 es Profesor de Fisiolog\u00eda del Ejercicio, Periodizaci\u00f3n del Entrenamiento y Preparaci\u00f3n F\u00edsica en la Licenciatura en Educaci\u00f3n F\u00edsica en la Universidad Nacional del Litoral.<br \/>\nEntre 2021 y 2023, trabaj\u00f3 como Consultor y Asesor de Proyectos Deportivos en EV.M Latam.<br \/>\nEs Co-Autor del libro \u201cJiu Jitsu Absoluto: los detalles que importan\u201d. Tiene un nivel avanzado de ingl\u00e9s en escritura, oral y lectura.Posee un nivel avanzado de portugu\u00e9s, principalmente oral. Tiene un nivel inicial de ruso, tanto oral como escrito.<\/p>\n<p>Eduardo Sebasti\u00e1n Vieyra es un profesional comprometido y apasionado por su campo, siempre buscando formas de contribuir y mejorar la educaci\u00f3n f\u00edsica y el deporte. Su experiencia y conocimientos lo convierten en un valioso activo en cualquier proyecto o instituci\u00f3n en la que participe.[\/vc_column_text][\/vc_column][\/vc_row]<\/p>\n<\/div>","protected":false},"excerpt":{"rendered":"<p>[vc_row][vc_column width=\u00bb1\/2&#8243;][vc_single_image image=\u00bb2088&#8243; img_size=\u00bbmedium\u00bb alignment=\u00bbcenter\u00bb][\/vc_column][vc_column width=\u00bb1\/2&#8243;][vc_column_text]Es Licenciado en Educaci\u00f3n F\u00edsica, egresado de la Universidad Nacional del Litoral. Posee un M\u00e1ster en Fisiolog\u00eda del Ejercicio de la Universidad de Barcelona, IL3 Instituto de Formaci\u00f3n Continua. Es Profesor Nacional de Educaci\u00f3n F\u00edsica, egresado del I.S.E.F. Desde 2023 trabaja como Profesor de Deportes de Combate en el Profesorado de Educaci\u00f3n F\u00edsica en la [&hellip;]<\/p>\n","protected":false},"author":1,"featured_media":0,"parent":0,"menu_order":0,"comment_status":"closed","ping_status":"closed","template":"","meta":{"_uag_custom_page_level_css":"","_monsterinsights_skip_tracking":false,"_monsterinsights_sitenote_active":false,"_monsterinsights_sitenote_note":"","_monsterinsights_sitenote_category":0,"footnotes":""},"class_list":["post-2086","page","type-page","status-publish","hentry"],"aioseo_notices":[],"uagb_featured_image_src":{"full":false,"thumbnail":false,"medium":false,"medium_large":false,"large":false,"1536x1536":false,"2048x2048":false,"post-thumbnail":false,"kleo-full-width":false,"kleo-post-gallery":false,"kleo-post-grid":false,"kleo-post-small-thumb":false},"uagb_author_info":{"display_name":"Sociedades Digitales","author_link":"https:\/\/sociedadesdigitales.org\/web\/author\/sociedades-digitales\/"},"uagb_comment_info":0,"uagb_excerpt":"[vc_row][vc_column width=\u00bb1\/2&#8243;][vc_single_image image=\u00bb2088&#8243; img_size=\u00bbmedium\u00bb alignment=\u00bbcenter\u00bb][\/vc_column][vc_column width=\u00bb1\/2&#8243;][vc_column_text]Es Licenciado en Educaci\u00f3n F\u00edsica, egresado de la Universidad Nacional del Litoral. Posee un M\u00e1ster en Fisiolog\u00eda del Ejercicio de la Universidad de Barcelona, IL3 Instituto de Formaci\u00f3n Continua. Es Profesor Nacional de Educaci\u00f3n F\u00edsica, egresado del I.S.E.F. Desde 2023 trabaja como Profesor de Deportes de Combate en el Profesorado&hellip;","_links":{"self":[{"href":"https:\/\/sociedadesdigitales.org\/web\/wp-json\/wp\/v2\/pages\/2086","targetHints":{"allow":["GET"]}}],"collection":[{"href":"https:\/\/sociedadesdigitales.org\/web\/wp-json\/wp\/v2\/pages"}],"about":[{"href":"https:\/\/sociedadesdigitales.org\/web\/wp-json\/wp\/v2\/types\/page"}],"author":[{"embeddable":true,"href":"https:\/\/sociedadesdigitales.org\/web\/wp-json\/wp\/v2\/users\/1"}],"replies":[{"embeddable":true,"href":"https:\/\/sociedadesdigitales.org\/web\/wp-json\/wp\/v2\/comments?post=2086"}],"version-history":[{"count":2,"href":"https:\/\/sociedadesdigitales.org\/web\/wp-json\/wp\/v2\/pages\/2086\/revisions"}],"predecessor-version":[{"id":2089,"href":"https:\/\/sociedadesdigitales.org\/web\/wp-json\/wp\/v2\/pages\/2086\/revisions\/2089"}],"wp:attachment":[{"href":"https:\/\/sociedadesdigitales.org\/web\/wp-json\/wp\/v2\/media?parent=2086"}],"curies":[{"name":"wp","href":"https:\/\/api.w.org\/{rel}","templated":true}]}}