{"id":2078,"date":"2024-04-16T10:55:27","date_gmt":"2024-04-16T13:55:27","guid":{"rendered":"https:\/\/sociedadesdigitales.org\/web\/?page_id=2078"},"modified":"2024-04-16T10:55:27","modified_gmt":"2024-04-16T13:55:27","slug":"felicitas-lorenzo","status":"publish","type":"page","link":"https:\/\/sociedadesdigitales.org\/web\/felicitas-lorenzo\/","title":{"rendered":"Felicitas Lorenzo"},"content":{"rendered":"<div class=\"wpb-content-wrapper\"><p>[vc_row][vc_column width=\u00bb1\/2&#8243;][vc_single_image image=\u00bb2080&#8243; img_size=\u00bbmedium\u00bb alignment=\u00bbcenter\u00bb][\/vc_column][vc_column width=\u00bb1\/2&#8243;][vc_column_text]Abogada especializada en Derecho e Inteligencia Artificial (#IA) con diez a\u00f1os de experiencia en el sector p\u00fablico, donde desempe\u00f1\u00e9 diversos roles en diferentes \u00e1reas como Comunicaci\u00f3n, Cultura, Legal y T\u00e9cnica. En la actualidad, trabajo como consultora en el sector privado, en una firma especializada en Auditor\u00edas M\u00e9dicas brindando asesoramiento en el \u00e1mbito del control, coordinaci\u00f3n y ejecuci\u00f3n de decisiones estrat\u00e9gicas. Asimismo, colaboro activamente con EVM Latam y Fundaci\u00f3n Sociedades Digitales #FSD, en todos los aspectos relacionados con la gesti\u00f3n administrativa y el asesoramiento profesional.[\/vc_column_text][\/vc_column][\/vc_row]<\/p>\n<\/div>","protected":false},"excerpt":{"rendered":"<p>[vc_row][vc_column width=\u00bb1\/2&#8243;][vc_single_image image=\u00bb2080&#8243; img_size=\u00bbmedium\u00bb alignment=\u00bbcenter\u00bb][\/vc_column][vc_column width=\u00bb1\/2&#8243;][vc_column_text]Abogada especializada en Derecho e Inteligencia Artificial (#IA) con diez a\u00f1os de experiencia en el sector p\u00fablico, donde desempe\u00f1\u00e9 diversos roles en diferentes \u00e1reas como Comunicaci\u00f3n, Cultura, Legal y T\u00e9cnica. En la actualidad, trabajo como consultora en el sector privado, en una firma especializada en Auditor\u00edas M\u00e9dicas brindando asesoramiento en el \u00e1mbito del control, coordinaci\u00f3n [&hellip;]<\/p>\n","protected":false},"author":1,"featured_media":0,"parent":0,"menu_order":0,"comment_status":"closed","ping_status":"closed","template":"","meta":{"_uag_custom_page_level_css":"","_monsterinsights_skip_tracking":false,"_monsterinsights_sitenote_active":false,"_monsterinsights_sitenote_note":"","_monsterinsights_sitenote_category":0,"footnotes":""},"class_list":["post-2078","page","type-page","status-publish","hentry"],"aioseo_notices":[],"uagb_featured_image_src":{"full":false,"thumbnail":false,"medium":false,"medium_large":false,"large":false,"1536x1536":false,"2048x2048":false,"post-thumbnail":false,"kleo-full-width":false,"kleo-post-gallery":false,"kleo-post-grid":false,"kleo-post-small-thumb":false},"uagb_author_info":{"display_name":"Sociedades Digitales","author_link":"https:\/\/sociedadesdigitales.org\/web\/author\/sociedades-digitales\/"},"uagb_comment_info":0,"uagb_excerpt":"[vc_row][vc_column width=\u00bb1\/2&#8243;][vc_single_image image=\u00bb2080&#8243; img_size=\u00bbmedium\u00bb alignment=\u00bbcenter\u00bb][\/vc_column][vc_column width=\u00bb1\/2&#8243;][vc_column_text]Abogada especializada en Derecho e Inteligencia Artificial (#IA) con diez a\u00f1os de experiencia en el sector p\u00fablico, donde desempe\u00f1\u00e9 diversos roles en diferentes \u00e1reas como Comunicaci\u00f3n, Cultura, Legal y T\u00e9cnica. En la actualidad, trabajo como consultora en el sector privado, en una firma especializada en Auditor\u00edas M\u00e9dicas brindando asesoramiento en&hellip;","_links":{"self":[{"href":"https:\/\/sociedadesdigitales.org\/web\/wp-json\/wp\/v2\/pages\/2078","targetHints":{"allow":["GET"]}}],"collection":[{"href":"https:\/\/sociedadesdigitales.org\/web\/wp-json\/wp\/v2\/pages"}],"about":[{"href":"https:\/\/sociedadesdigitales.org\/web\/wp-json\/wp\/v2\/types\/page"}],"author":[{"embeddable":true,"href":"https:\/\/sociedadesdigitales.org\/web\/wp-json\/wp\/v2\/users\/1"}],"replies":[{"embeddable":true,"href":"https:\/\/sociedadesdigitales.org\/web\/wp-json\/wp\/v2\/comments?post=2078"}],"version-history":[{"count":2,"href":"https:\/\/sociedadesdigitales.org\/web\/wp-json\/wp\/v2\/pages\/2078\/revisions"}],"predecessor-version":[{"id":2081,"href":"https:\/\/sociedadesdigitales.org\/web\/wp-json\/wp\/v2\/pages\/2078\/revisions\/2081"}],"wp:attachment":[{"href":"https:\/\/sociedadesdigitales.org\/web\/wp-json\/wp\/v2\/media?parent=2078"}],"curies":[{"name":"wp","href":"https:\/\/api.w.org\/{rel}","templated":true}]}}