{"id":2054,"date":"2024-04-15T22:39:09","date_gmt":"2024-04-16T01:39:09","guid":{"rendered":"https:\/\/sociedadesdigitales.org\/web\/?page_id=2054"},"modified":"2024-04-15T22:40:54","modified_gmt":"2024-04-16T01:40:54","slug":"hector-conti","status":"publish","type":"page","link":"https:\/\/sociedadesdigitales.org\/web\/hector-conti\/","title":{"rendered":"H\u00e9ctor Conti"},"content":{"rendered":"<div class=\"wpb-content-wrapper\"><p>[vc_row][vc_column width=\u00bb1\/2&#8243;][vc_single_image image=\u00bb2060&#8243; img_size=\u00bbmedium\u00bb alignment=\u00bbcenter\u00bb][\/vc_column][vc_column width=\u00bb1\/2&#8243;][vc_column_text]H\u00e9ctor Conti es abogado , especialista en Derechos Humanos y docente universitario. Conti en 1986 comenz\u00f3 una extensa carrera en la administraci\u00f3n p\u00fablica ocupando diversos cargos municipales, provinciales y nacionales.<\/p>\n<p>Asesor de Gabinete de la Secretaria de Derechos Humanos de la Provincia de Buenos Aires. Jefe de asesores del Intendente Javier Noguera de Tafi Viejo Pcia de Tucum\u00e1n. Asesor Jur\u00eddico de la Federaci\u00f3n Argentina de Municipios (FAM).<\/p>\n<p>Asesor de la Presidencia de la Confederaci\u00f3n Argentina de la Peque\u00f1a y Mediana Empresa (CAME). Jefe de asesores de la Direcci\u00f3n de Asuntos Jur\u00eddicos del Ministerio de Econom\u00eda de la Naci\u00f3n.<\/p>\n<p>Jefe de Asesores en la Secretaria de Industria , Comercio y Pyme de la Naci\u00f3n. Asesor en la Direcci\u00f3n de Asuntos Jur\u00eddicos del Ministerio de Justicia y Derechos Humanos de la Naci\u00f3n.<\/p>\n<p>Asesor del Secretario de Derechos Humanos de la Naci\u00f3n Dr. Eduardo Luis Duhalde. Asesor de Gabinete de la Sra. Procuradora del Tesoro de la Naci\u00f3n Dra .Angelina Abbona. Desde el a\u00f1o 2017 es integrante del Equipo Auxiliar de la Justicia de la Comisi\u00f3n Nacional por el Derecho a la Identidad.[\/vc_column_text][\/vc_column][\/vc_row]<\/p>\n<\/div>","protected":false},"excerpt":{"rendered":"<p>[vc_row][vc_column width=\u00bb1\/2&#8243;][vc_single_image image=\u00bb2060&#8243; img_size=\u00bbmedium\u00bb alignment=\u00bbcenter\u00bb][\/vc_column][vc_column width=\u00bb1\/2&#8243;][vc_column_text]H\u00e9ctor Conti es abogado , especialista en Derechos Humanos y docente universitario. Conti en 1986 comenz\u00f3 una extensa carrera en la administraci\u00f3n p\u00fablica ocupando diversos cargos municipales, provinciales y nacionales. Asesor de Gabinete de la Secretaria de Derechos Humanos de la Provincia de Buenos Aires. Jefe de asesores del Intendente Javier Noguera de Tafi Viejo [&hellip;]<\/p>\n","protected":false},"author":1,"featured_media":0,"parent":0,"menu_order":0,"comment_status":"closed","ping_status":"closed","template":"","meta":{"_uag_custom_page_level_css":"","_monsterinsights_skip_tracking":false,"_monsterinsights_sitenote_active":false,"_monsterinsights_sitenote_note":"","_monsterinsights_sitenote_category":0,"footnotes":""},"class_list":["post-2054","page","type-page","status-publish","hentry"],"aioseo_notices":[],"uagb_featured_image_src":{"full":false,"thumbnail":false,"medium":false,"medium_large":false,"large":false,"1536x1536":false,"2048x2048":false,"post-thumbnail":false,"kleo-full-width":false,"kleo-post-gallery":false,"kleo-post-grid":false,"kleo-post-small-thumb":false},"uagb_author_info":{"display_name":"Sociedades Digitales","author_link":"https:\/\/sociedadesdigitales.org\/web\/author\/sociedades-digitales\/"},"uagb_comment_info":0,"uagb_excerpt":"[vc_row][vc_column width=\u00bb1\/2&#8243;][vc_single_image image=\u00bb2060&#8243; img_size=\u00bbmedium\u00bb alignment=\u00bbcenter\u00bb][\/vc_column][vc_column width=\u00bb1\/2&#8243;][vc_column_text]H\u00e9ctor Conti es abogado , especialista en Derechos Humanos y docente universitario. Conti en 1986 comenz\u00f3 una extensa carrera en la administraci\u00f3n p\u00fablica ocupando diversos cargos municipales, provinciales y nacionales. Asesor de Gabinete de la Secretaria de Derechos Humanos de la Provincia de Buenos Aires. Jefe de asesores del Intendente&hellip;","_links":{"self":[{"href":"https:\/\/sociedadesdigitales.org\/web\/wp-json\/wp\/v2\/pages\/2054","targetHints":{"allow":["GET"]}}],"collection":[{"href":"https:\/\/sociedadesdigitales.org\/web\/wp-json\/wp\/v2\/pages"}],"about":[{"href":"https:\/\/sociedadesdigitales.org\/web\/wp-json\/wp\/v2\/types\/page"}],"author":[{"embeddable":true,"href":"https:\/\/sociedadesdigitales.org\/web\/wp-json\/wp\/v2\/users\/1"}],"replies":[{"embeddable":true,"href":"https:\/\/sociedadesdigitales.org\/web\/wp-json\/wp\/v2\/comments?post=2054"}],"version-history":[{"count":2,"href":"https:\/\/sociedadesdigitales.org\/web\/wp-json\/wp\/v2\/pages\/2054\/revisions"}],"predecessor-version":[{"id":2061,"href":"https:\/\/sociedadesdigitales.org\/web\/wp-json\/wp\/v2\/pages\/2054\/revisions\/2061"}],"wp:attachment":[{"href":"https:\/\/sociedadesdigitales.org\/web\/wp-json\/wp\/v2\/media?parent=2054"}],"curies":[{"name":"wp","href":"https:\/\/api.w.org\/{rel}","templated":true}]}}