{"id":2012,"date":"2024-04-15T19:34:13","date_gmt":"2024-04-15T22:34:13","guid":{"rendered":"https:\/\/sociedadesdigitales.org\/web\/?page_id=2012"},"modified":"2024-04-15T19:34:13","modified_gmt":"2024-04-15T22:34:13","slug":"javier-romero","status":"publish","type":"page","link":"https:\/\/sociedadesdigitales.org\/web\/javier-romero\/","title":{"rendered":"Javier Romero"},"content":{"rendered":"<div class=\"wpb-content-wrapper\"><p>[vc_row][vc_column width=\u00bb1\/2&#8243;][vc_single_image image=\u00bb2010&#8243; img_size=\u00bbmedium\u00bb alignment=\u00bbcenter\u00bb][\/vc_column][vc_column width=\u00bb1\/2&#8243;][vc_column_text]Javier El Profe Romero es periodista, analista pol\u00edtico y docente especialista en nuevas<br \/>\ntecnolog\u00edas de la informaci\u00f3n y la comunicaci\u00f3n. Dirige El Diario de Mor\u00f3n desde 1989 que es cabecera de una red de diarios locales. Tambi\u00e9n es director del sitio EnOrsai.com<\/p>\n<p>Actualmente trabaja en El Destape Radio, conduce el programa Detr\u00e1s de las noticias y<br \/>\ntiene un programa, La B\u00e1sica, que se emite por distintas plataformas digitales. Es director de la licenciatura en comunicaci\u00f3n del Instituto universitario Madres de Plaza de Mayo.<\/p>\n<p>Tambi\u00e9n es titular de la c\u00e1tedra de narrativas digitales de la facultad de periodismo de la Universidad Nacional de la Plata. Es uno de los responsables de la Comisi\u00f3n de comunicaci\u00f3n del Instituto Patria. Y tambi\u00e9n conduce una red de redes de comunicaci\u00f3n pol\u00edtica llamada Mueve Argentina y Mueve Am\u00e9rica latina.<\/p>\n<p>Se inici\u00f3 en medios de comunicaci\u00f3n populares, diarios comunitarios, radios de baja potencia y televisoras locales. Colabor\u00f3 en programas de investigaci\u00f3n y an\u00e1lisis de medios en Am\u00e9rica TV, Canal 9, Telef\u00e9, Canal 13 y C5N. Tambi\u00e9n en varias radios de la ciudad de Buenos Aires. Trabaj\u00f3 tambi\u00e9n en varios medios gr\u00e1ficos, como P\u00e1gina 12, Cr\u00edtica, Revista 23, Perfil Diario<br \/>\ny Tiempo Argentino, entre otros.<\/p>\n<p>Escribi\u00f3 la Biograf\u00eda no autorizada del empresario de medios Daniel Hadad, actual titular de<br \/>\nInfobae. Fue miembro de conducci\u00f3n del gremio de los Trabajadores de Prensa de Buenos Aires durante 15 a\u00f1os desde donde particip\u00f3 en las luchas por derogar la ley de medios de la<br \/>\ndictadura y forjar una Ley de Servicios de Comunicaci\u00f3n plural, participativa y democr\u00e1tica.[\/vc_column_text][\/vc_column][\/vc_row]<\/p>\n<\/div>","protected":false},"excerpt":{"rendered":"<p>[vc_row][vc_column width=\u00bb1\/2&#8243;][vc_single_image image=\u00bb2010&#8243; img_size=\u00bbmedium\u00bb alignment=\u00bbcenter\u00bb][\/vc_column][vc_column width=\u00bb1\/2&#8243;][vc_column_text]Javier El Profe Romero es periodista, analista pol\u00edtico y docente especialista en nuevas tecnolog\u00edas de la informaci\u00f3n y la comunicaci\u00f3n. Dirige El Diario de Mor\u00f3n desde 1989 que es cabecera de una red de diarios locales. Tambi\u00e9n es director del sitio EnOrsai.com Actualmente trabaja en El Destape Radio, conduce el programa Detr\u00e1s de las noticias [&hellip;]<\/p>\n","protected":false},"author":1,"featured_media":0,"parent":0,"menu_order":0,"comment_status":"closed","ping_status":"closed","template":"","meta":{"_uag_custom_page_level_css":"","_monsterinsights_skip_tracking":false,"_monsterinsights_sitenote_active":false,"_monsterinsights_sitenote_note":"","_monsterinsights_sitenote_category":0,"footnotes":""},"class_list":["post-2012","page","type-page","status-publish","hentry"],"aioseo_notices":[],"uagb_featured_image_src":{"full":false,"thumbnail":false,"medium":false,"medium_large":false,"large":false,"1536x1536":false,"2048x2048":false,"post-thumbnail":false,"kleo-full-width":false,"kleo-post-gallery":false,"kleo-post-grid":false,"kleo-post-small-thumb":false},"uagb_author_info":{"display_name":"Sociedades Digitales","author_link":"https:\/\/sociedadesdigitales.org\/web\/author\/sociedades-digitales\/"},"uagb_comment_info":0,"uagb_excerpt":"[vc_row][vc_column width=\u00bb1\/2&#8243;][vc_single_image image=\u00bb2010&#8243; img_size=\u00bbmedium\u00bb alignment=\u00bbcenter\u00bb][\/vc_column][vc_column width=\u00bb1\/2&#8243;][vc_column_text]Javier El Profe Romero es periodista, analista pol\u00edtico y docente especialista en nuevas tecnolog\u00edas de la informaci\u00f3n y la comunicaci\u00f3n. Dirige El Diario de Mor\u00f3n desde 1989 que es cabecera de una red de diarios locales. Tambi\u00e9n es director del sitio EnOrsai.com Actualmente trabaja en El Destape Radio, conduce el&hellip;","_links":{"self":[{"href":"https:\/\/sociedadesdigitales.org\/web\/wp-json\/wp\/v2\/pages\/2012","targetHints":{"allow":["GET"]}}],"collection":[{"href":"https:\/\/sociedadesdigitales.org\/web\/wp-json\/wp\/v2\/pages"}],"about":[{"href":"https:\/\/sociedadesdigitales.org\/web\/wp-json\/wp\/v2\/types\/page"}],"author":[{"embeddable":true,"href":"https:\/\/sociedadesdigitales.org\/web\/wp-json\/wp\/v2\/users\/1"}],"replies":[{"embeddable":true,"href":"https:\/\/sociedadesdigitales.org\/web\/wp-json\/wp\/v2\/comments?post=2012"}],"version-history":[{"count":2,"href":"https:\/\/sociedadesdigitales.org\/web\/wp-json\/wp\/v2\/pages\/2012\/revisions"}],"predecessor-version":[{"id":2014,"href":"https:\/\/sociedadesdigitales.org\/web\/wp-json\/wp\/v2\/pages\/2012\/revisions\/2014"}],"wp:attachment":[{"href":"https:\/\/sociedadesdigitales.org\/web\/wp-json\/wp\/v2\/media?parent=2012"}],"curies":[{"name":"wp","href":"https:\/\/api.w.org\/{rel}","templated":true}]}}