{"id":1947,"date":"2024-04-14T19:25:57","date_gmt":"2024-04-14T22:25:57","guid":{"rendered":"https:\/\/sociedadesdigitales.org\/web\/?page_id=1947"},"modified":"2024-04-14T19:26:04","modified_gmt":"2024-04-14T22:26:04","slug":"rodrigo-ruete","status":"publish","type":"page","link":"https:\/\/sociedadesdigitales.org\/web\/rodrigo-ruete\/","title":{"rendered":"Rodrigo Ruete"},"content":{"rendered":"<div class=\"wpb-content-wrapper\"><p>[vc_row][vc_column width=\u00bb1\/2&#8243;][vc_single_image image=\u00bb1949&#8243; img_size=\u00bbmedium\u00bb alignment=\u00bbcenter\u00bb][\/vc_column][vc_column width=\u00bb1\/2&#8243;][vc_column_text]Licenciado en Ciencias Pol\u00edticas (UCA), Master en Acci\u00f3n Pol\u00edtica y Participaci\u00f3n Ciudadana (UFV \u2013 URJC) Profesor de la Universidad Nacional de Hurlingham, ISALUD, UNAB. Fue Secretario General de la ANSES, Concejal de Ca\u00f1uelas, Subsecretario de Relaciones institucionales del Ministerio de Econom\u00eda de la Naci\u00f3n, Director de Papel Prensa y Director de Banco Hipotecario.[\/vc_column_text][\/vc_column][\/vc_row]<\/p>\n<\/div>","protected":false},"excerpt":{"rendered":"<p>[vc_row][vc_column width=\u00bb1\/2&#8243;][vc_single_image image=\u00bb1949&#8243; img_size=\u00bbmedium\u00bb alignment=\u00bbcenter\u00bb][\/vc_column][vc_column width=\u00bb1\/2&#8243;][vc_column_text]Licenciado en Ciencias Pol\u00edticas (UCA), Master en Acci\u00f3n Pol\u00edtica y Participaci\u00f3n Ciudadana (UFV \u2013 URJC) Profesor de la Universidad Nacional de Hurlingham, ISALUD, UNAB. Fue Secretario General de la ANSES, Concejal de Ca\u00f1uelas, Subsecretario de Relaciones institucionales del Ministerio de Econom\u00eda de la Naci\u00f3n, Director de Papel Prensa y Director de Banco Hipotecario.[\/vc_column_text][\/vc_column][\/vc_row]<\/p>\n","protected":false},"author":1,"featured_media":0,"parent":0,"menu_order":0,"comment_status":"closed","ping_status":"closed","template":"","meta":{"_uag_custom_page_level_css":"","_monsterinsights_skip_tracking":false,"_monsterinsights_sitenote_active":false,"_monsterinsights_sitenote_note":"","_monsterinsights_sitenote_category":0,"footnotes":""},"class_list":["post-1947","page","type-page","status-publish","hentry"],"aioseo_notices":[],"uagb_featured_image_src":{"full":false,"thumbnail":false,"medium":false,"medium_large":false,"large":false,"1536x1536":false,"2048x2048":false,"post-thumbnail":false,"kleo-full-width":false,"kleo-post-gallery":false,"kleo-post-grid":false,"kleo-post-small-thumb":false},"uagb_author_info":{"display_name":"Sociedades Digitales","author_link":"https:\/\/sociedadesdigitales.org\/web\/author\/sociedades-digitales\/"},"uagb_comment_info":0,"uagb_excerpt":"[vc_row][vc_column width=\u00bb1\/2&#8243;][vc_single_image image=\u00bb1949&#8243; img_size=\u00bbmedium\u00bb alignment=\u00bbcenter\u00bb][\/vc_column][vc_column width=\u00bb1\/2&#8243;][vc_column_text]Licenciado en Ciencias Pol\u00edticas (UCA), Master en Acci\u00f3n Pol\u00edtica y Participaci\u00f3n Ciudadana (UFV \u2013 URJC) Profesor de la Universidad Nacional de Hurlingham, ISALUD, UNAB. Fue Secretario General de la ANSES, Concejal de Ca\u00f1uelas, Subsecretario de Relaciones institucionales del Ministerio de Econom\u00eda de la Naci\u00f3n, Director de Papel Prensa y Director&hellip;","_links":{"self":[{"href":"https:\/\/sociedadesdigitales.org\/web\/wp-json\/wp\/v2\/pages\/1947","targetHints":{"allow":["GET"]}}],"collection":[{"href":"https:\/\/sociedadesdigitales.org\/web\/wp-json\/wp\/v2\/pages"}],"about":[{"href":"https:\/\/sociedadesdigitales.org\/web\/wp-json\/wp\/v2\/types\/page"}],"author":[{"embeddable":true,"href":"https:\/\/sociedadesdigitales.org\/web\/wp-json\/wp\/v2\/users\/1"}],"replies":[{"embeddable":true,"href":"https:\/\/sociedadesdigitales.org\/web\/wp-json\/wp\/v2\/comments?post=1947"}],"version-history":[{"count":2,"href":"https:\/\/sociedadesdigitales.org\/web\/wp-json\/wp\/v2\/pages\/1947\/revisions"}],"predecessor-version":[{"id":1950,"href":"https:\/\/sociedadesdigitales.org\/web\/wp-json\/wp\/v2\/pages\/1947\/revisions\/1950"}],"wp:attachment":[{"href":"https:\/\/sociedadesdigitales.org\/web\/wp-json\/wp\/v2\/media?parent=1947"}],"curies":[{"name":"wp","href":"https:\/\/api.w.org\/{rel}","templated":true}]}}