{"id":1825,"date":"2024-04-13T00:22:15","date_gmt":"2024-04-13T03:22:15","guid":{"rendered":"https:\/\/sociedadesdigitales.org\/web\/?page_id=1825"},"modified":"2024-06-05T23:38:20","modified_gmt":"2024-06-06T02:38:20","slug":"matias-dalla-fontana","status":"publish","type":"page","link":"https:\/\/sociedadesdigitales.org\/web\/matias-dalla-fontana\/","title":{"rendered":"Lic. Mat\u00edas Dalla Fontana"},"content":{"rendered":"<div class=\"wpb-content-wrapper\"><p>[vc_row][vc_column width=\u00bb1\/2&#8243;][vc_single_image image=\u00bb2253&#8243; img_size=\u00bbmedium\u00bb alignment=\u00bbcenter\u00bb][\/vc_column][vc_column width=\u00bb1\/2&#8243;][vc_column_text]Mat\u00edas Dalla Fontana es psic\u00f3logo, egresado de la U. C. A. Integr\u00f3 el seleccionado nacional de rugby. Es fundador de Proyecto Deporte Solidario, una innovadora organizaci\u00f3n con m\u00e1s de 20 a\u00f1os de trayectoria en prevenci\u00f3n, asistencia y formaci\u00f3n en problemas de salud mental, que incluye programas en contextos tales como barrios vulnerables, c\u00e1rceles y que ha desarrollado dispositivos de tratamiento comunitarios. Ha dictado cursos y talleres en todas las provincias de la Argentina y fue distinguido por su liderazgo por diversos organismos. Fue Subsecretario de Prevenci\u00f3n, Investigaci\u00f3n y Estad\u00edstica de la Naci\u00f3n en Materia de Drogas.[\/vc_column_text][\/vc_column][\/vc_row]<\/p>\n<\/div>","protected":false},"excerpt":{"rendered":"<p>[vc_row][vc_column width=\u00bb1\/2&#8243;][vc_single_image image=\u00bb2253&#8243; img_size=\u00bbmedium\u00bb alignment=\u00bbcenter\u00bb][\/vc_column][vc_column width=\u00bb1\/2&#8243;][vc_column_text]Mat\u00edas Dalla Fontana es psic\u00f3logo, egresado de la U. C. A. Integr\u00f3 el seleccionado nacional de rugby. Es fundador de Proyecto Deporte Solidario, una innovadora organizaci\u00f3n con m\u00e1s de 20 a\u00f1os de trayectoria en prevenci\u00f3n, asistencia y formaci\u00f3n en problemas de salud mental, que incluye programas en contextos tales como barrios vulnerables, c\u00e1rceles y que [&hellip;]<\/p>\n","protected":false},"author":1,"featured_media":0,"parent":0,"menu_order":0,"comment_status":"closed","ping_status":"closed","template":"","meta":{"_uag_custom_page_level_css":"","_monsterinsights_skip_tracking":false,"_monsterinsights_sitenote_active":false,"_monsterinsights_sitenote_note":"","_monsterinsights_sitenote_category":0,"footnotes":""},"class_list":["post-1825","page","type-page","status-publish","hentry"],"aioseo_notices":[],"uagb_featured_image_src":{"full":false,"thumbnail":false,"medium":false,"medium_large":false,"large":false,"1536x1536":false,"2048x2048":false,"post-thumbnail":false,"kleo-full-width":false,"kleo-post-gallery":false,"kleo-post-grid":false,"kleo-post-small-thumb":false},"uagb_author_info":{"display_name":"Sociedades Digitales","author_link":"https:\/\/sociedadesdigitales.org\/web\/author\/sociedades-digitales\/"},"uagb_comment_info":0,"uagb_excerpt":"[vc_row][vc_column width=\u00bb1\/2&#8243;][vc_single_image image=\u00bb2253&#8243; img_size=\u00bbmedium\u00bb alignment=\u00bbcenter\u00bb][\/vc_column][vc_column width=\u00bb1\/2&#8243;][vc_column_text]Mat\u00edas Dalla Fontana es psic\u00f3logo, egresado de la U. C. A. Integr\u00f3 el seleccionado nacional de rugby. Es fundador de Proyecto Deporte Solidario, una innovadora organizaci\u00f3n con m\u00e1s de 20 a\u00f1os de trayectoria en prevenci\u00f3n, asistencia y formaci\u00f3n en problemas de salud mental, que incluye programas en contextos tales como&hellip;","_links":{"self":[{"href":"https:\/\/sociedadesdigitales.org\/web\/wp-json\/wp\/v2\/pages\/1825","targetHints":{"allow":["GET"]}}],"collection":[{"href":"https:\/\/sociedadesdigitales.org\/web\/wp-json\/wp\/v2\/pages"}],"about":[{"href":"https:\/\/sociedadesdigitales.org\/web\/wp-json\/wp\/v2\/types\/page"}],"author":[{"embeddable":true,"href":"https:\/\/sociedadesdigitales.org\/web\/wp-json\/wp\/v2\/users\/1"}],"replies":[{"embeddable":true,"href":"https:\/\/sociedadesdigitales.org\/web\/wp-json\/wp\/v2\/comments?post=1825"}],"version-history":[{"count":4,"href":"https:\/\/sociedadesdigitales.org\/web\/wp-json\/wp\/v2\/pages\/1825\/revisions"}],"predecessor-version":[{"id":2254,"href":"https:\/\/sociedadesdigitales.org\/web\/wp-json\/wp\/v2\/pages\/1825\/revisions\/2254"}],"wp:attachment":[{"href":"https:\/\/sociedadesdigitales.org\/web\/wp-json\/wp\/v2\/media?parent=1825"}],"curies":[{"name":"wp","href":"https:\/\/api.w.org\/{rel}","templated":true}]}}