{"id":1816,"date":"2024-04-13T00:13:51","date_gmt":"2024-04-13T03:13:51","guid":{"rendered":"https:\/\/sociedadesdigitales.org\/web\/?page_id=1816"},"modified":"2024-04-13T00:13:51","modified_gmt":"2024-04-13T03:13:51","slug":"luis-papagni","status":"publish","type":"page","link":"https:\/\/sociedadesdigitales.org\/web\/luis-papagni\/","title":{"rendered":"Luis Papagni"},"content":{"rendered":"<div class=\"wpb-content-wrapper\"><p>[vc_row][vc_column width=\u00bb1\/2&#8243;][vc_single_image image=\u00bb1818&#8243; img_size=\u00bbmedium\u00bb alignment=\u00bbcenter\u00bb][\/vc_column][vc_column width=\u00bb1\/2&#8243;][vc_column_text]Ingeniero en Sistemas de Informaci\u00f3n, con especializaci\u00f3n en Posgrado de Derecho Inform\u00e1tico. Durante los 25 a\u00f1os de experiencia profesional se ha desempe\u00f1ado en variadas funciones tecnol\u00f3gicas, tanto en el ambiente p\u00fablico como privado. La experiencia en el sector p\u00fablico orientado a funciones y roles estrat\u00e9gicos para facilitar la incorporaci\u00f3n de tecnolog\u00eda a las administraciones gubernamentales y mejorar sustancialmente la entrega de servicios al ciudadano, con eje en el desarrollo de pol\u00edticas p\u00fablicas innovadoras.<\/p>\n<p>Extensa trayectoria a nivel nacional y subnacional, en cargos de Subsecretario Nacional, Director Provincial o Director General, con visi\u00f3n estrat\u00e9gica y proyecci\u00f3n de aporte a pa\u00edses de la regi\u00f3n transitando en sus programas de transformaci\u00f3n digital. \u00daltimo cargo como Subsecretario de Innovaci\u00f3n Administrativa de Presidencia de Argentina, impulso el programa de Transformaci\u00f3n Publica Digital, reconocido a nivel regional por la iniciativa de apoyo a provincias y municipios.[\/vc_column_text][\/vc_column][\/vc_row]<\/p>\n<\/div>","protected":false},"excerpt":{"rendered":"<p>[vc_row][vc_column width=\u00bb1\/2&#8243;][vc_single_image image=\u00bb1818&#8243; img_size=\u00bbmedium\u00bb alignment=\u00bbcenter\u00bb][\/vc_column][vc_column width=\u00bb1\/2&#8243;][vc_column_text]Ingeniero en Sistemas de Informaci\u00f3n, con especializaci\u00f3n en Posgrado de Derecho Inform\u00e1tico. Durante los 25 a\u00f1os de experiencia profesional se ha desempe\u00f1ado en variadas funciones tecnol\u00f3gicas, tanto en el ambiente p\u00fablico como privado. La experiencia en el sector p\u00fablico orientado a funciones y roles estrat\u00e9gicos para facilitar la incorporaci\u00f3n de tecnolog\u00eda a las administraciones gubernamentales [&hellip;]<\/p>\n","protected":false},"author":1,"featured_media":0,"parent":0,"menu_order":0,"comment_status":"closed","ping_status":"closed","template":"","meta":{"_uag_custom_page_level_css":"","_monsterinsights_skip_tracking":false,"_monsterinsights_sitenote_active":false,"_monsterinsights_sitenote_note":"","_monsterinsights_sitenote_category":0,"footnotes":""},"class_list":["post-1816","page","type-page","status-publish","hentry"],"aioseo_notices":[],"uagb_featured_image_src":{"full":false,"thumbnail":false,"medium":false,"medium_large":false,"large":false,"1536x1536":false,"2048x2048":false,"post-thumbnail":false,"kleo-full-width":false,"kleo-post-gallery":false,"kleo-post-grid":false,"kleo-post-small-thumb":false},"uagb_author_info":{"display_name":"Sociedades Digitales","author_link":"https:\/\/sociedadesdigitales.org\/web\/author\/sociedades-digitales\/"},"uagb_comment_info":0,"uagb_excerpt":"[vc_row][vc_column width=\u00bb1\/2&#8243;][vc_single_image image=\u00bb1818&#8243; img_size=\u00bbmedium\u00bb alignment=\u00bbcenter\u00bb][\/vc_column][vc_column width=\u00bb1\/2&#8243;][vc_column_text]Ingeniero en Sistemas de Informaci\u00f3n, con especializaci\u00f3n en Posgrado de Derecho Inform\u00e1tico. Durante los 25 a\u00f1os de experiencia profesional se ha desempe\u00f1ado en variadas funciones tecnol\u00f3gicas, tanto en el ambiente p\u00fablico como privado. La experiencia en el sector p\u00fablico orientado a funciones y roles estrat\u00e9gicos para facilitar la incorporaci\u00f3n de&hellip;","_links":{"self":[{"href":"https:\/\/sociedadesdigitales.org\/web\/wp-json\/wp\/v2\/pages\/1816","targetHints":{"allow":["GET"]}}],"collection":[{"href":"https:\/\/sociedadesdigitales.org\/web\/wp-json\/wp\/v2\/pages"}],"about":[{"href":"https:\/\/sociedadesdigitales.org\/web\/wp-json\/wp\/v2\/types\/page"}],"author":[{"embeddable":true,"href":"https:\/\/sociedadesdigitales.org\/web\/wp-json\/wp\/v2\/users\/1"}],"replies":[{"embeddable":true,"href":"https:\/\/sociedadesdigitales.org\/web\/wp-json\/wp\/v2\/comments?post=1816"}],"version-history":[{"count":2,"href":"https:\/\/sociedadesdigitales.org\/web\/wp-json\/wp\/v2\/pages\/1816\/revisions"}],"predecessor-version":[{"id":1819,"href":"https:\/\/sociedadesdigitales.org\/web\/wp-json\/wp\/v2\/pages\/1816\/revisions\/1819"}],"wp:attachment":[{"href":"https:\/\/sociedadesdigitales.org\/web\/wp-json\/wp\/v2\/media?parent=1816"}],"curies":[{"name":"wp","href":"https:\/\/api.w.org\/{rel}","templated":true}]}}