{"id":1811,"date":"2024-04-13T00:02:30","date_gmt":"2024-04-13T03:02:30","guid":{"rendered":"https:\/\/sociedadesdigitales.org\/web\/?page_id=1811"},"modified":"2025-12-18T20:32:26","modified_gmt":"2025-12-18T23:32:26","slug":"javier-noguera","status":"publish","type":"page","link":"https:\/\/sociedadesdigitales.org\/web\/javier-noguera\/","title":{"rendered":"Javier Noguera"},"content":{"rendered":"<div class=\"wpb-content-wrapper\"><p>[vc_row][vc_column width=\u00bb1\/2&#8243;][vc_single_image image=\u00bb1813&#8243; img_size=\u00bbmedium\u00bb alignment=\u00bbcenter\u00bb][\/vc_column][vc_column width=\u00bb1\/2&#8243;][vc_column_text]Mariano Javier Noguera (Taf\u00ed Viejo, 3 de agosto de 1970) es un periodista, abogado y pol\u00edtico argentino. Actualmente es Diputado Nacional por la provincia de Tucum\u00e1n desde 2025.<\/p>\n<p>Desde el 31 de octubre de 2015 al 31 de octubre de 2023, fue intendente de la ciudad de Taf\u00ed Viejo, en la provincia de Tucum\u00e1n, cargo para el que fue reelegido el 9 de junio de 2019 con el 52% de los votos. \u200bActualmente es diputado provincial y preside la Comisi\u00f3n de Medioambiente.[\/vc_column_text][\/vc_column][\/vc_row]<\/p>\n<\/div>","protected":false},"excerpt":{"rendered":"<p>[vc_row][vc_column width=\u00bb1\/2&#8243;][vc_single_image image=\u00bb1813&#8243; img_size=\u00bbmedium\u00bb alignment=\u00bbcenter\u00bb][\/vc_column][vc_column width=\u00bb1\/2&#8243;][vc_column_text]Mariano Javier Noguera (Taf\u00ed Viejo, 3 de agosto de 1970) es un periodista, abogado y pol\u00edtico argentino. Actualmente es Diputado Nacional por la provincia de Tucum\u00e1n desde 2025. Desde el 31 de octubre de 2015 al 31 de octubre de 2023, fue intendente de la ciudad de Taf\u00ed Viejo, en la provincia de Tucum\u00e1n, cargo [&hellip;]<\/p>\n","protected":false},"author":1,"featured_media":0,"parent":0,"menu_order":0,"comment_status":"closed","ping_status":"closed","template":"","meta":{"_uag_custom_page_level_css":"","_monsterinsights_skip_tracking":false,"_monsterinsights_sitenote_active":false,"_monsterinsights_sitenote_note":"","_monsterinsights_sitenote_category":0,"footnotes":""},"class_list":["post-1811","page","type-page","status-publish","hentry"],"aioseo_notices":[],"uagb_featured_image_src":{"full":false,"thumbnail":false,"medium":false,"medium_large":false,"large":false,"1536x1536":false,"2048x2048":false,"post-thumbnail":false,"kleo-full-width":false,"kleo-post-gallery":false,"kleo-post-grid":false,"kleo-post-small-thumb":false},"uagb_author_info":{"display_name":"Sociedades Digitales","author_link":"https:\/\/sociedadesdigitales.org\/web\/author\/sociedades-digitales\/"},"uagb_comment_info":0,"uagb_excerpt":"[vc_row][vc_column width=\u00bb1\/2&#8243;][vc_single_image image=\u00bb1813&#8243; img_size=\u00bbmedium\u00bb alignment=\u00bbcenter\u00bb][\/vc_column][vc_column width=\u00bb1\/2&#8243;][vc_column_text]Mariano Javier Noguera (Taf\u00ed Viejo, 3 de agosto de 1970) es un periodista, abogado y pol\u00edtico argentino. Actualmente es Diputado Nacional por la provincia de Tucum\u00e1n desde 2025. Desde el 31 de octubre de 2015 al 31 de octubre de 2023, fue intendente de la ciudad de Taf\u00ed Viejo, en&hellip;","_links":{"self":[{"href":"https:\/\/sociedadesdigitales.org\/web\/wp-json\/wp\/v2\/pages\/1811","targetHints":{"allow":["GET"]}}],"collection":[{"href":"https:\/\/sociedadesdigitales.org\/web\/wp-json\/wp\/v2\/pages"}],"about":[{"href":"https:\/\/sociedadesdigitales.org\/web\/wp-json\/wp\/v2\/types\/page"}],"author":[{"embeddable":true,"href":"https:\/\/sociedadesdigitales.org\/web\/wp-json\/wp\/v2\/users\/1"}],"replies":[{"embeddable":true,"href":"https:\/\/sociedadesdigitales.org\/web\/wp-json\/wp\/v2\/comments?post=1811"}],"version-history":[{"count":3,"href":"https:\/\/sociedadesdigitales.org\/web\/wp-json\/wp\/v2\/pages\/1811\/revisions"}],"predecessor-version":[{"id":3268,"href":"https:\/\/sociedadesdigitales.org\/web\/wp-json\/wp\/v2\/pages\/1811\/revisions\/3268"}],"wp:attachment":[{"href":"https:\/\/sociedadesdigitales.org\/web\/wp-json\/wp\/v2\/media?parent=1811"}],"curies":[{"name":"wp","href":"https:\/\/api.w.org\/{rel}","templated":true}]}}