{"id":1773,"date":"2024-04-12T22:07:20","date_gmt":"2024-04-13T01:07:20","guid":{"rendered":"https:\/\/sociedadesdigitales.org\/web\/?page_id=1773"},"modified":"2024-04-12T22:07:20","modified_gmt":"2024-04-13T01:07:20","slug":"sergio-paoletti","status":"publish","type":"page","link":"https:\/\/sociedadesdigitales.org\/web\/sergio-paoletti\/","title":{"rendered":"Sergio Paoletti"},"content":{"rendered":"<div class=\"wpb-content-wrapper\"><p>[vc_row][vc_column width=\u00bb1\/2&#8243;][vc_single_image image=\u00bb1775&#8243; img_size=\u00bbmedium\u00bb alignment=\u00bbcenter\u00bb][\/vc_column][vc_column width=\u00bb1\/2&#8243;][vc_column_text]Sergio Paoletti coordina la secci\u00f3n de Audio y M\u00fasica en LAIA &#8211; Laboratorio Abierto de Inteligencia Artificial &#8211; , una ONG que nuclea a profesionales de distintas \u00e1reas para explorar los posibles alcances de la IA en nuestro territorio. Es T\u00e9cnico Superior en Sonido y est\u00e1 dedicado a la grabaci\u00f3n, mezcla y producci\u00f3n musical desde hace m\u00e1s de 20 a\u00f1os.<\/p>\n<p>Sergio dict\u00f3 talleres y organiz\u00f3 encuentros entre profesionales de la industria y artistas con el objetivo de democratizar el acceso a la IA. En estos espacios, la propuesta es siempre entender a estas nuevas herramientas como asistentes y compa\u00f1eras en las tareas t\u00e9cnicas y creativas de la producci\u00f3n musical.<\/p>\n<p>Actualmente se encuentra trabajando en el entrenamiento de un modelo de IA generativa desde la secci\u00f3n Audio y Musica de LAIA. El objetivo de este proyecto es incluir instrumentos y g\u00e9neros musicales propios de nuestra regi\u00f3n en un modelo texto a audio.[\/vc_column_text][\/vc_column][\/vc_row]<\/p>\n<\/div>","protected":false},"excerpt":{"rendered":"<p>[vc_row][vc_column width=\u00bb1\/2&#8243;][vc_single_image image=\u00bb1775&#8243; img_size=\u00bbmedium\u00bb alignment=\u00bbcenter\u00bb][\/vc_column][vc_column width=\u00bb1\/2&#8243;][vc_column_text]Sergio Paoletti coordina la secci\u00f3n de Audio y M\u00fasica en LAIA &#8211; Laboratorio Abierto de Inteligencia Artificial &#8211; , una ONG que nuclea a profesionales de distintas \u00e1reas para explorar los posibles alcances de la IA en nuestro territorio. Es T\u00e9cnico Superior en Sonido y est\u00e1 dedicado a la grabaci\u00f3n, mezcla y producci\u00f3n musical desde [&hellip;]<\/p>\n","protected":false},"author":1,"featured_media":0,"parent":0,"menu_order":0,"comment_status":"closed","ping_status":"closed","template":"","meta":{"_uag_custom_page_level_css":"","_monsterinsights_skip_tracking":false,"_monsterinsights_sitenote_active":false,"_monsterinsights_sitenote_note":"","_monsterinsights_sitenote_category":0,"footnotes":""},"class_list":["post-1773","page","type-page","status-publish","hentry"],"aioseo_notices":[],"uagb_featured_image_src":{"full":false,"thumbnail":false,"medium":false,"medium_large":false,"large":false,"1536x1536":false,"2048x2048":false,"post-thumbnail":false,"kleo-full-width":false,"kleo-post-gallery":false,"kleo-post-grid":false,"kleo-post-small-thumb":false},"uagb_author_info":{"display_name":"Sociedades Digitales","author_link":"https:\/\/sociedadesdigitales.org\/web\/author\/sociedades-digitales\/"},"uagb_comment_info":0,"uagb_excerpt":"[vc_row][vc_column width=\u00bb1\/2&#8243;][vc_single_image image=\u00bb1775&#8243; img_size=\u00bbmedium\u00bb alignment=\u00bbcenter\u00bb][\/vc_column][vc_column width=\u00bb1\/2&#8243;][vc_column_text]Sergio Paoletti coordina la secci\u00f3n de Audio y M\u00fasica en LAIA &#8211; Laboratorio Abierto de Inteligencia Artificial &#8211; , una ONG que nuclea a profesionales de distintas \u00e1reas para explorar los posibles alcances de la IA en nuestro territorio. Es T\u00e9cnico Superior en Sonido y est\u00e1 dedicado a la grabaci\u00f3n,&hellip;","_links":{"self":[{"href":"https:\/\/sociedadesdigitales.org\/web\/wp-json\/wp\/v2\/pages\/1773","targetHints":{"allow":["GET"]}}],"collection":[{"href":"https:\/\/sociedadesdigitales.org\/web\/wp-json\/wp\/v2\/pages"}],"about":[{"href":"https:\/\/sociedadesdigitales.org\/web\/wp-json\/wp\/v2\/types\/page"}],"author":[{"embeddable":true,"href":"https:\/\/sociedadesdigitales.org\/web\/wp-json\/wp\/v2\/users\/1"}],"replies":[{"embeddable":true,"href":"https:\/\/sociedadesdigitales.org\/web\/wp-json\/wp\/v2\/comments?post=1773"}],"version-history":[{"count":2,"href":"https:\/\/sociedadesdigitales.org\/web\/wp-json\/wp\/v2\/pages\/1773\/revisions"}],"predecessor-version":[{"id":1776,"href":"https:\/\/sociedadesdigitales.org\/web\/wp-json\/wp\/v2\/pages\/1773\/revisions\/1776"}],"wp:attachment":[{"href":"https:\/\/sociedadesdigitales.org\/web\/wp-json\/wp\/v2\/media?parent=1773"}],"curies":[{"name":"wp","href":"https:\/\/api.w.org\/{rel}","templated":true}]}}