{"id":1756,"date":"2024-04-12T21:40:31","date_gmt":"2024-04-13T00:40:31","guid":{"rendered":"https:\/\/sociedadesdigitales.org\/web\/?page_id=1756"},"modified":"2024-04-17T21:23:59","modified_gmt":"2024-04-18T00:23:59","slug":"lucha-roude","status":"publish","type":"page","link":"https:\/\/sociedadesdigitales.org\/web\/lucha-roude\/","title":{"rendered":"Lucha Roude"},"content":{"rendered":"<div class=\"wpb-content-wrapper\"><p>[vc_row][vc_column width=\u00bb1\/2&#8243;][vc_single_image image=\u00bb2183&#8243; img_size=\u00bbmedium\u00bb alignment=\u00bbcenter\u00bb][\/vc_column][vc_column width=\u00bb1\/2&#8243;][vc_column_text]Lucha Roude es Directora, Productora Audiovisual, Creativa Publicitaria y Licenciada en Direcci\u00f3n de Arte Publicitario de la Universidad de Palermo. Tiene una vasta experiencia en el \u00e1mbito audiovisual, en comunicaci\u00f3n corporativa y publicitaria. Adem\u00e1s lleva adelante desarrollos en entornos inmersivos virtuales, en comunicaci\u00f3n accesible y en videomapping. Desde 2004 consolid\u00f3 su carrera profesional y desde 2014 se desempe\u00f1a como coordinadora de medios audiovisuales en RUS Seguros.<br \/>\nComo profesional audiovisual, ha liderando equipos y proyectos de gran escala en el sector empresarial, televisivo y universitario. Se especializ\u00f3 en la comunicaci\u00f3n para personas con discapacidad, siendo pionera en la adaptaci\u00f3n de contenidos para personas con discapacidad, resultando ser la primera en representar a Argentina en la red Iberoamericana Melisa con sede en Universidad de las Islas Baleares. Como directora de arte estuvo al frente de producciones de colecciones de NFT\u00b4s y desarrolla entornos inmersivos para cinem\u00e1ticas publicitarias. Actualmente, co-dirige proyectos audiovisuales con el reconocido director Rub\u00e9n And\u00f3n.[\/vc_column_text][\/vc_column][\/vc_row]<\/p>\n<\/div>","protected":false},"excerpt":{"rendered":"<p>[vc_row][vc_column width=\u00bb1\/2&#8243;][vc_single_image image=\u00bb2183&#8243; img_size=\u00bbmedium\u00bb alignment=\u00bbcenter\u00bb][\/vc_column][vc_column width=\u00bb1\/2&#8243;][vc_column_text]Lucha Roude es Directora, Productora Audiovisual, Creativa Publicitaria y Licenciada en Direcci\u00f3n de Arte Publicitario de la Universidad de Palermo. Tiene una vasta experiencia en el \u00e1mbito audiovisual, en comunicaci\u00f3n corporativa y publicitaria. Adem\u00e1s lleva adelante desarrollos en entornos inmersivos virtuales, en comunicaci\u00f3n accesible y en videomapping. Desde 2004 consolid\u00f3 su carrera profesional y desde [&hellip;]<\/p>\n","protected":false},"author":1,"featured_media":0,"parent":0,"menu_order":0,"comment_status":"closed","ping_status":"closed","template":"","meta":{"_uag_custom_page_level_css":"","_monsterinsights_skip_tracking":false,"_monsterinsights_sitenote_active":false,"_monsterinsights_sitenote_note":"","_monsterinsights_sitenote_category":0,"footnotes":""},"class_list":["post-1756","page","type-page","status-publish","hentry"],"aioseo_notices":[],"uagb_featured_image_src":{"full":false,"thumbnail":false,"medium":false,"medium_large":false,"large":false,"1536x1536":false,"2048x2048":false,"post-thumbnail":false,"kleo-full-width":false,"kleo-post-gallery":false,"kleo-post-grid":false,"kleo-post-small-thumb":false},"uagb_author_info":{"display_name":"Sociedades Digitales","author_link":"https:\/\/sociedadesdigitales.org\/web\/author\/sociedades-digitales\/"},"uagb_comment_info":0,"uagb_excerpt":"[vc_row][vc_column width=\u00bb1\/2&#8243;][vc_single_image image=\u00bb2183&#8243; img_size=\u00bbmedium\u00bb alignment=\u00bbcenter\u00bb][\/vc_column][vc_column width=\u00bb1\/2&#8243;][vc_column_text]Lucha Roude es Directora, Productora Audiovisual, Creativa Publicitaria y Licenciada en Direcci\u00f3n de Arte Publicitario de la Universidad de Palermo. Tiene una vasta experiencia en el \u00e1mbito audiovisual, en comunicaci\u00f3n corporativa y publicitaria. Adem\u00e1s lleva adelante desarrollos en entornos inmersivos virtuales, en comunicaci\u00f3n accesible y en videomapping. Desde 2004 consolid\u00f3&hellip;","_links":{"self":[{"href":"https:\/\/sociedadesdigitales.org\/web\/wp-json\/wp\/v2\/pages\/1756","targetHints":{"allow":["GET"]}}],"collection":[{"href":"https:\/\/sociedadesdigitales.org\/web\/wp-json\/wp\/v2\/pages"}],"about":[{"href":"https:\/\/sociedadesdigitales.org\/web\/wp-json\/wp\/v2\/types\/page"}],"author":[{"embeddable":true,"href":"https:\/\/sociedadesdigitales.org\/web\/wp-json\/wp\/v2\/users\/1"}],"replies":[{"embeddable":true,"href":"https:\/\/sociedadesdigitales.org\/web\/wp-json\/wp\/v2\/comments?post=1756"}],"version-history":[{"count":4,"href":"https:\/\/sociedadesdigitales.org\/web\/wp-json\/wp\/v2\/pages\/1756\/revisions"}],"predecessor-version":[{"id":2184,"href":"https:\/\/sociedadesdigitales.org\/web\/wp-json\/wp\/v2\/pages\/1756\/revisions\/2184"}],"wp:attachment":[{"href":"https:\/\/sociedadesdigitales.org\/web\/wp-json\/wp\/v2\/media?parent=1756"}],"curies":[{"name":"wp","href":"https:\/\/api.w.org\/{rel}","templated":true}]}}