{"id":1737,"date":"2024-04-12T20:50:55","date_gmt":"2024-04-12T23:50:55","guid":{"rendered":"https:\/\/sociedadesdigitales.org\/web\/?page_id=1737"},"modified":"2024-04-12T21:50:01","modified_gmt":"2024-04-13T00:50:01","slug":"mario-adaro","status":"publish","type":"page","link":"https:\/\/sociedadesdigitales.org\/web\/mario-adaro\/","title":{"rendered":"Mario Adaro"},"content":{"rendered":"<div class=\"wpb-content-wrapper\"><p>[vc_row][vc_column width=\u00bb1\/2&#8243;][vc_single_image image=\u00bb1762&#8243; img_size=\u00bbmedium\u00bb alignment=\u00bbcenter\u00bb][\/vc_column][vc_column width=\u00bb1\/2&#8243;][vc_column_text]Mario Daniel Adaro. Abogado, Mag\u00edster en Derecho Digital y Nuevas Tecnolog\u00edas por la Universidad de Salamanca, Espa\u00f1a; Mag\u00edster en Derecho y Magistratura Judicial, por la Universidad Austral y Especialista en Derecho Laboral de la Universidad Nacional de Cuyo; Legal Project Practitioner 2020-2025 (International Institute of Legal Project Management). Embajador del Hex\u00e1gono de Innovaci\u00f3n P\u00fablica-FellowHIP (LAAB, Gobierno de Arag\u00f3n-SEGIB).<\/p>\n<p>Presidente del Instituto de Innovaci\u00f3n, Tecnolog\u00eda y Justicia (IFITEJ) de la Junta Federal de Cortes y Superiores Tribunales de las Provincias Argentinas y Ciudad Aut\u00f3noma de Buenos Aires (JUFEJUS), Director Acad\u00e9mico de la Diplomatura en Innovaci\u00f3n y Gesti\u00f3n Judicial Tecnol\u00f3gica (para LATAM) -Universidad Champagnat (2021-2022), Director Acad\u00e9mico de la Diplomatura en Cibercrimen y evidencia digital (2020). Universidad Champagnat- Universidad FASTA (Mar del Plata); Director Acad\u00e9mico y docente de la Diplomatura en Derecho Digital y Estado 4.0 y de la Maestr\u00eda en Derecho y Estado Digital de la Universidad Champagnat. Director del Programa Interdisciplinario Transformaci\u00f3n Digital e Inteligencia Artificial en la Justicia. Facultad de Derecho Universidad Nacional de Buenos Aires.<\/p>\n<p>Docente del Programa de Actualizaci\u00f3n Inteligencia Artificial y Derecho; y del Programa Interdisciplinario en Inteligencia Artificial y G\u00e9nero. Facultad de Derecho, UBA-IALab.; Docente Universidad Austral- Facultad de Derecho, Maestr\u00eda en Magistratura y Derecho Judicial (2022), Docente-<br \/>\nUniversidad Tecnol\u00f3gica Nacional. Regional Mendoza, c\u00e1tedra Gobierno Digital e Innovaci\u00f3n, Departamento de Ingenier\u00eda en Sistema de Informaci\u00f3n (2022). Integrante de diversos jurados de evaluaci\u00f3n.<\/p>\n<p>Coordinador de la Comisi\u00f3n Especial Inteligencia Artificial. Reglas y principios \u00e9ticos. Cumbre de Inteligencia Artificial de Am\u00e9rica Latina 2020, Estados Unidos, Banco Interamericano de Desarrollo, Instituto Tecnol\u00f3gico de Massachusetts, Laboratorio de Innovaci\u00f3n e Inteligencia Artificial de la Facultad de Derecho de la Universidad de Buenos Aires, Organizaci\u00f3n de las Naciones Unidas para la Educaci\u00f3n, Ciencia y Cultura, Rimac Seguros y Reaseguros.<\/p>\n<p>Ministro de la Suprema Corte de Justicia de Mendoza desde mayo de 2011, habi\u00e9ndose desempe\u00f1ado en varios \u00e1mbitos de la funci\u00f3n p\u00fablica.<\/p>\n<p>Ha realizado publicaciones propias y en colaboraci\u00f3n, siendo las m\u00e1s recientes \u201cLa innovaci\u00f3n tecnol\u00f3gica, el gran desaf\u00edo de la justicia\u201d, suplemento la Ley, febrero de 2021; \u201cLas presentaciones electr\u00f3nicas en el marco de los procesos judiciales. Del proceso electr\u00f3nico al proceso digital de datos\u201d Edit. El Dial, marzo 2021, \u201cCiber-\u00e9tica y la necesidad de un ecosistema de gobernanza digital\u201d, en Corval\u00e1n Juan, Tratado de Inteligencia Artificial y Derecho, T-1, abril 2021.<\/p>\n<p>Expositor en Congresos, Seminarios, Jornadas nacionales e internacionales.[\/vc_column_text][\/vc_column][\/vc_row]<\/p>\n<\/div>","protected":false},"excerpt":{"rendered":"<p>[vc_row][vc_column width=\u00bb1\/2&#8243;][vc_single_image image=\u00bb1762&#8243; img_size=\u00bbmedium\u00bb alignment=\u00bbcenter\u00bb][\/vc_column][vc_column width=\u00bb1\/2&#8243;][vc_column_text]Mario Daniel Adaro. Abogado, Mag\u00edster en Derecho Digital y Nuevas Tecnolog\u00edas por la Universidad de Salamanca, Espa\u00f1a; Mag\u00edster en Derecho y Magistratura Judicial, por la Universidad Austral y Especialista en Derecho Laboral de la Universidad Nacional de Cuyo; Legal Project Practitioner 2020-2025 (International Institute of Legal Project Management). Embajador del Hex\u00e1gono de Innovaci\u00f3n P\u00fablica-FellowHIP (LAAB, [&hellip;]<\/p>\n","protected":false},"author":1,"featured_media":0,"parent":0,"menu_order":0,"comment_status":"closed","ping_status":"closed","template":"","meta":{"_uag_custom_page_level_css":"","_monsterinsights_skip_tracking":false,"_monsterinsights_sitenote_active":false,"_monsterinsights_sitenote_note":"","_monsterinsights_sitenote_category":0,"footnotes":""},"class_list":["post-1737","page","type-page","status-publish","hentry"],"aioseo_notices":[],"uagb_featured_image_src":{"full":false,"thumbnail":false,"medium":false,"medium_large":false,"large":false,"1536x1536":false,"2048x2048":false,"post-thumbnail":false,"kleo-full-width":false,"kleo-post-gallery":false,"kleo-post-grid":false,"kleo-post-small-thumb":false},"uagb_author_info":{"display_name":"Sociedades Digitales","author_link":"https:\/\/sociedadesdigitales.org\/web\/author\/sociedades-digitales\/"},"uagb_comment_info":0,"uagb_excerpt":"[vc_row][vc_column width=\u00bb1\/2&#8243;][vc_single_image image=\u00bb1762&#8243; img_size=\u00bbmedium\u00bb alignment=\u00bbcenter\u00bb][\/vc_column][vc_column width=\u00bb1\/2&#8243;][vc_column_text]Mario Daniel Adaro. Abogado, Mag\u00edster en Derecho Digital y Nuevas Tecnolog\u00edas por la Universidad de Salamanca, Espa\u00f1a; Mag\u00edster en Derecho y Magistratura Judicial, por la Universidad Austral y Especialista en Derecho Laboral de la Universidad Nacional de Cuyo; Legal Project Practitioner 2020-2025 (International Institute of Legal Project Management). Embajador del&hellip;","_links":{"self":[{"href":"https:\/\/sociedadesdigitales.org\/web\/wp-json\/wp\/v2\/pages\/1737","targetHints":{"allow":["GET"]}}],"collection":[{"href":"https:\/\/sociedadesdigitales.org\/web\/wp-json\/wp\/v2\/pages"}],"about":[{"href":"https:\/\/sociedadesdigitales.org\/web\/wp-json\/wp\/v2\/types\/page"}],"author":[{"embeddable":true,"href":"https:\/\/sociedadesdigitales.org\/web\/wp-json\/wp\/v2\/users\/1"}],"replies":[{"embeddable":true,"href":"https:\/\/sociedadesdigitales.org\/web\/wp-json\/wp\/v2\/comments?post=1737"}],"version-history":[{"count":3,"href":"https:\/\/sociedadesdigitales.org\/web\/wp-json\/wp\/v2\/pages\/1737\/revisions"}],"predecessor-version":[{"id":1763,"href":"https:\/\/sociedadesdigitales.org\/web\/wp-json\/wp\/v2\/pages\/1737\/revisions\/1763"}],"wp:attachment":[{"href":"https:\/\/sociedadesdigitales.org\/web\/wp-json\/wp\/v2\/media?parent=1737"}],"curies":[{"name":"wp","href":"https:\/\/api.w.org\/{rel}","templated":true}]}}