{"id":1720,"date":"2024-04-12T20:07:57","date_gmt":"2024-04-12T23:07:57","guid":{"rendered":"https:\/\/sociedadesdigitales.org\/web\/?page_id=1720"},"modified":"2024-04-12T20:12:01","modified_gmt":"2024-04-12T23:12:01","slug":"carolina-moises","status":"publish","type":"page","link":"https:\/\/sociedadesdigitales.org\/web\/carolina-moises\/","title":{"rendered":"Carolina Mois\u00e9s"},"content":{"rendered":"<div class=\"wpb-content-wrapper\"><p>[vc_row][vc_column width=\u00bb1\/2&#8243;][vc_single_image image=\u00bb1716&#8243; img_size=\u00bbmedium\u00bb alignment=\u00bbcenter\u00bb][\/vc_column][vc_column width=\u00bb1\/2&#8243;][vc_column_text]Carolina Mois\u00e9s es Lic. en Ciencia Pol\u00edtica recibida de la Universidad de Belgrano. Actualmente es Senadora de la Naci\u00f3n por la Provincia de Jujuy y Presidenta del Club Sociedad Tiro y Gimnasia en San Pedro de Jujuy. Desde el 10 de Diciembre de 2019 al 2023 se desempe\u00f1\u00f3 como Diputada Nacional por Jujuy, dentro del Frente de Todos, con roles protag\u00f3nicos en defensa de leyes de alto impacto social como la Ley de Interrupci\u00f3n Voluntaria del Embarazo. Del 2005 al 2009 tuvo su primer mandato como Diputada Nacional, siendo una de las diputadas con mayor impacto por su defensa a la Ley de Medios. Ha sido dos veces Diputada Provincial en Jujuy, representando al peronismo presidiendo comisiones de gran relevancia para el desarrollo juje\u00f1o como la de Educaci\u00f3n y Cultura; Pueblos. Tambi\u00e9n se ha desempe\u00f1ado como secretaria de estado durante los a\u00f1os 2013 a 2015 en la Secretaria de Relaciones Internacionales e Integraci\u00f3n Regional, con un programa para el desarrollo econ\u00f3mico provincial con salida al mundo a trav\u00e9s del corredor bioce\u00e1nico, siendo Jujuy protagonista en los m\u00e1s diversos escenarios internacionales.<\/p>\n<p>Carolina Mois\u00e9s desempe\u00f1a una ardua tarea social, acercando a la Capital Argentina las necesidades del pueblo juje\u00f1o. Su gran conocimiento del territorio juje\u00f1os con su mas de 60 localidades y una variada cultura e idiosincrasia resalta su proyecto de provincia desde las distintas culturas y desarrollos productivos.<\/p>\n<p>Es miembro activo del PJ Digital, que la lleva a ser una de las pol\u00edticas con mas actividad en el escenario de las nuevas tecnolog\u00edas, llevando siempre un paso m\u00e1s all\u00e1 a la pol\u00edtica tradicional.<\/p>\n<p>Habla ingl\u00e9s y tiene un gran n\u00famero de congresos y perfeccionamiento en materia de gobernanza, incluso pertenece a la FURP como becaria.[\/vc_column_text][\/vc_column][\/vc_row]<\/p>\n<\/div>","protected":false},"excerpt":{"rendered":"<p>[vc_row][vc_column width=\u00bb1\/2&#8243;][vc_single_image image=\u00bb1716&#8243; img_size=\u00bbmedium\u00bb alignment=\u00bbcenter\u00bb][\/vc_column][vc_column width=\u00bb1\/2&#8243;][vc_column_text]Carolina Mois\u00e9s es Lic. en Ciencia Pol\u00edtica recibida de la Universidad de Belgrano. Actualmente es Senadora de la Naci\u00f3n por la Provincia de Jujuy y Presidenta del Club Sociedad Tiro y Gimnasia en San Pedro de Jujuy. Desde el 10 de Diciembre de 2019 al 2023 se desempe\u00f1\u00f3 como Diputada Nacional por Jujuy, dentro del [&hellip;]<\/p>\n","protected":false},"author":1,"featured_media":0,"parent":0,"menu_order":0,"comment_status":"closed","ping_status":"closed","template":"","meta":{"_uag_custom_page_level_css":"","_monsterinsights_skip_tracking":false,"_monsterinsights_sitenote_active":false,"_monsterinsights_sitenote_note":"","_monsterinsights_sitenote_category":0,"footnotes":""},"class_list":["post-1720","page","type-page","status-publish","hentry"],"aioseo_notices":[],"uagb_featured_image_src":{"full":false,"thumbnail":false,"medium":false,"medium_large":false,"large":false,"1536x1536":false,"2048x2048":false,"post-thumbnail":false,"kleo-full-width":false,"kleo-post-gallery":false,"kleo-post-grid":false,"kleo-post-small-thumb":false},"uagb_author_info":{"display_name":"Sociedades Digitales","author_link":"https:\/\/sociedadesdigitales.org\/web\/author\/sociedades-digitales\/"},"uagb_comment_info":0,"uagb_excerpt":"[vc_row][vc_column width=\u00bb1\/2&#8243;][vc_single_image image=\u00bb1716&#8243; img_size=\u00bbmedium\u00bb alignment=\u00bbcenter\u00bb][\/vc_column][vc_column width=\u00bb1\/2&#8243;][vc_column_text]Carolina Mois\u00e9s es Lic. en Ciencia Pol\u00edtica recibida de la Universidad de Belgrano. Actualmente es Senadora de la Naci\u00f3n por la Provincia de Jujuy y Presidenta del Club Sociedad Tiro y Gimnasia en San Pedro de Jujuy. Desde el 10 de Diciembre de 2019 al 2023 se desempe\u00f1\u00f3 como Diputada&hellip;","_links":{"self":[{"href":"https:\/\/sociedadesdigitales.org\/web\/wp-json\/wp\/v2\/pages\/1720","targetHints":{"allow":["GET"]}}],"collection":[{"href":"https:\/\/sociedadesdigitales.org\/web\/wp-json\/wp\/v2\/pages"}],"about":[{"href":"https:\/\/sociedadesdigitales.org\/web\/wp-json\/wp\/v2\/types\/page"}],"author":[{"embeddable":true,"href":"https:\/\/sociedadesdigitales.org\/web\/wp-json\/wp\/v2\/users\/1"}],"replies":[{"embeddable":true,"href":"https:\/\/sociedadesdigitales.org\/web\/wp-json\/wp\/v2\/comments?post=1720"}],"version-history":[{"count":4,"href":"https:\/\/sociedadesdigitales.org\/web\/wp-json\/wp\/v2\/pages\/1720\/revisions"}],"predecessor-version":[{"id":1724,"href":"https:\/\/sociedadesdigitales.org\/web\/wp-json\/wp\/v2\/pages\/1720\/revisions\/1724"}],"wp:attachment":[{"href":"https:\/\/sociedadesdigitales.org\/web\/wp-json\/wp\/v2\/media?parent=1720"}],"curies":[{"name":"wp","href":"https:\/\/api.w.org\/{rel}","templated":true}]}}